{"id":109072,"date":"2025-11-30T20:58:20","date_gmt":"2025-11-30T19:58:20","guid":{"rendered":"https:\/\/nimedixmedical.com\/notre-catalogue\/leve-drap\/"},"modified":"2026-01-12T15:24:25","modified_gmt":"2026-01-12T14:24:25","slug":"leve-drap","status":"publish","type":"product","link":"https:\/\/nimedixmedical.com\/fr\/notre-catalogue\/leve-drap\/","title":{"rendered":"L\u00e8ve Drap"},"content":{"rendered":"<p>Le l\u00e8ve-drap est un \u00e9quipement essentiel dans le milieu m\u00e9dical, con\u00e7u pour faciliter le changement de draps sur les lits d&#8217;h\u00f4pital. Sa conception robuste et fonctionnelle permet d&#8217;optimiser le temps et l&#8217;efficacit\u00e9 du personnel soignant, tout en garantissant le confort des patients.<\/p>\n<h2>Caract\u00e9ristiques<\/h2>\n<ul>\n<li>Mat\u00e9riau : Acier chrom\u00e9, offrant solidit\u00e9 et long\u00e9vit\u00e9.<\/li>\n<li>Conception : D\u00e9montable pour un rangement et un transport ais\u00e9s.<\/li>\n<li>Usage : Sp\u00e9cialement con\u00e7u pour les lits d&#8217;h\u00f4pital et les soins \u00e0 domicile.<\/li>\n<li>Dimensions : Adapt\u00e9 \u00e0 la plupart des lits d&#8217;h\u00f4pital standards.<\/li>\n<\/ul>\n<h2>Livraison<\/h2>\n<ul>\n<li><strong>France :<\/strong> Livraison directe.<\/li>\n<li><strong>Export (Europe et Afrique) :<\/strong> Sur devis.<\/li>\n<\/ul>\n","protected":false},"excerpt":{"rendered":"<ul>\n<li>Facilite le changement de draps pour le personnel m\u00e9dical.<\/li>\n<li>Conception en acier chrom\u00e9 pour une durabilit\u00e9 et une r\u00e9sistance accrues.<\/li>\n<li>Mod\u00e8le d\u00e9montable pour un rangement facile et un transport simplifi\u00e9.<\/li>\n<li>Id\u00e9al pour les \u00e9tablissements de sant\u00e9 et les soins \u00e0 domicile.<\/li>\n<\/ul>\n","protected":false},"featured_media":109073,"comment_status":"open","ping_status":"open","template":"","meta":{"inline_featured_image":false},"product_brand":[],"product_cat":[1135,1129,1093],"product_tag":[],"class_list":{"0":"post-109072","1":"product","2":"type-product","3":"status-publish","4":"has-post-thumbnail","6":"product_cat-lits-dhopital","7":"product_cat-lits-dhopital-matelas-tables-de-chevet-et-mobilier","8":"product_cat-mobilier-medical","10":"first","11":"instock","12":"sale","13":"taxable","14":"shipping-taxable","15":"purchasable","16":"product-type-simple"},"_links":{"self":[{"href":"https:\/\/nimedixmedical.com\/fr\/wp-json\/wp\/v2\/product\/109072","targetHints":{"allow":["GET"]}}],"collection":[{"href":"https:\/\/nimedixmedical.com\/fr\/wp-json\/wp\/v2\/product"}],"about":[{"href":"https:\/\/nimedixmedical.com\/fr\/wp-json\/wp\/v2\/types\/product"}],"replies":[{"embeddable":true,"href":"https:\/\/nimedixmedical.com\/fr\/wp-json\/wp\/v2\/comments?post=109072"}],"wp:featuredmedia":[{"embeddable":true,"href":"https:\/\/nimedixmedical.com\/fr\/wp-json\/wp\/v2\/media\/109073"}],"wp:attachment":[{"href":"https:\/\/nimedixmedical.com\/fr\/wp-json\/wp\/v2\/media?parent=109072"}],"wp:term":[{"taxonomy":"product_brand","embeddable":true,"href":"https:\/\/nimedixmedical.com\/fr\/wp-json\/wp\/v2\/product_brand?post=109072"},{"taxonomy":"product_cat","embeddable":true,"href":"https:\/\/nimedixmedical.com\/fr\/wp-json\/wp\/v2\/product_cat?post=109072"},{"taxonomy":"product_tag","embeddable":true,"href":"https:\/\/nimedixmedical.com\/fr\/wp-json\/wp\/v2\/product_tag?post=109072"}],"curies":[{"name":"wp","href":"https:\/\/api.w.org\/{rel}","templated":true}]}}