{"id":109032,"date":"2025-11-30T20:57:31","date_gmt":"2025-11-30T19:57:31","guid":{"rendered":"https:\/\/nimedixmedical.com\/notre-catalogue\/lit-4-articulations-hauteur-variable-3-cremailleres-sur-roulettes\/"},"modified":"2026-01-12T15:24:14","modified_gmt":"2026-01-12T14:24:14","slug":"lit-4-articulations-hauteur-variable-3-cremailleres-sur-roulettes","status":"publish","type":"product","link":"https:\/\/nimedixmedical.com\/fr\/notre-catalogue\/lit-4-articulations-hauteur-variable-3-cremailleres-sur-roulettes\/","title":{"rendered":"Lit 4 Articulations Hauteur Variable &#8211; 3 Cr\u00e9maill\u00e8res &#8211; sur Roulettes"},"content":{"rendered":"<p>Le lit \u00e0 4 articulations avec hauteur variable est con\u00e7u pour r\u00e9pondre aux exigences des \u00e9tablissements de sant\u00e9. Il offre un confort optimal aux patients tout en facilitant le travail des professionnels de sant\u00e9 gr\u00e2ce \u00e0 ses fonctionnalit\u00e9s pratiques.<\/p>\n<h2>Caract\u00e9ristiques<\/h2>\n<ul>\n<li>Dimensions : 2130 x 995 mm<\/li>\n<li>Hauteur r\u00e9glable : 420 &#8211; 730 mm<\/li>\n<li>Sommier : 1925 x 900 mm en PP, divis\u00e9 en 4 sections<\/li>\n<li>Charge maximale : 200 kg<\/li>\n<li>Mouvement : 3 manivelles pour ajustement du dossier (0-70\u00b0) et des jambes (0-38\u00b0)<\/li>\n<li>Potence \u00e0 s\u00e9rum en acier inoxydable, capacit\u00e9 de charge de 15 kg<\/li>\n<li>Roulettes de 12,7 cm pour une mobilit\u00e9 facilit\u00e9e<\/li>\n<li>Support de protection lat\u00e9ral escamotable avec blocage de s\u00e9curit\u00e9<\/li>\n<\/ul>\n<h2>Livraison<\/h2>\n<ul>\n<li><strong>France :<\/strong> Livraison directe.<\/li>\n<li><strong>Export (Europe et Afrique) :<\/strong> Sur devis.<\/li>\n<\/ul>\n","protected":false},"excerpt":{"rendered":"<ul>\n<li>Usage : Lit hospitalier \u00e0 4 articulations pour un confort optimal des patients.<\/li>\n<li>B\u00e9n\u00e9fice : Hauteur r\u00e9glable pour faciliter l\u2019acc\u00e8s aux soins et les d\u00e9placements.<\/li>\n<li>Conception robuste : Support de protection lat\u00e9ral et retenue de matelas int\u00e9gr\u00e9e pour la s\u00e9curit\u00e9.<\/li>\n<li>Mobilit\u00e9 : \u00c9quip\u00e9 de roulettes, permettant un d\u00e9placement ais\u00e9 dans les \u00e9tablissements de sant\u00e9.<\/li>\n<\/ul>\n","protected":false},"featured_media":109033,"comment_status":"open","ping_status":"open","template":"","meta":{"inline_featured_image":false},"product_brand":[],"product_cat":[1135,1129,1093],"product_tag":[],"class_list":{"0":"post-109032","1":"product","2":"type-product","3":"status-publish","4":"has-post-thumbnail","6":"product_cat-lits-dhopital","7":"product_cat-lits-dhopital-matelas-tables-de-chevet-et-mobilier","8":"product_cat-mobilier-medical","10":"first","11":"instock","12":"sale","13":"taxable","14":"shipping-taxable","15":"purchasable","16":"product-type-simple"},"_links":{"self":[{"href":"https:\/\/nimedixmedical.com\/fr\/wp-json\/wp\/v2\/product\/109032","targetHints":{"allow":["GET"]}}],"collection":[{"href":"https:\/\/nimedixmedical.com\/fr\/wp-json\/wp\/v2\/product"}],"about":[{"href":"https:\/\/nimedixmedical.com\/fr\/wp-json\/wp\/v2\/types\/product"}],"replies":[{"embeddable":true,"href":"https:\/\/nimedixmedical.com\/fr\/wp-json\/wp\/v2\/comments?post=109032"}],"wp:featuredmedia":[{"embeddable":true,"href":"https:\/\/nimedixmedical.com\/fr\/wp-json\/wp\/v2\/media\/109033"}],"wp:attachment":[{"href":"https:\/\/nimedixmedical.com\/fr\/wp-json\/wp\/v2\/media?parent=109032"}],"wp:term":[{"taxonomy":"product_brand","embeddable":true,"href":"https:\/\/nimedixmedical.com\/fr\/wp-json\/wp\/v2\/product_brand?post=109032"},{"taxonomy":"product_cat","embeddable":true,"href":"https:\/\/nimedixmedical.com\/fr\/wp-json\/wp\/v2\/product_cat?post=109032"},{"taxonomy":"product_tag","embeddable":true,"href":"https:\/\/nimedixmedical.com\/fr\/wp-json\/wp\/v2\/product_tag?post=109032"}],"curies":[{"name":"wp","href":"https:\/\/api.w.org\/{rel}","templated":true}]}}