{"id":109017,"date":"2025-11-30T20:57:31","date_gmt":"2025-11-30T19:57:31","guid":{"rendered":"https:\/\/nimedixmedical.com\/notre-catalogue\/lit-electrique-a-hauteur-reglable-charge-230-kg\/"},"modified":"2026-01-12T15:24:11","modified_gmt":"2026-01-12T14:24:11","slug":"lit-electrique-a-hauteur-reglable-charge-230-kg","status":"publish","type":"product","link":"https:\/\/nimedixmedical.com\/fr\/notre-catalogue\/lit-electrique-a-hauteur-reglable-charge-230-kg\/","title":{"rendered":"Lit \u00c9lectrique \u00c0 Hauteur R\u00e9glable &#8211; Charge 230 kg"},"content":{"rendered":"<p>Le lit \u00e9lectrique \u00e0 hauteur r\u00e9glable est con\u00e7u pour offrir un confort optimal et des fonctionnalit\u00e9s avanc\u00e9es dans les \u00e9tablissements de sant\u00e9. Id\u00e9al pour les soins \u00e0 domicile ou en milieu hospitalier, il facilite les soins aux patients tout en garantissant leur s\u00e9curit\u00e9.<\/p>\n<h2>Caract\u00e9ristiques<\/h2>\n<ul>\n<li>Dimensions : 110x225xh 91 cm<\/li>\n<li>Charge maximale : 230 kg<\/li>\n<li>Hauteur du sommier r\u00e9glable de 380 \u00e0 780 mm<\/li>\n<li>Positions Trendelenburg et Trendelenburg inverse (15\u00b0)<\/li>\n<li>R\u00e9glage \u00e9lectrique du dossier jusqu&#8217;\u00e0 71\u00b0 et des jambes\/pieds jusqu&#8217;\u00e0 30\u00b0<\/li>\n<li>4 roulettes \u00d8 150 mm avec frein centralis\u00e9<\/li>\n<li>4 barri\u00e8res lat\u00e9rales rabattables pour plus de s\u00e9curit\u00e9<\/li>\n<li>Alimentation : 160-230 V &#8211; 50-60 Hz<\/li>\n<li>Indicateur de protection : IP66<\/li>\n<\/ul>\n<h2>Livraison<\/h2>\n<ul>\n<li><strong>France :<\/strong> Livraison directe.<\/li>\n<li><strong>Export (Europe et Afrique) :<\/strong> Sur devis.<\/li>\n<\/ul>\n","protected":false},"excerpt":{"rendered":"<ul>\n<li>Lit d&#8217;h\u00f4pital \u00e9lectrique \u00e0 hauteur r\u00e9glable pour un confort optimal des patients.<\/li>\n<li>Fonctionnalit\u00e9s avanc\u00e9es (positions Trendelenburg, anti-\u00e9crasement) pour un usage m\u00e9dical s\u00e9curis\u00e9.<\/li>\n<li>Conception robuste avec une charge maximale de 230 kg, adapt\u00e9e aux besoins des \u00e9tablissements de sant\u00e9.<\/li>\n<li>Facilit\u00e9 de man\u0153uvre gr\u00e2ce \u00e0 des roulettes et des barri\u00e8res rabattables, id\u00e9al pour les soins intensifs.<\/li>\n<\/ul>\n","protected":false},"featured_media":109018,"comment_status":"open","ping_status":"open","template":"","meta":{"inline_featured_image":false},"product_brand":[],"product_cat":[1135,1129,1093],"product_tag":[],"class_list":{"0":"post-109017","1":"product","2":"type-product","3":"status-publish","4":"has-post-thumbnail","6":"product_cat-lits-dhopital","7":"product_cat-lits-dhopital-matelas-tables-de-chevet-et-mobilier","8":"product_cat-mobilier-medical","10":"first","11":"instock","12":"sale","13":"taxable","14":"shipping-taxable","15":"purchasable","16":"product-type-simple"},"_links":{"self":[{"href":"https:\/\/nimedixmedical.com\/fr\/wp-json\/wp\/v2\/product\/109017","targetHints":{"allow":["GET"]}}],"collection":[{"href":"https:\/\/nimedixmedical.com\/fr\/wp-json\/wp\/v2\/product"}],"about":[{"href":"https:\/\/nimedixmedical.com\/fr\/wp-json\/wp\/v2\/types\/product"}],"replies":[{"embeddable":true,"href":"https:\/\/nimedixmedical.com\/fr\/wp-json\/wp\/v2\/comments?post=109017"}],"wp:featuredmedia":[{"embeddable":true,"href":"https:\/\/nimedixmedical.com\/fr\/wp-json\/wp\/v2\/media\/109018"}],"wp:attachment":[{"href":"https:\/\/nimedixmedical.com\/fr\/wp-json\/wp\/v2\/media?parent=109017"}],"wp:term":[{"taxonomy":"product_brand","embeddable":true,"href":"https:\/\/nimedixmedical.com\/fr\/wp-json\/wp\/v2\/product_brand?post=109017"},{"taxonomy":"product_cat","embeddable":true,"href":"https:\/\/nimedixmedical.com\/fr\/wp-json\/wp\/v2\/product_cat?post=109017"},{"taxonomy":"product_tag","embeddable":true,"href":"https:\/\/nimedixmedical.com\/fr\/wp-json\/wp\/v2\/product_tag?post=109017"}],"curies":[{"name":"wp","href":"https:\/\/api.w.org\/{rel}","templated":true}]}}