{"id":108982,"date":"2025-11-30T20:56:48","date_gmt":"2025-11-30T19:56:48","guid":{"rendered":"https:\/\/nimedixmedical.com\/notre-catalogue\/lit-enfant-2-cremailleres-bleu-clair\/"},"modified":"2026-01-12T15:24:03","modified_gmt":"2026-01-12T14:24:03","slug":"lit-enfant-2-cremailleres-bleu-clair","status":"publish","type":"product","link":"https:\/\/nimedixmedical.com\/fr\/notre-catalogue\/lit-enfant-2-cremailleres-bleu-clair\/","title":{"rendered":"Lit Enfant &#8211; 2 Cr\u00e9maill\u00e8res &#8211; Bleu Clair"},"content":{"rendered":"<p>Ce lit enfant est con\u00e7u pour r\u00e9pondre aux besoins sp\u00e9cifiques des jeunes patients en milieu m\u00e9dical. Sa structure robuste et ses fonctionnalit\u00e9s adapt\u00e9es assurent s\u00e9curit\u00e9 et confort, tout en facilitant les soins quotidiens.<\/p>\n<h2>Caract\u00e9ristiques<\/h2>\n<ul>\n<li>Structure en acier galb\u00e9 et soud\u00e9 pour une durabilit\u00e9 maximale.<\/li>\n<li>Barri\u00e8re de s\u00e9curit\u00e9 soulevable en aluminium avec m\u00e9canisme anti-pincement.<\/li>\n<li>Potence de lit en acier inoxydable, supportant jusqu&#8217;\u00e0 15 kg.<\/li>\n<li>Roue avec frein pour une mobilit\u00e9 s\u00e9curis\u00e9e.<\/li>\n<li>Sommier ventil\u00e9 pour pr\u00e9venir les ulc\u00e8res de d\u00e9cubitus.<\/li>\n<li>Dimensions : 1880x900xh 1260 mm, hauteur du lit 585 mm.<\/li>\n<li>R\u00e9glage du dossier (0-75\u00b0) et des jambes (0-35\u00b0) pour un confort optimal.<\/li>\n<\/ul>\n<h2>Livraison<\/h2>\n<ul>\n<li><strong>France :<\/strong> Livraison directe.<\/li>\n<li><strong>Export (Europe et Afrique) :<\/strong> Sur devis.<\/li>\n<\/ul>\n","protected":false},"excerpt":{"rendered":"<ul>\n<li>Usage : Lit p\u00e9diatrique adapt\u00e9 pour les enfants n\u00e9cessitant des soins m\u00e9dicaux.<\/li>\n<li>B\u00e9n\u00e9fice : Structure robuste et s\u00e9curis\u00e9e, avec barri\u00e8re de s\u00e9curit\u00e9 r\u00e9glable pour pr\u00e9venir les chutes.<\/li>\n<li>Confort : Sommier ventil\u00e9 pour \u00e9viter les ulc\u00e8res de d\u00e9cubitus, garantissant un confort optimal.<\/li>\n<li>Praticit\u00e9 : Commandes manuelles faciles d\u2019utilisation pour ajuster le dossier et les jambes en fonction des besoins de l\u2019enfant.<\/li>\n<\/ul>\n","protected":false},"featured_media":108983,"comment_status":"open","ping_status":"open","template":"","meta":{"inline_featured_image":false},"product_brand":[],"product_cat":[1129,1134,1093],"product_tag":[],"class_list":{"0":"post-108982","1":"product","2":"type-product","3":"status-publish","4":"has-post-thumbnail","6":"product_cat-lits-dhopital-matelas-tables-de-chevet-et-mobilier","7":"product_cat-lits-pediatriques-et-berceaux","8":"product_cat-mobilier-medical","10":"first","11":"instock","12":"sale","13":"taxable","14":"shipping-taxable","15":"purchasable","16":"product-type-simple"},"_links":{"self":[{"href":"https:\/\/nimedixmedical.com\/fr\/wp-json\/wp\/v2\/product\/108982","targetHints":{"allow":["GET"]}}],"collection":[{"href":"https:\/\/nimedixmedical.com\/fr\/wp-json\/wp\/v2\/product"}],"about":[{"href":"https:\/\/nimedixmedical.com\/fr\/wp-json\/wp\/v2\/types\/product"}],"replies":[{"embeddable":true,"href":"https:\/\/nimedixmedical.com\/fr\/wp-json\/wp\/v2\/comments?post=108982"}],"wp:featuredmedia":[{"embeddable":true,"href":"https:\/\/nimedixmedical.com\/fr\/wp-json\/wp\/v2\/media\/108983"}],"wp:attachment":[{"href":"https:\/\/nimedixmedical.com\/fr\/wp-json\/wp\/v2\/media?parent=108982"}],"wp:term":[{"taxonomy":"product_brand","embeddable":true,"href":"https:\/\/nimedixmedical.com\/fr\/wp-json\/wp\/v2\/product_brand?post=108982"},{"taxonomy":"product_cat","embeddable":true,"href":"https:\/\/nimedixmedical.com\/fr\/wp-json\/wp\/v2\/product_cat?post=108982"},{"taxonomy":"product_tag","embeddable":true,"href":"https:\/\/nimedixmedical.com\/fr\/wp-json\/wp\/v2\/product_tag?post=108982"}],"curies":[{"name":"wp","href":"https:\/\/api.w.org\/{rel}","templated":true}]}}