{"id":108829,"date":"2025-11-30T20:54:37","date_gmt":"2025-11-30T19:54:37","guid":{"rendered":"https:\/\/nimedixmedical.com\/notre-catalogue\/fauteuil-gynecologique-professionnel-gynex-abricot-metalise\/"},"modified":"2026-01-12T15:23:13","modified_gmt":"2026-01-12T14:23:13","slug":"fauteuil-gynecologique-professionnel-gynex-abricot-metalise","status":"publish","type":"product","link":"https:\/\/nimedixmedical.com\/fr\/notre-catalogue\/fauteuil-gynecologique-professionnel-gynex-abricot-metalise\/","title":{"rendered":"Fauteuil Gyn\u00e9cologique Professionnel Gynex &#8211; Abricot M\u00e9talis\u00e9"},"content":{"rendered":"<p>Le fauteuil gyn\u00e9cologique professionnel Gynex est con\u00e7u pour offrir une exp\u00e9rience de consultation optimale, alliant confort, fonctionnalit\u00e9 et esth\u00e9tisme. Id\u00e9al pour les professionnels de sant\u00e9, il r\u00e9pond aux exigences des examens gyn\u00e9cologiques tout en assurant le bien-\u00eatre des patientes.<\/p>\n<h2>Caract\u00e9ristiques<\/h2>\n<ul>\n<li>Tension d&#8217;alimentation : 230V-50 Hz<\/li>\n<li>Tension du moteur : 24V<\/li>\n<li>Pouss\u00e9e du moteur de levage : 6000 N<\/li>\n<li>Pouss\u00e9e du moteur du dossier : 2500 N<\/li>\n<li>Pouss\u00e9e du moteur du support de jambes : 2500 N<\/li>\n<li>Capacit\u00e9 de charge : 180 kg<\/li>\n<li>Puissance max. : 90 VA<\/li>\n<li>Fusible : 1.6 A<\/li>\n<li>Dimensions ajustables gr\u00e2ce \u00e0 3 moteurs silencieux.<\/li>\n<li>Accoudoirs matelass\u00e9s et r\u00e9glables pour plus de confort.<\/li>\n<li>Transformable en table d&#8217;examen, position horizontale.<\/li>\n<li>Fabriqu\u00e9 en Italie, gage de qualit\u00e9.<\/li>\n<\/ul>\n<h2>Livraison<\/h2>\n<ul>\n<li><strong>France :<\/strong> Livraison directe.<\/li>\n<li><strong>Export (Europe et Afrique) :<\/strong> Sur devis.<\/li>\n<\/ul>\n","protected":false},"excerpt":{"rendered":"<ul>\n<li>Usage : Fauteuil gyn\u00e9cologique professionnel adapt\u00e9 pour les examens m\u00e9dicaux.<\/li>\n<li>B\u00e9n\u00e9fice : Confort optimal pour les patientes gr\u00e2ce \u00e0 ses r\u00e9glages \u00e9lectriques et son design ergonomique.<\/li>\n<li>Accessoires inclus : Distributeur de papier, bassin m\u00e9tallique, accoudoirs orientables.<\/li>\n<li>Facilit\u00e9 d&#8217;utilisation : T\u00e9l\u00e9commande ergonomique pour un ajustement simple et rapide.<\/li>\n<\/ul>\n","protected":false},"featured_media":108830,"comment_status":"open","ping_status":"open","template":"","meta":{"inline_featured_image":false},"product_brand":[],"product_cat":[1126,1123,1093],"product_tag":[],"class_list":{"0":"post-108829","1":"product","2":"type-product","3":"status-publish","4":"has-post-thumbnail","6":"product_cat-fauteuils-gynecologiques-1-ou-3-moteurs","7":"product_cat-mobilier-et-fauteuils-euroclinic","8":"product_cat-mobilier-medical","10":"first","11":"outofstock","12":"sale","13":"taxable","14":"shipping-taxable","15":"purchasable","16":"product-type-simple"},"_links":{"self":[{"href":"https:\/\/nimedixmedical.com\/fr\/wp-json\/wp\/v2\/product\/108829","targetHints":{"allow":["GET"]}}],"collection":[{"href":"https:\/\/nimedixmedical.com\/fr\/wp-json\/wp\/v2\/product"}],"about":[{"href":"https:\/\/nimedixmedical.com\/fr\/wp-json\/wp\/v2\/types\/product"}],"replies":[{"embeddable":true,"href":"https:\/\/nimedixmedical.com\/fr\/wp-json\/wp\/v2\/comments?post=108829"}],"wp:featuredmedia":[{"embeddable":true,"href":"https:\/\/nimedixmedical.com\/fr\/wp-json\/wp\/v2\/media\/108830"}],"wp:attachment":[{"href":"https:\/\/nimedixmedical.com\/fr\/wp-json\/wp\/v2\/media?parent=108829"}],"wp:term":[{"taxonomy":"product_brand","embeddable":true,"href":"https:\/\/nimedixmedical.com\/fr\/wp-json\/wp\/v2\/product_brand?post=108829"},{"taxonomy":"product_cat","embeddable":true,"href":"https:\/\/nimedixmedical.com\/fr\/wp-json\/wp\/v2\/product_cat?post=108829"},{"taxonomy":"product_tag","embeddable":true,"href":"https:\/\/nimedixmedical.com\/fr\/wp-json\/wp\/v2\/product_tag?post=108829"}],"curies":[{"name":"wp","href":"https:\/\/api.w.org\/{rel}","templated":true}]}}