{"id":108821,"date":"2025-11-30T20:54:37","date_gmt":"2025-11-30T19:54:37","guid":{"rendered":"https:\/\/nimedixmedical.com\/notre-catalogue\/fauteuil-gynecologique-gynex-avec-support-pour-rouleau-bleu\/"},"modified":"2026-01-12T15:23:09","modified_gmt":"2026-01-12T14:23:09","slug":"fauteuil-gynecologique-gynex-avec-support-pour-rouleau-bleu","status":"publish","type":"product","link":"https:\/\/nimedixmedical.com\/fr\/notre-catalogue\/fauteuil-gynecologique-gynex-avec-support-pour-rouleau-bleu\/","title":{"rendered":"Fauteuil Gyn\u00e9cologique Gynex avec Support pour Rouleau-bleu"},"content":{"rendered":"<p>Le fauteuil gyn\u00e9cologique GYNEX est con\u00e7u pour r\u00e9pondre aux besoins des professionnels de sant\u00e9, offrant un confort optimal et une flexibilit\u00e9 d\u2019utilisation. Ce mat\u00e9riel essentiel est fabriqu\u00e9 en Italie avec des normes de qualit\u00e9 \u00e9lev\u00e9es, garantissant ainsi la satisfaction des praticiens et des patientes.<\/p>\n<h2>Caract\u00e9ristiques<\/h2>\n<ul>\n<li>Assise et dossier auto\u00e9quilibr\u00e9s pour un confort maximal.<\/li>\n<li>Dispositif de levage \u00e9lectrom\u00e9canique avec alimentation secondaire de 24 V.<\/li>\n<li>Mouvement vertical de 57 cm \u00e0 96 cm pour s&#8217;adapter \u00e0 chaque praticien.<\/li>\n<li>Dossier r\u00e9glable avec appuie-t\u00eate et support pour rouleau de papier.<\/li>\n<li>Support de jambes r\u00e9glable de fa\u00e7on ind\u00e9pendante avec dispositif autobloquant.<\/li>\n<li>Position \u00ablit\u00bb horizontale possible avec accoudoirs amovibles et orientables.<\/li>\n<li>Commande \u00e9lectrique actionn\u00e9e par p\u00e9dale pour un usage simplifi\u00e9.<\/li>\n<li>Capacit\u00e9 de charge de 180 kg, puissance max. de 90 VA.<\/li>\n<\/ul>\n<h2>Livraison<\/h2>\n<ul>\n<li><strong>France :<\/strong> Livraison directe.<\/li>\n<li><strong>Export (Europe et Afrique) :<\/strong> Sur devis.<\/li>\n<\/ul>\n","protected":false},"excerpt":{"rendered":"<ul>\n<li>Usage : Fauteuil gyn\u00e9cologique adapt\u00e9 pour des examens et interventions m\u00e9dicales.<\/li>\n<li>B\u00e9n\u00e9fice : Confort optimal gr\u00e2ce \u00e0 son assise et dossier auto\u00e9quilibr\u00e9s.<\/li>\n<li>Fonctionnalit\u00e9 : R\u00e9glages \u00e9lectriques pour une adaptation facile \u00e0 chaque patiente.<\/li>\n<li>S\u00e9curit\u00e9 : Capacit\u00e9 de charge de 180 kg avec des dispositifs autobloquants.<\/li>\n<\/ul>\n","protected":false},"featured_media":108822,"comment_status":"open","ping_status":"open","template":"","meta":{"inline_featured_image":false},"product_brand":[],"product_cat":[1126,1123,1093],"product_tag":[],"class_list":{"0":"post-108821","1":"product","2":"type-product","3":"status-publish","4":"has-post-thumbnail","6":"product_cat-fauteuils-gynecologiques-1-ou-3-moteurs","7":"product_cat-mobilier-et-fauteuils-euroclinic","8":"product_cat-mobilier-medical","10":"first","11":"instock","12":"sale","13":"taxable","14":"shipping-taxable","15":"purchasable","16":"product-type-simple"},"_links":{"self":[{"href":"https:\/\/nimedixmedical.com\/fr\/wp-json\/wp\/v2\/product\/108821","targetHints":{"allow":["GET"]}}],"collection":[{"href":"https:\/\/nimedixmedical.com\/fr\/wp-json\/wp\/v2\/product"}],"about":[{"href":"https:\/\/nimedixmedical.com\/fr\/wp-json\/wp\/v2\/types\/product"}],"replies":[{"embeddable":true,"href":"https:\/\/nimedixmedical.com\/fr\/wp-json\/wp\/v2\/comments?post=108821"}],"wp:featuredmedia":[{"embeddable":true,"href":"https:\/\/nimedixmedical.com\/fr\/wp-json\/wp\/v2\/media\/108822"}],"wp:attachment":[{"href":"https:\/\/nimedixmedical.com\/fr\/wp-json\/wp\/v2\/media?parent=108821"}],"wp:term":[{"taxonomy":"product_brand","embeddable":true,"href":"https:\/\/nimedixmedical.com\/fr\/wp-json\/wp\/v2\/product_brand?post=108821"},{"taxonomy":"product_cat","embeddable":true,"href":"https:\/\/nimedixmedical.com\/fr\/wp-json\/wp\/v2\/product_cat?post=108821"},{"taxonomy":"product_tag","embeddable":true,"href":"https:\/\/nimedixmedical.com\/fr\/wp-json\/wp\/v2\/product_tag?post=108821"}],"curies":[{"name":"wp","href":"https:\/\/api.w.org\/{rel}","templated":true}]}}