{"id":108779,"date":"2025-11-30T20:53:53","date_gmt":"2025-11-30T19:53:53","guid":{"rendered":"https:\/\/nimedixmedical.com\/notre-catalogue\/fauteuil-otopex-o-r-l-bleu-chicago\/"},"modified":"2026-01-12T15:22:59","modified_gmt":"2026-01-12T14:22:59","slug":"fauteuil-otopex-o-r-l-bleu-chicago","status":"publish","type":"product","link":"https:\/\/nimedixmedical.com\/fr\/notre-catalogue\/fauteuil-otopex-o-r-l-bleu-chicago\/","title":{"rendered":"Fauteuil Otopex O.R.L. &#8211; Bleu Chicago"},"content":{"rendered":"<p>Le fauteuil Otopex O.R.L. est con\u00e7u pour r\u00e9pondre aux exigences des interventions ambulatoires. Sa conception ergonomique et ses fonctionnalit\u00e9s avanc\u00e9es en font un choix id\u00e9al pour les professionnels de la sant\u00e9, assurant un confort optimal pour les patients.<\/p>\n<h2>Caract\u00e9ristiques<\/h2>\n<ul>\n<li>Appuie-t\u00eate int\u00e9gr\u00e9 pour un soutien optimal.<\/li>\n<li>Moteurs \u00e9lectriques tr\u00e8s silencieux pour un fonctionnement discret.<\/li>\n<li>Bouton de rappel pour retourner \u00e0 la position de travail s\u00e9lectionn\u00e9e.<\/li>\n<li>Rev\u00eatement en similicuir, mousse de rembourrage ind\u00e9formable haute densit\u00e9 (50 kg\/cm3).<\/li>\n<li>Assise et support de jambes joints en une seule pi\u00e8ce pour plus de robustesse.<\/li>\n<li>Puissance : 230 V-50 Hz (110 V-60 Hz disponible sur demande).<\/li>\n<li>Fabriqu\u00e9 en Italie pour une qualit\u00e9 premium.<\/li>\n<\/ul>\n<h2>Livraison<\/h2>\n<ul>\n<li><strong>France :<\/strong> Livraison directe.<\/li>\n<li><strong>Export (Europe et Afrique) :<\/strong> Sur devis.<\/li>\n<\/ul>\n","protected":false},"excerpt":{"rendered":"<ul>\n<li>Fauteuil O.R.L. pour les op\u00e9rations ambulatoires.<\/li>\n<li>Commandes intuitives par joystick au pied pour un confort optimal.<\/li>\n<li>Rev\u00eatement en similicuir pour une durabilit\u00e9 et un entretien facile.<\/li>\n<li>Fabrication italienne garantissant une qualit\u00e9 sup\u00e9rieure.<\/li>\n<\/ul>\n","protected":false},"featured_media":108780,"comment_status":"open","ping_status":"open","template":"","meta":{"inline_featured_image":false},"product_brand":[],"product_cat":[1125,1123,1093],"product_tag":[],"class_list":{"0":"post-108779","1":"product","2":"type-product","3":"status-publish","4":"has-post-thumbnail","6":"product_cat-fauteuils-o-r-l","7":"product_cat-mobilier-et-fauteuils-euroclinic","8":"product_cat-mobilier-medical","10":"first","11":"instock","12":"sale","13":"taxable","14":"shipping-taxable","15":"purchasable","16":"product-type-simple"},"_links":{"self":[{"href":"https:\/\/nimedixmedical.com\/fr\/wp-json\/wp\/v2\/product\/108779","targetHints":{"allow":["GET"]}}],"collection":[{"href":"https:\/\/nimedixmedical.com\/fr\/wp-json\/wp\/v2\/product"}],"about":[{"href":"https:\/\/nimedixmedical.com\/fr\/wp-json\/wp\/v2\/types\/product"}],"replies":[{"embeddable":true,"href":"https:\/\/nimedixmedical.com\/fr\/wp-json\/wp\/v2\/comments?post=108779"}],"wp:featuredmedia":[{"embeddable":true,"href":"https:\/\/nimedixmedical.com\/fr\/wp-json\/wp\/v2\/media\/108780"}],"wp:attachment":[{"href":"https:\/\/nimedixmedical.com\/fr\/wp-json\/wp\/v2\/media?parent=108779"}],"wp:term":[{"taxonomy":"product_brand","embeddable":true,"href":"https:\/\/nimedixmedical.com\/fr\/wp-json\/wp\/v2\/product_brand?post=108779"},{"taxonomy":"product_cat","embeddable":true,"href":"https:\/\/nimedixmedical.com\/fr\/wp-json\/wp\/v2\/product_cat?post=108779"},{"taxonomy":"product_tag","embeddable":true,"href":"https:\/\/nimedixmedical.com\/fr\/wp-json\/wp\/v2\/product_tag?post=108779"}],"curies":[{"name":"wp","href":"https:\/\/api.w.org\/{rel}","templated":true}]}}