{"id":108303,"date":"2025-11-30T20:46:50","date_gmt":"2025-11-30T19:46:50","guid":{"rendered":"https:\/\/nimedixmedical.com\/notre-catalogue\/medi-kart-bleu\/"},"modified":"2026-01-12T15:20:53","modified_gmt":"2026-01-12T14:20:53","slug":"medi-kart-bleu","status":"publish","type":"product","link":"https:\/\/nimedixmedical.com\/fr\/notre-catalogue\/medi-kart-bleu\/","title":{"rendered":"Medi Kart &#8211; Bleu"},"content":{"rendered":"<p>Le chariot MEDI KART bleu est con\u00e7u pour r\u00e9pondre aux exigences des professionnels de la sant\u00e9. Avec sa construction robuste et ses fonctionnalit\u00e9s pratiques, il facilite l&#8217;organisation et l&#8217;acc\u00e8s rapide aux instruments et fournitures m\u00e9dicales dans divers environnements cliniques.<\/p>\n<h2>Caract\u00e9ristiques<\/h2>\n<ul>\n<li>Dimensions: 804 x 616 x h 975 mm.<\/li>\n<li>Plan de travail en copolym\u00e8re avec rebord p\u00e9rim\u00e9tral pour contenir les liquides.<\/li>\n<li>Structure l\u00e9g\u00e8re en aluminium extrud\u00e9 avec traitement antioxydant \u00e0 l\u2019argent.<\/li>\n<li>Poign\u00e9es ergonomiques en acier inox pour une maniabilit\u00e9 optimale.<\/li>\n<li>Tiroirs en acier avec rev\u00eatement \u00e9poxy, \u00e0 ouverture totale sur glissi\u00e8res \u00e0 roulement \u00e0 bille.<\/li>\n<li>Fermeture centralis\u00e9e avec serrure \u00e0 l\u2019avant pour plus de s\u00e9curit\u00e9.<\/li>\n<li>6 poches lat\u00e9rales int\u00e9gr\u00e9es pour flacons ou petits objets.<\/li>\n<li>Roues pivotantes en caoutchouc thermoplastique avec freins pour un d\u00e9placement facile.<\/li>\n<\/ul>\n<h2>Livraison<\/h2>\n<ul>\n<li><strong>France :<\/strong> Livraison directe.<\/li>\n<li><strong>Export (Europe et Afrique) :<\/strong> Sur devis.<\/li>\n<\/ul>\n","protected":false},"excerpt":{"rendered":"<ul>\n<li>Chariot multifonction en aluminium, id\u00e9al pour un usage m\u00e9dical vari\u00e9.<\/li>\n<li>Design ergonomique assurant une maniabilit\u00e9 optimale gr\u00e2ce \u00e0 ses poign\u00e9es int\u00e9gr\u00e9es.<\/li>\n<li>Tiroirs interchangeables et \u00e0 ouverture totale pour un acc\u00e8s facile aux fournitures m\u00e9dicales.<\/li>\n<li>Robustesse et l\u00e9g\u00e8ret\u00e9 gr\u00e2ce \u00e0 la structure en aluminium et au traitement antioxydant.<\/li>\n<\/ul>\n","protected":false},"featured_media":108304,"comment_status":"open","ping_status":"open","template":"","meta":{"inline_featured_image":false},"product_brand":[],"product_cat":[1093,1099],"product_tag":[],"class_list":{"0":"post-108303","1":"product","2":"type-product","3":"status-publish","4":"has-post-thumbnail","6":"product_cat-mobilier-medical","7":"product_cat-systeme-de-chariots-modulaires-gima","9":"first","10":"instock","11":"sale","12":"taxable","13":"shipping-taxable","14":"purchasable","15":"product-type-simple"},"_links":{"self":[{"href":"https:\/\/nimedixmedical.com\/fr\/wp-json\/wp\/v2\/product\/108303","targetHints":{"allow":["GET"]}}],"collection":[{"href":"https:\/\/nimedixmedical.com\/fr\/wp-json\/wp\/v2\/product"}],"about":[{"href":"https:\/\/nimedixmedical.com\/fr\/wp-json\/wp\/v2\/types\/product"}],"replies":[{"embeddable":true,"href":"https:\/\/nimedixmedical.com\/fr\/wp-json\/wp\/v2\/comments?post=108303"}],"wp:featuredmedia":[{"embeddable":true,"href":"https:\/\/nimedixmedical.com\/fr\/wp-json\/wp\/v2\/media\/108304"}],"wp:attachment":[{"href":"https:\/\/nimedixmedical.com\/fr\/wp-json\/wp\/v2\/media?parent=108303"}],"wp:term":[{"taxonomy":"product_brand","embeddable":true,"href":"https:\/\/nimedixmedical.com\/fr\/wp-json\/wp\/v2\/product_brand?post=108303"},{"taxonomy":"product_cat","embeddable":true,"href":"https:\/\/nimedixmedical.com\/fr\/wp-json\/wp\/v2\/product_cat?post=108303"},{"taxonomy":"product_tag","embeddable":true,"href":"https:\/\/nimedixmedical.com\/fr\/wp-json\/wp\/v2\/product_tag?post=108303"}],"curies":[{"name":"wp","href":"https:\/\/api.w.org\/{rel}","templated":true}]}}