{"id":108283,"date":"2025-11-30T20:46:50","date_gmt":"2025-11-30T19:46:50","guid":{"rendered":"https:\/\/nimedixmedical.com\/notre-catalogue\/medi-kart-durgence-rouge\/"},"modified":"2026-01-12T15:20:50","modified_gmt":"2026-01-12T14:20:50","slug":"medi-kart-durgence-rouge","status":"publish","type":"product","link":"https:\/\/nimedixmedical.com\/fr\/notre-catalogue\/medi-kart-durgence-rouge\/","title":{"rendered":"Medi Kart D\u2019urgence &#8211; Rouge"},"content":{"rendered":"<p>Le MEDI KART D\u2019URGENCE est un chariot con\u00e7u pour r\u00e9pondre aux exigences des environnements m\u00e9dicaux. Avec sa structure en aluminium et ses fonctionnalit\u00e9s avanc\u00e9es, il est parfait pour les situations d\u2019urgence, permettant un acc\u00e8s rapide et efficace aux \u00e9quipements n\u00e9cessaires.<\/p>\n<h2>Caract\u00e9ristiques<\/h2>\n<ul>\n<li>Dimensions : 804 x 616 x h 975 mm<\/li>\n<li>Plan de travail en copolym\u00e8re r\u00e9sistant avec rebord p\u00e9rim\u00e9tral pour \u00e9viter les d\u00e9versements.<\/li>\n<li>Structure l\u00e9g\u00e8re en aluminium extrud\u00e9 avec traitement antioxydant.<\/li>\n<li>5 tiroirs : 2 petits, 1 moyen, 2 grands avec ouverture totale sur glissi\u00e8res \u00e0 roulement \u00e0 bille.<\/li>\n<li>Poign\u00e9es ergonomiques en acier inox pour une man\u0153uvrabilit\u00e9 optimale.<\/li>\n<li>Fermeture centralis\u00e9e avec serrure \u00e0 cachet jetable pour la s\u00e9curit\u00e9.<\/li>\n<li>6 poches lat\u00e9rales int\u00e9gr\u00e9es pour un rangement suppl\u00e9mentaire.<\/li>\n<li>Roues pivotantes \u00d8125 mm, dont deux avec freins, pour une mobilit\u00e9 facilit\u00e9e.<\/li>\n<\/ul>\n<h2>Livraison<\/h2>\n<ul>\n<li><strong>France :<\/strong> Livraison directe.<\/li>\n<li><strong>Export (Europe et Afrique) :<\/strong> Sur devis.<\/li>\n<\/ul>\n","protected":false},"excerpt":{"rendered":"<ul>\n<li>Chariot d\u2019urgence en aluminium, id\u00e9al pour les situations critiques.<\/li>\n<li>Conception l\u00e9g\u00e8re et robuste pour une maniabilit\u00e9 optimale.<\/li>\n<li>5 tiroirs interchangeables, offrant un rangement adapt\u00e9 pour divers \u00e9quipements m\u00e9dicaux.<\/li>\n<li>Roues pivotantes avec freins pour un d\u00e9placement et un stationnement s\u00e9curis\u00e9s.<\/li>\n<\/ul>\n","protected":false},"featured_media":108284,"comment_status":"open","ping_status":"open","template":"","meta":{"inline_featured_image":false},"product_brand":[],"product_cat":[1093,1099],"product_tag":[],"class_list":{"0":"post-108283","1":"product","2":"type-product","3":"status-publish","4":"has-post-thumbnail","6":"product_cat-mobilier-medical","7":"product_cat-systeme-de-chariots-modulaires-gima","9":"first","10":"instock","11":"sale","12":"taxable","13":"shipping-taxable","14":"purchasable","15":"product-type-simple"},"_links":{"self":[{"href":"https:\/\/nimedixmedical.com\/fr\/wp-json\/wp\/v2\/product\/108283","targetHints":{"allow":["GET"]}}],"collection":[{"href":"https:\/\/nimedixmedical.com\/fr\/wp-json\/wp\/v2\/product"}],"about":[{"href":"https:\/\/nimedixmedical.com\/fr\/wp-json\/wp\/v2\/types\/product"}],"replies":[{"embeddable":true,"href":"https:\/\/nimedixmedical.com\/fr\/wp-json\/wp\/v2\/comments?post=108283"}],"wp:featuredmedia":[{"embeddable":true,"href":"https:\/\/nimedixmedical.com\/fr\/wp-json\/wp\/v2\/media\/108284"}],"wp:attachment":[{"href":"https:\/\/nimedixmedical.com\/fr\/wp-json\/wp\/v2\/media?parent=108283"}],"wp:term":[{"taxonomy":"product_brand","embeddable":true,"href":"https:\/\/nimedixmedical.com\/fr\/wp-json\/wp\/v2\/product_brand?post=108283"},{"taxonomy":"product_cat","embeddable":true,"href":"https:\/\/nimedixmedical.com\/fr\/wp-json\/wp\/v2\/product_cat?post=108283"},{"taxonomy":"product_tag","embeddable":true,"href":"https:\/\/nimedixmedical.com\/fr\/wp-json\/wp\/v2\/product_tag?post=108283"}],"curies":[{"name":"wp","href":"https:\/\/api.w.org\/{rel}","templated":true}]}}