{"id":108140,"date":"2025-11-30T20:45:13","date_gmt":"2025-11-30T19:45:13","guid":{"rendered":"https:\/\/nimedixmedical.com\/notre-catalogue\/table-bruxelles-electrique-grande-bleue\/"},"modified":"2026-01-12T15:20:12","modified_gmt":"2026-01-12T14:20:12","slug":"table-bruxelles-electrique-grande-bleue","status":"publish","type":"product","link":"https:\/\/nimedixmedical.com\/fr\/notre-catalogue\/table-bruxelles-electrique-grande-bleue\/","title":{"rendered":"Table Bruxelles \u00c9lectrique Grande &#8211; Bleue"},"content":{"rendered":"<p>La table Bruxelles \u00e9lectrique est con\u00e7ue pour r\u00e9pondre aux besoins des professionnels de la sant\u00e9, offrant confort et s\u00e9curit\u00e9 lors des examens et traitements m\u00e9dicaux. Sa conception robuste et ses fonctionnalit\u00e9s r\u00e9glables en font un choix id\u00e9al pour les cliniques et centres de soins.<\/p>\n<h2>Caract\u00e9ristiques<\/h2>\n<ul>\n<li>Type : Divan d&#8217;examen \u00e9lectrique, couleur bleue.<\/li>\n<li>Dimensions : Largeur de 80 cm.<\/li>\n<li>Charge Maximale d&#8217;Utilisation (CMU) : 200 kg.<\/li>\n<li>Hauteur r\u00e9glable \u00e9lectriquement par interrupteur au pied (basse tension 24 V).<\/li>\n<li>Section de t\u00eate r\u00e9glable par ressort \u00e0 gaz, avec ouverture bouche-nez.<\/li>\n<li>Sections de jambes fixe et section de t\u00eate r\u00e9glable en positif\/n\u00e9gatif.<\/li>\n<li>Rembourrage en mousse de densit\u00e9 moyenne, rev\u00eatu de vinyle ignifuge de qualit\u00e9 sup\u00e9rieure.<\/li>\n<li>Structure ouverte lat\u00e9ralement pour un acc\u00e8s facilit\u00e9.<\/li>\n<li>Alimentation : 230 V, 50-60 Hz.<\/li>\n<li>Fabriqu\u00e9 en Italie.<\/li>\n<\/ul>\n<h2>Livraison<\/h2>\n<ul>\n<li><strong>France :<\/strong> Livraison directe.<\/li>\n<li><strong>Export (Europe et Afrique) :<\/strong> Sur devis.<\/li>\n<\/ul>\n","protected":false},"excerpt":{"rendered":"<ul>\n<li>Table d&#8217;examen \u00e9lectrique, id\u00e9ale pour les professionnels de la sant\u00e9.<\/li>\n<li>R\u00e9glage \u00e9lectrique de la hauteur pour un confort optimal du praticien et du patient.<\/li>\n<li>Structure robuste avec une charge maximale de 200 kg, assurant une grande stabilit\u00e9.<\/li>\n<li>Facilit\u00e9 d&#8217;acc\u00e8s gr\u00e2ce \u00e0 sa conception ouverte lat\u00e9ralement.<\/li>\n<\/ul>\n","protected":false},"featured_media":108141,"comment_status":"open","ping_status":"open","template":"","meta":{"inline_featured_image":false},"product_brand":[],"product_cat":[1093,1095,1094],"product_tag":[],"class_list":{"0":"post-108140","1":"product","2":"type-product","3":"status-publish","4":"has-post-thumbnail","6":"product_cat-mobilier-medical","7":"product_cat-tables-electriques-et-hydrauliques","8":"product_cat-tables-et-fauteuils-electriques-et-hydrauliques","10":"first","11":"instock","12":"sale","13":"taxable","14":"shipping-taxable","15":"purchasable","16":"product-type-simple"},"_links":{"self":[{"href":"https:\/\/nimedixmedical.com\/fr\/wp-json\/wp\/v2\/product\/108140","targetHints":{"allow":["GET"]}}],"collection":[{"href":"https:\/\/nimedixmedical.com\/fr\/wp-json\/wp\/v2\/product"}],"about":[{"href":"https:\/\/nimedixmedical.com\/fr\/wp-json\/wp\/v2\/types\/product"}],"replies":[{"embeddable":true,"href":"https:\/\/nimedixmedical.com\/fr\/wp-json\/wp\/v2\/comments?post=108140"}],"wp:featuredmedia":[{"embeddable":true,"href":"https:\/\/nimedixmedical.com\/fr\/wp-json\/wp\/v2\/media\/108141"}],"wp:attachment":[{"href":"https:\/\/nimedixmedical.com\/fr\/wp-json\/wp\/v2\/media?parent=108140"}],"wp:term":[{"taxonomy":"product_brand","embeddable":true,"href":"https:\/\/nimedixmedical.com\/fr\/wp-json\/wp\/v2\/product_brand?post=108140"},{"taxonomy":"product_cat","embeddable":true,"href":"https:\/\/nimedixmedical.com\/fr\/wp-json\/wp\/v2\/product_cat?post=108140"},{"taxonomy":"product_tag","embeddable":true,"href":"https:\/\/nimedixmedical.com\/fr\/wp-json\/wp\/v2\/product_tag?post=108140"}],"curies":[{"name":"wp","href":"https:\/\/api.w.org\/{rel}","templated":true}]}}