{"id":108107,"date":"2025-11-30T20:44:14","date_gmt":"2025-11-30T19:44:14","guid":{"rendered":"https:\/\/nimedixmedical.com\/notre-catalogue\/divan-dexamen-reglable-en-hauteur-king-couleur-au-choix\/"},"modified":"2026-01-12T15:20:06","modified_gmt":"2026-01-12T14:20:06","slug":"divan-dexamen-reglable-en-hauteur-king-couleur-au-choix","status":"publish","type":"product","link":"https:\/\/nimedixmedical.com\/fr\/notre-catalogue\/divan-dexamen-reglable-en-hauteur-king-couleur-au-choix\/","title":{"rendered":"Divan D&#8217;examen R\u00e9glable en Hauteur King &#8211; Couleur au Choix"},"content":{"rendered":"<p>Le divan d&#8217;examen r\u00e9glable en hauteur King est con\u00e7u pour r\u00e9pondre aux besoins des professionnels de la sant\u00e9, offrant confort et praticit\u00e9 lors des consultations m\u00e9dicales. Avec ses fonctionnalit\u00e9s avanc\u00e9es, il s&#8217;adapte parfaitement aux exigences de votre cabinet m\u00e9dical.<\/p>\n<h2>Caract\u00e9ristiques<\/h2>\n<ul>\n<li>R\u00e9glage en hauteur \u00e9lectrique (48-95 cm) avec un actuateur Linak de 6 000 N.<\/li>\n<li>Appuie-t\u00eate ajustable de +60\u00b0 \u00e0 -10\u00b0 via une pompe \u00e0 gaz.<\/li>\n<li>Structure en tube ovale et rectangulaire, finition laque \u00e9poxy brillante blanche RAL 9003.<\/li>\n<li>Base en bois avec rembourrage en mousse de polyur\u00e9thane ignifuge Classe 1 IM.<\/li>\n<li>Tissu lavable avec d\u00e9tergents courants.<\/li>\n<li>Dimensions : 190 x 60 x 48\/95 cm, poids : 70 kg, charge max : 150 kg.<\/li>\n<li>Tension de fonctionnement : 100-240V, 50\/60 Hz.<\/li>\n<li>Porte-rouleau inclus.<\/li>\n<li>Made in Italy.<\/li>\n<\/ul>\n<h2>Livraison<\/h2>\n<ul>\n<li><strong>France :<\/strong> Livraison directe.<\/li>\n<li><strong>Export (Europe et Afrique) :<\/strong> Sur devis.<\/li>\n<\/ul>\n","protected":false},"excerpt":{"rendered":"<ul>\n<li>Usage : Id\u00e9al pour les examens m\u00e9dicaux gr\u00e2ce \u00e0 son r\u00e9glage en hauteur \u00e9lectrique.<\/li>\n<li>B\u00e9n\u00e9fice : Confort optimal pour le patient avec un appui-t\u00eate ajustable et un rembourrage en mousse haute densit\u00e9.<\/li>\n<li>Durabilit\u00e9 : Structure solide en tube ovale et finition en laque \u00e9poxy r\u00e9sistante.<\/li>\n<li>Praticit\u00e9 : Rev\u00eatement lavable, facilitant l&#8217;entretien et garantissant une hygi\u00e8ne optimale.<\/li>\n<\/ul>\n","protected":false},"featured_media":108108,"comment_status":"open","ping_status":"open","template":"","meta":{"inline_featured_image":false},"product_brand":[],"product_cat":[1093,1095,1094],"product_tag":[],"class_list":{"0":"post-108107","1":"product","2":"type-product","3":"status-publish","4":"has-post-thumbnail","6":"product_cat-mobilier-medical","7":"product_cat-tables-electriques-et-hydrauliques","8":"product_cat-tables-et-fauteuils-electriques-et-hydrauliques","10":"first","11":"outofstock","12":"sale","13":"taxable","14":"shipping-taxable","15":"purchasable","16":"product-type-simple"},"_links":{"self":[{"href":"https:\/\/nimedixmedical.com\/fr\/wp-json\/wp\/v2\/product\/108107","targetHints":{"allow":["GET"]}}],"collection":[{"href":"https:\/\/nimedixmedical.com\/fr\/wp-json\/wp\/v2\/product"}],"about":[{"href":"https:\/\/nimedixmedical.com\/fr\/wp-json\/wp\/v2\/types\/product"}],"replies":[{"embeddable":true,"href":"https:\/\/nimedixmedical.com\/fr\/wp-json\/wp\/v2\/comments?post=108107"}],"wp:featuredmedia":[{"embeddable":true,"href":"https:\/\/nimedixmedical.com\/fr\/wp-json\/wp\/v2\/media\/108108"}],"wp:attachment":[{"href":"https:\/\/nimedixmedical.com\/fr\/wp-json\/wp\/v2\/media?parent=108107"}],"wp:term":[{"taxonomy":"product_brand","embeddable":true,"href":"https:\/\/nimedixmedical.com\/fr\/wp-json\/wp\/v2\/product_brand?post=108107"},{"taxonomy":"product_cat","embeddable":true,"href":"https:\/\/nimedixmedical.com\/fr\/wp-json\/wp\/v2\/product_cat?post=108107"},{"taxonomy":"product_tag","embeddable":true,"href":"https:\/\/nimedixmedical.com\/fr\/wp-json\/wp\/v2\/product_tag?post=108107"}],"curies":[{"name":"wp","href":"https:\/\/api.w.org\/{rel}","templated":true}]}}