{"id":107930,"date":"2025-11-30T20:42:04","date_gmt":"2025-11-30T19:42:04","guid":{"rendered":"https:\/\/nimedixmedical.com\/notre-catalogue\/kit-nebuliseur-2-masques-tube-ampoule-embout-nasal-et-buccal-pour-eolo-corsia\/"},"modified":"2026-01-12T15:19:15","modified_gmt":"2026-01-12T14:19:15","slug":"kit-nebuliseur-2-masques-tube-ampoule-embout-nasal-et-buccal-pour-eolo-corsia","status":"publish","type":"product","link":"https:\/\/nimedixmedical.com\/fr\/notre-catalogue\/kit-nebuliseur-2-masques-tube-ampoule-embout-nasal-et-buccal-pour-eolo-corsia\/","title":{"rendered":"Kit N\u00e9buliseur (2 Masques, Tube, Ampoule, Embout Nasal et Buccal) pour Eolo, Corsia"},"content":{"rendered":"<p>Le kit n\u00e9buliseur Eolo et Corsia est con\u00e7u pour am\u00e9liorer l\u2019administration des traitements respiratoires. Il permet une n\u00e9bulisation efficace des m\u00e9dicaments, facilitant ainsi le soulagement des sympt\u00f4mes respiratoires chez les adultes et les enfants.<\/p>\n<h2>Caract\u00e9ristiques<\/h2>\n<ul>\n<li>Contenu du kit : 2 masques (1 adulte et 1 enfant), un tube en PVC, une ampoule, embouts nasal et buccal.<\/li>\n<li>Compatible avec tous les n\u00e9buliseurs disponibles sur le march\u00e9.<\/li>\n<li>Facilite l&#8217;administration de traitements respiratoires pour une large gamme de pathologies.<\/li>\n<li>Mat\u00e9riaux de qualit\u00e9 garantissant s\u00e9curit\u00e9 et confort d&#8217;utilisation.<\/li>\n<\/ul>\n<h2>Livraison<\/h2>\n<ul>\n<li><strong>France :<\/strong> Livraison directe.<\/li>\n<li><strong>Export (Europe et Afrique) :<\/strong> Sur devis.<\/li>\n<\/ul>\n","protected":false},"excerpt":{"rendered":"<ul>\n<li>Kit complet pour n\u00e9bulisation : inclut 2 masques (adulte et enfant), un tube en PVC, une ampoule, ainsi que des embouts nasal et buccal.<\/li>\n<li>Compatibilit\u00e9 universelle : s&#8217;adapte \u00e0 tous les n\u00e9buliseurs pour une utilisation facile.<\/li>\n<li>Facilite le traitement des voies respiratoires : id\u00e9al pour les patients souffrant d&#8217;asthme ou de maladies respiratoires.<\/li>\n<li>Pratique et hygi\u00e9nique : tous les accessoires sont con\u00e7us pour un usage simple et s\u00fbr.<\/li>\n<\/ul>\n","protected":false},"featured_media":107931,"comment_status":"open","ping_status":"open","template":"","meta":{"inline_featured_image":false},"product_brand":[],"product_cat":[1086,1066],"product_tag":[],"class_list":{"0":"post-107930","1":"product","2":"type-product","3":"status-publish","4":"has-post-thumbnail","6":"product_cat-accessoires-pour-nebuliseurs","7":"product_cat-electromedicaux","9":"first","10":"instock","11":"sale","12":"taxable","13":"shipping-taxable","14":"purchasable","15":"product-type-simple"},"_links":{"self":[{"href":"https:\/\/nimedixmedical.com\/fr\/wp-json\/wp\/v2\/product\/107930","targetHints":{"allow":["GET"]}}],"collection":[{"href":"https:\/\/nimedixmedical.com\/fr\/wp-json\/wp\/v2\/product"}],"about":[{"href":"https:\/\/nimedixmedical.com\/fr\/wp-json\/wp\/v2\/types\/product"}],"replies":[{"embeddable":true,"href":"https:\/\/nimedixmedical.com\/fr\/wp-json\/wp\/v2\/comments?post=107930"}],"wp:featuredmedia":[{"embeddable":true,"href":"https:\/\/nimedixmedical.com\/fr\/wp-json\/wp\/v2\/media\/107931"}],"wp:attachment":[{"href":"https:\/\/nimedixmedical.com\/fr\/wp-json\/wp\/v2\/media?parent=107930"}],"wp:term":[{"taxonomy":"product_brand","embeddable":true,"href":"https:\/\/nimedixmedical.com\/fr\/wp-json\/wp\/v2\/product_brand?post=107930"},{"taxonomy":"product_cat","embeddable":true,"href":"https:\/\/nimedixmedical.com\/fr\/wp-json\/wp\/v2\/product_cat?post=107930"},{"taxonomy":"product_tag","embeddable":true,"href":"https:\/\/nimedixmedical.com\/fr\/wp-json\/wp\/v2\/product_tag?post=107930"}],"curies":[{"name":"wp","href":"https:\/\/api.w.org\/{rel}","templated":true}]}}