{"id":107654,"date":"2025-11-30T20:38:33","date_gmt":"2025-11-30T19:38:33","guid":{"rendered":"https:\/\/nimedixmedical.com\/notre-catalogue\/inhalateur-thermal-vapinal\/"},"modified":"2026-01-12T15:18:14","modified_gmt":"2026-01-12T14:18:14","slug":"inhalateur-thermal-vapinal","status":"publish","type":"product","link":"https:\/\/nimedixmedical.com\/fr\/notre-catalogue\/inhalateur-thermal-vapinal\/","title":{"rendered":"Inhalateur Thermal Vapinal"},"content":{"rendered":"<p>Le VAPINAL est un inhalateur thermique con\u00e7u pour un usage domestique, id\u00e9al pour soulager les sympt\u00f4mes respiratoires. Utilisant la vapeur chaude d&#8217;eau thermale, cet appareil est efficace pour apaiser les voies respiratoires et am\u00e9liorer le confort respiratoire.<\/p>\n<h2>Caract\u00e9ristiques<\/h2>\n<ul>\n<li>Capacit\u00e9 : 800 ml<\/li>\n<li>Chaudi\u00e8re \u00e0 vapeur en acier inox<\/li>\n<li>Syst\u00e8me Venturi pour un m\u00e9lange optimal de vapeur et d&#8217;eau thermale<\/li>\n<li>Soupape de s\u00e9curit\u00e9 et thermostat int\u00e9gr\u00e9s<\/li>\n<li>Tension de fonctionnement : 230 V &#8211; 50 Hz &#8211; 600 Watts<\/li>\n<li>Temps de chauffe : 5-8 minutes<\/li>\n<li>Temps d&#8217;inhalation (pour 1 litre) : 12-15 minutes<\/li>\n<li>Made in Italy, gage de qualit\u00e9 et de fiabilit\u00e9<\/li>\n<\/ul>\n<h2>Livraison<\/h2>\n<ul>\n<li><strong>France :<\/strong> Livraison directe.<\/li>\n<li><strong>Export (Europe et Afrique) :<\/strong> Sur devis.<\/li>\n<\/ul>\n","protected":false},"excerpt":{"rendered":"<ul>\n<li>Inhalation \u00e0 domicile avec vapeur chaude et humide.<\/li>\n<li>Utilise l&#8217;eau thermale pour un effet apaisant sur les voies respiratoires.<\/li>\n<li>Facilit\u00e9 d&#8217;utilisation gr\u00e2ce \u00e0 un temps de chauffe rapide.<\/li>\n<li>Conception robuste en acier inox pour une durabilit\u00e9 accrue.<\/li>\n<\/ul>\n","protected":false},"featured_media":107655,"comment_status":"open","ping_status":"open","template":"","meta":{"inline_featured_image":false},"product_brand":[],"product_cat":[1066,1080],"product_tag":[],"class_list":{"0":"post-107654","1":"product","2":"type-product","3":"status-publish","4":"has-post-thumbnail","6":"product_cat-electromedicaux","7":"product_cat-inhalateurs-humidificateurs","9":"first","10":"outofstock","11":"sale","12":"taxable","13":"shipping-taxable","14":"purchasable","15":"product-type-simple"},"_links":{"self":[{"href":"https:\/\/nimedixmedical.com\/fr\/wp-json\/wp\/v2\/product\/107654","targetHints":{"allow":["GET"]}}],"collection":[{"href":"https:\/\/nimedixmedical.com\/fr\/wp-json\/wp\/v2\/product"}],"about":[{"href":"https:\/\/nimedixmedical.com\/fr\/wp-json\/wp\/v2\/types\/product"}],"replies":[{"embeddable":true,"href":"https:\/\/nimedixmedical.com\/fr\/wp-json\/wp\/v2\/comments?post=107654"}],"wp:featuredmedia":[{"embeddable":true,"href":"https:\/\/nimedixmedical.com\/fr\/wp-json\/wp\/v2\/media\/107655"}],"wp:attachment":[{"href":"https:\/\/nimedixmedical.com\/fr\/wp-json\/wp\/v2\/media?parent=107654"}],"wp:term":[{"taxonomy":"product_brand","embeddable":true,"href":"https:\/\/nimedixmedical.com\/fr\/wp-json\/wp\/v2\/product_brand?post=107654"},{"taxonomy":"product_cat","embeddable":true,"href":"https:\/\/nimedixmedical.com\/fr\/wp-json\/wp\/v2\/product_cat?post=107654"},{"taxonomy":"product_tag","embeddable":true,"href":"https:\/\/nimedixmedical.com\/fr\/wp-json\/wp\/v2\/product_tag?post=107654"}],"curies":[{"name":"wp","href":"https:\/\/api.w.org\/{rel}","templated":true}]}}