{"id":107615,"date":"2025-11-30T20:37:54","date_gmt":"2025-11-30T19:37:54","guid":{"rendered":"https:\/\/nimedixmedical.com\/notre-catalogue\/nebuliseur-clineb-pro-a-piston\/"},"modified":"2026-01-12T15:18:07","modified_gmt":"2026-01-12T14:18:07","slug":"nebuliseur-clineb-pro-a-piston","status":"publish","type":"product","link":"https:\/\/nimedixmedical.com\/fr\/notre-catalogue\/nebuliseur-clineb-pro-a-piston\/","title":{"rendered":"N\u00e9buliseur Clineb Pro &#8211; \u00e0 Piston"},"content":{"rendered":"<p>Le n\u00e9buliseur CLINEB PRO \u00e0 piston est un appareil m\u00e9dical de haute qualit\u00e9, id\u00e9al pour l&#8217;administration de m\u00e9dicaments en milieu clinique et hospitalier. Sa conception robuste et ses caract\u00e9ristiques techniques avanc\u00e9es en font un choix privil\u00e9gi\u00e9 pour les professionnels de sant\u00e9.<\/p>\n<h2>Caract\u00e9ristiques<\/h2>\n<ul>\n<li>Type : N\u00e9buliseur \u00e0 piston sec<\/li>\n<li>Fabrication : Made in Italy<\/li>\n<li>Tension de fonctionnement : 230 V &#8211; 50\/60 Hz<\/li>\n<li>Consommation : 110 VA<\/li>\n<li>Pression maximum : 300 kPa (3,0 bar)<\/li>\n<li>D\u00e9bit d\u2019air : 16 l\/min<\/li>\n<li>Pression de fonctionnement : 95 kPa (0,95 bar)<\/li>\n<li>D\u00e9bit n\u00e9bulisation : 8,0 l\/min<\/li>\n<li>Dimensions : 23x19xh25 cm<\/li>\n<li>Poids : 2,2 kg<\/li>\n<li>Niveau de bruit : 60dBA<\/li>\n<li>Classe : IIa &#8211; Classe d&#8217;isolation (EN60601-1): Classe II type<\/li>\n<\/ul>\n<h2>Livraison<\/h2>\n<ul>\n<li><strong>France :<\/strong> Livraison directe.<\/li>\n<li><strong>Export (Europe et Afrique) :<\/strong> Sur devis.<\/li>\n<\/ul>\n","protected":false},"excerpt":{"rendered":"<ul>\n<li>Usage : N\u00e9buliseur \u00e0 piston con\u00e7u pour l&#8217;administration de m\u00e9dicaments en milieu clinique et hospitalier.<\/li>\n<li>B\u00e9n\u00e9fice : Haute qualit\u00e9 et performance pour une n\u00e9bulisation efficace, garantissant un traitement optimal des patients.<\/li>\n<li>S\u00e9curit\u00e9 : Conforme aux normes de s\u00e9curit\u00e9 europ\u00e9ennes avec une isolation thermique et \u00e9lectrique \u00e9lev\u00e9e.<\/li>\n<li>Durabilit\u00e9 : Equip\u00e9 d&#8217;une ampoule longue dur\u00e9e et d&#8217;un syst\u00e8me de soupape r\u00e9glable pour une utilisation prolong\u00e9e.<\/li>\n<\/ul>\n","protected":false},"featured_media":107616,"comment_status":"open","ping_status":"open","template":"","meta":{"inline_featured_image":false},"product_brand":[],"product_cat":[1066,1076,1078],"product_tag":[],"class_list":{"0":"post-107615","1":"product","2":"type-product","3":"status-publish","4":"has-post-thumbnail","6":"product_cat-electromedicaux","7":"product_cat-nebuliseurs","8":"product_cat-nebuliseurs-a-usage-professionel-et-hospitalier","10":"first","11":"instock","12":"sale","13":"taxable","14":"shipping-taxable","15":"purchasable","16":"product-type-simple"},"_links":{"self":[{"href":"https:\/\/nimedixmedical.com\/fr\/wp-json\/wp\/v2\/product\/107615","targetHints":{"allow":["GET"]}}],"collection":[{"href":"https:\/\/nimedixmedical.com\/fr\/wp-json\/wp\/v2\/product"}],"about":[{"href":"https:\/\/nimedixmedical.com\/fr\/wp-json\/wp\/v2\/types\/product"}],"replies":[{"embeddable":true,"href":"https:\/\/nimedixmedical.com\/fr\/wp-json\/wp\/v2\/comments?post=107615"}],"wp:featuredmedia":[{"embeddable":true,"href":"https:\/\/nimedixmedical.com\/fr\/wp-json\/wp\/v2\/media\/107616"}],"wp:attachment":[{"href":"https:\/\/nimedixmedical.com\/fr\/wp-json\/wp\/v2\/media?parent=107615"}],"wp:term":[{"taxonomy":"product_brand","embeddable":true,"href":"https:\/\/nimedixmedical.com\/fr\/wp-json\/wp\/v2\/product_brand?post=107615"},{"taxonomy":"product_cat","embeddable":true,"href":"https:\/\/nimedixmedical.com\/fr\/wp-json\/wp\/v2\/product_cat?post=107615"},{"taxonomy":"product_tag","embeddable":true,"href":"https:\/\/nimedixmedical.com\/fr\/wp-json\/wp\/v2\/product_tag?post=107615"}],"curies":[{"name":"wp","href":"https:\/\/api.w.org\/{rel}","templated":true}]}}