{"id":107524,"date":"2025-11-30T20:36:36","date_gmt":"2025-11-30T19:36:36","guid":{"rendered":"https:\/\/nimedixmedical.com\/notre-catalogue\/mag-2000-plus-pour-magnetotherapie-2-canaux\/"},"modified":"2026-01-12T15:17:47","modified_gmt":"2026-01-12T14:17:47","slug":"mag-2000-plus-pour-magnetotherapie-2-canaux","status":"publish","type":"product","link":"https:\/\/nimedixmedical.com\/fr\/notre-catalogue\/mag-2000-plus-pour-magnetotherapie-2-canaux\/","title":{"rendered":"Mag 2000 Plus pour Magn\u00e9toth\u00e9rapie &#8211; 2 Canaux"},"content":{"rendered":"<p>Le MAG 2000 PLUS est un dispositif de magn\u00e9toth\u00e9rapie con\u00e7u pour le traitement \u00e0 domicile ou en milieu clinique. Il utilise un champ magn\u00e9tique pour soulager divers troubles musculosquelettiques, favorisant ainsi la r\u00e9cup\u00e9ration et le bien-\u00eatre des utilisateurs.<\/p>\n<h2>Caract\u00e9ristiques<\/h2>\n<ul>\n<li>Appareil CEMP \u00e0 2 canaux avec 400 Gauss<\/li>\n<li>35 programmes th\u00e9rapeutiques, incluant 20 programmes pr\u00e9d\u00e9finis pour traiter des pathologies sp\u00e9cifiques<\/li>\n<li>14 fr\u00e9quences de travail allant de 1 \u00e0 100 Hertz et programme d\u2019auto-balayage<\/li>\n<li>Intensit\u00e9 du champ magn\u00e9tique ajustable jusqu&#8217;\u00e0 400 Gauss (200 Gauss par canal)<\/li>\n<li>Ceinture \u00e9lastique th\u00e9rapeutique avec 3 sol\u00e9no\u00efdes incluse<\/li>\n<li>Paire de sol\u00e9no\u00efdes professionnels fournie<\/li>\n<li>Dimensions : 180x110x50 mm<\/li>\n<li>Mode d&#8217;emploi en plusieurs langues (GB, FR, IT, ES, DE)<\/li>\n<\/ul>\n<h2>Livraison<\/h2>\n<ul>\n<li><strong>France :<\/strong> Livraison directe.<\/li>\n<li><strong>Export (Europe et Afrique) :<\/strong> Sur devis.<\/li>\n<\/ul>\n","protected":false},"excerpt":{"rendered":"<ul>\n<li>Appareil de magn\u00e9toth\u00e9rapie \u00e0 domicile ou en milieu professionnel<\/li>\n<li>35 programmes adapt\u00e9s \u00e0 diverses pathologies pour un traitement cibl\u00e9<\/li>\n<li>Intensit\u00e9 r\u00e9glable jusqu&#8217;\u00e0 400 Gauss pour un soulagement optimal<\/li>\n<li>Stockage de 10 m\u00e9moires utilisateur pour personnaliser les s\u00e9ances<\/li>\n<\/ul>\n","protected":false},"featured_media":107525,"comment_status":"open","ping_status":"open","template":"","meta":{"inline_featured_image":false},"product_brand":[],"product_cat":[1066,1073,1070],"product_tag":[],"class_list":{"0":"post-107524","1":"product","2":"type-product","3":"status-publish","4":"has-post-thumbnail","6":"product_cat-electromedicaux","7":"product_cat-magnetotherapie","8":"product_cat-physiotherapie-et-accessoires","10":"first","11":"instock","12":"sale","13":"taxable","14":"shipping-taxable","15":"purchasable","16":"product-type-simple"},"_links":{"self":[{"href":"https:\/\/nimedixmedical.com\/fr\/wp-json\/wp\/v2\/product\/107524","targetHints":{"allow":["GET"]}}],"collection":[{"href":"https:\/\/nimedixmedical.com\/fr\/wp-json\/wp\/v2\/product"}],"about":[{"href":"https:\/\/nimedixmedical.com\/fr\/wp-json\/wp\/v2\/types\/product"}],"replies":[{"embeddable":true,"href":"https:\/\/nimedixmedical.com\/fr\/wp-json\/wp\/v2\/comments?post=107524"}],"wp:featuredmedia":[{"embeddable":true,"href":"https:\/\/nimedixmedical.com\/fr\/wp-json\/wp\/v2\/media\/107525"}],"wp:attachment":[{"href":"https:\/\/nimedixmedical.com\/fr\/wp-json\/wp\/v2\/media?parent=107524"}],"wp:term":[{"taxonomy":"product_brand","embeddable":true,"href":"https:\/\/nimedixmedical.com\/fr\/wp-json\/wp\/v2\/product_brand?post=107524"},{"taxonomy":"product_cat","embeddable":true,"href":"https:\/\/nimedixmedical.com\/fr\/wp-json\/wp\/v2\/product_cat?post=107524"},{"taxonomy":"product_tag","embeddable":true,"href":"https:\/\/nimedixmedical.com\/fr\/wp-json\/wp\/v2\/product_tag?post=107524"}],"curies":[{"name":"wp","href":"https:\/\/api.w.org\/{rel}","templated":true}]}}