{"id":107487,"date":"2025-11-30T20:35:48","date_gmt":"2025-11-30T19:35:48","guid":{"rendered":"https:\/\/nimedixmedical.com\/notre-catalogue\/creme-conductrice-diater-1-l-arnica\/"},"modified":"2026-01-12T15:17:35","modified_gmt":"2026-01-12T14:17:35","slug":"creme-conductrice-diater-1-l-arnica","status":"publish","type":"product","link":"https:\/\/nimedixmedical.com\/fr\/notre-catalogue\/creme-conductrice-diater-1-l-arnica\/","title":{"rendered":"Cr\u00e8me Conductrice Diater 1 L &#8211; Arnica"},"content":{"rendered":"<p>La cr\u00e8me conductrice Diater \u00e0 l&#8217;arnica est con\u00e7ue pour les professionnels de sant\u00e9. Elle favorise la r\u00e9cup\u00e9ration fonctionnelle des athl\u00e8tes, tout en \u00e9tant efficace dans les traitements esth\u00e9tiques. Sa formule sans parab\u00e8nes ni p\u00e9trolatum garantit une utilisation s\u00fbre et adapt\u00e9e aux soins des tissus.<\/p>\n<h2>Caract\u00e9ristiques<\/h2>\n<ul>\n<li>Volume : 1 litre<\/li>\n<li>Formulation riche en ingr\u00e9dients actifs pour les traitements musculosquelettiques<\/li>\n<li>Absorption exceptionnelle et am\u00e9lioration des th\u00e9rapies cibl\u00e9es sur les tissus trait\u00e9s<\/li>\n<li>Sans parab\u00e8nes ni p\u00e9trolatum, respectueuse des peaux sensibles<\/li>\n<li>Id\u00e9ale pour les mobilisations passives et le traitement des cicatrices<\/li>\n<li>Conditions de stockage : r\u00e9cipients en PET prot\u00e9g\u00e9s de la chaleur et de la lumi\u00e8re<\/li>\n<\/ul>\n<h2>Livraison<\/h2>\n<ul>\n<li><strong>France :<\/strong> Livraison directe.<\/li>\n<li><strong>Export (Europe et Afrique) :<\/strong> Sur devis.<\/li>\n<\/ul>\n","protected":false},"excerpt":{"rendered":"<ul>\n<li>Usage professionnel dans divers domaines tels que la physioth\u00e9rapie et la chirurgie plastique.<\/li>\n<li>Id\u00e9ale pour traiter inflammations aigu\u00ebs et chroniques des tissus et des articulations.<\/li>\n<li>Contient de l&#8217;arnica pour une action d\u00e9congestionnante et protectrice.<\/li>\n<li>Hydrate et pr\u00e9serve l&#8217;\u00e9quilibre hydrique des tissus gr\u00e2ce \u00e0 l&#8217;acide hyaluronique.<\/li>\n<\/ul>\n","protected":false},"featured_media":107488,"comment_status":"open","ping_status":"open","template":"","meta":{"inline_featured_image":false},"product_brand":[],"product_cat":[1066,1070,1072],"product_tag":[],"class_list":{"0":"post-107487","1":"product","2":"type-product","3":"status-publish","4":"has-post-thumbnail","6":"product_cat-electromedicaux","7":"product_cat-physiotherapie-et-accessoires","8":"product_cat-tecartherapie","10":"first","11":"instock","12":"sale","13":"taxable","14":"shipping-taxable","15":"purchasable","16":"product-type-simple"},"_links":{"self":[{"href":"https:\/\/nimedixmedical.com\/fr\/wp-json\/wp\/v2\/product\/107487","targetHints":{"allow":["GET"]}}],"collection":[{"href":"https:\/\/nimedixmedical.com\/fr\/wp-json\/wp\/v2\/product"}],"about":[{"href":"https:\/\/nimedixmedical.com\/fr\/wp-json\/wp\/v2\/types\/product"}],"replies":[{"embeddable":true,"href":"https:\/\/nimedixmedical.com\/fr\/wp-json\/wp\/v2\/comments?post=107487"}],"wp:featuredmedia":[{"embeddable":true,"href":"https:\/\/nimedixmedical.com\/fr\/wp-json\/wp\/v2\/media\/107488"}],"wp:attachment":[{"href":"https:\/\/nimedixmedical.com\/fr\/wp-json\/wp\/v2\/media?parent=107487"}],"wp:term":[{"taxonomy":"product_brand","embeddable":true,"href":"https:\/\/nimedixmedical.com\/fr\/wp-json\/wp\/v2\/product_brand?post=107487"},{"taxonomy":"product_cat","embeddable":true,"href":"https:\/\/nimedixmedical.com\/fr\/wp-json\/wp\/v2\/product_cat?post=107487"},{"taxonomy":"product_tag","embeddable":true,"href":"https:\/\/nimedixmedical.com\/fr\/wp-json\/wp\/v2\/product_tag?post=107487"}],"curies":[{"name":"wp","href":"https:\/\/api.w.org\/{rel}","templated":true}]}}