{"id":107471,"date":"2025-11-30T20:35:48","date_gmt":"2025-11-30T19:35:48","guid":{"rendered":"https:\/\/nimedixmedical.com\/notre-catalogue\/gima-utc-2-unite-ultrasons-et-electrotherapie\/"},"modified":"2026-01-12T15:17:32","modified_gmt":"2026-01-12T14:17:32","slug":"gima-utc-2-unite-ultrasons-et-electrotherapie","status":"publish","type":"product","link":"https:\/\/nimedixmedical.com\/fr\/notre-catalogue\/gima-utc-2-unite-ultrasons-et-electrotherapie\/","title":{"rendered":"GIMA Utc 2 Unit\u00e9 Ultrasons et \u00c9lectroth\u00e9rapie"},"content":{"rendered":"<p>Le GIMA UTC 2 est un appareil m\u00e9dical avanc\u00e9, con\u00e7u pour les professionnels de la physioth\u00e9rapie. Il combine des fonctionnalit\u00e9s d&#8217;ultrasons et d&#8217;\u00e9lectroth\u00e9rapie, permettant de traiter divers troubles musculo-squelettiques gr\u00e2ce \u00e0 des technologies de pointe.<\/p>\n<h2>Caract\u00e9ristiques<\/h2>\n<ul>\n<li>Unit\u00e9 programmable pour ultrasons de 1 \u00e0 3 MHz et 2 canaux d&#8217;\u00e9lectroth\u00e9rapie.<\/li>\n<li>Ultrasons continus ou modul\u00e9s avec intensit\u00e9 et dur\u00e9e ajustables.<\/li>\n<li>Transducteurs utilisables sous l&#8217;eau, adapt\u00e9s \u00e0 diverses pathologies.<\/li>\n<li>\u00c9cran tactile lumineux avec commandes tactiles, touches ou molette.<\/li>\n<li>Vaste gamme de protocoles pr\u00e9programm\u00e9s et programmes personnalis\u00e9s.<\/li>\n<li>Reconnaissance automatique de l\u2019appareil connect\u00e9 avec \u00e9mission continue ou puls\u00e9e.<\/li>\n<li>Syst\u00e8me de s\u00e9curit\u00e9 avec d\u00e9connexion du courant en cas de d\u00e9branchement accidentel.<\/li>\n<li>Logiciel disponible en 6 langues : GB, FR, IT, ES, DE, PT.<\/li>\n<li>Made in Italy, avec des sp\u00e9cifications techniques de pointe.<\/li>\n<\/ul>\n<h2>Livraison<\/h2>\n<ul>\n<li><strong>France :<\/strong> Livraison directe.<\/li>\n<li><strong>Export (Europe et Afrique) :<\/strong> Sur devis.<\/li>\n<\/ul>\n","protected":false},"excerpt":{"rendered":"<ul>\n<li>\u00c9quipement polyvalent combinant ultrasons et \u00e9lectroth\u00e9rapie pour un traitement complet.<\/li>\n<li>Permet un traitement cibl\u00e9 gr\u00e2ce \u00e0 des r\u00e9glages d&#8217;intensit\u00e9 et de dur\u00e9e programmables.<\/li>\n<li>Facilit\u00e9 d&#8217;utilisation avec un \u00e9cran tactile et des protocoles pr\u00e9programm\u00e9s.<\/li>\n<li>Conception s\u00e9curis\u00e9e avec d\u00e9connexion automatique en cas d&#8217;accident.<\/li>\n<\/ul>\n","protected":false},"featured_media":107472,"comment_status":"open","ping_status":"open","template":"","meta":{"inline_featured_image":false},"product_brand":[],"product_cat":[1066,1070,1071],"product_tag":[],"class_list":{"0":"post-107471","1":"product","2":"type-product","3":"status-publish","4":"has-post-thumbnail","6":"product_cat-electromedicaux","7":"product_cat-physiotherapie-et-accessoires","8":"product_cat-therapie-ultrasons","10":"first","11":"instock","12":"sale","13":"taxable","14":"shipping-taxable","15":"purchasable","16":"product-type-simple"},"_links":{"self":[{"href":"https:\/\/nimedixmedical.com\/fr\/wp-json\/wp\/v2\/product\/107471","targetHints":{"allow":["GET"]}}],"collection":[{"href":"https:\/\/nimedixmedical.com\/fr\/wp-json\/wp\/v2\/product"}],"about":[{"href":"https:\/\/nimedixmedical.com\/fr\/wp-json\/wp\/v2\/types\/product"}],"replies":[{"embeddable":true,"href":"https:\/\/nimedixmedical.com\/fr\/wp-json\/wp\/v2\/comments?post=107471"}],"wp:featuredmedia":[{"embeddable":true,"href":"https:\/\/nimedixmedical.com\/fr\/wp-json\/wp\/v2\/media\/107472"}],"wp:attachment":[{"href":"https:\/\/nimedixmedical.com\/fr\/wp-json\/wp\/v2\/media?parent=107471"}],"wp:term":[{"taxonomy":"product_brand","embeddable":true,"href":"https:\/\/nimedixmedical.com\/fr\/wp-json\/wp\/v2\/product_brand?post=107471"},{"taxonomy":"product_cat","embeddable":true,"href":"https:\/\/nimedixmedical.com\/fr\/wp-json\/wp\/v2\/product_cat?post=107471"},{"taxonomy":"product_tag","embeddable":true,"href":"https:\/\/nimedixmedical.com\/fr\/wp-json\/wp\/v2\/product_tag?post=107471"}],"curies":[{"name":"wp","href":"https:\/\/api.w.org\/{rel}","templated":true}]}}