{"id":107378,"date":"2025-11-30T20:34:40","date_gmt":"2025-11-30T19:34:40","guid":{"rendered":"https:\/\/nimedixmedical.com\/notre-catalogue\/tuyau-silicone-4x6-mm-1-mm-epaiss\/"},"modified":"2026-01-12T15:17:08","modified_gmt":"2026-01-12T14:17:08","slug":"tuyau-silicone-4x6-mm-1-mm-epaiss","status":"publish","type":"product","link":"https:\/\/nimedixmedical.com\/fr\/notre-catalogue\/tuyau-silicone-4x6-mm-1-mm-epaiss\/","title":{"rendered":"Tuyau Silicone 4&#215;6 mm &#8211; 1 mm \u00c9paiss."},"content":{"rendered":"<p>Le tuyau en silicone 4&#215;6 mm est con\u00e7u pour une utilisation m\u00e9dicale externe. Sa fabrication en 100% silicone de qualit\u00e9 m\u00e9dicale garantit une performance optimale dans divers contextes m\u00e9dicaux.<\/p>\n<h2>Caract\u00e9ristiques<\/h2>\n<ul>\n<li>Mati\u00e8re : 100% silicone HCR, translucide.<\/li>\n<li>Duret\u00e9 : 60\u00b0 \u00b15% Shore &#8211; DIN 53505.<\/li>\n<li>Densit\u00e9 : 1,17 g\/ccm &#8211; DIN 53479A.<\/li>\n<li>Extension : 490\/530% &#8211; DIN 53504S1.<\/li>\n<li>R\u00e9sistance \u00e0 la d\u00e9chirure : 34-35 N\/mm &#8211; ASTM D 624 B.<\/li>\n<li>Conforme aux normes : US PHARMACOPEIA XXI, EUROPEAN PHARMACOPEA, DIN 58367, FDA 177.2600, BGA XV partie A et B.<\/li>\n<li>Fabrication : Made in Spain.<\/li>\n<\/ul>\n<h2>Livraison<\/h2>\n<ul>\n<li><strong>France :<\/strong> Livraison directe.<\/li>\n<li><strong>Export (Europe et Afrique) :<\/strong> Sur devis.<\/li>\n<\/ul>\n","protected":false},"excerpt":{"rendered":"<ul>\n<li>Utilisation : Tuyau en silicone m\u00e9dical pour applications externes.<\/li>\n<li>R\u00e9sistance : Supporte des temp\u00e9ratures allant jusqu&#8217;\u00e0 200 \u00b0C.<\/li>\n<li>Propri\u00e9t\u00e9s : Antiadh\u00e9rent, \u00e9vitant les incrustations et coagulations.<\/li>\n<li>Qualit\u00e9 : Fabriqu\u00e9 en UE, conforme aux normes pharmaceutiques.<\/li>\n<\/ul>\n","protected":false},"featured_media":107354,"comment_status":"open","ping_status":"open","template":"","meta":{"inline_featured_image":false},"product_brand":[],"product_cat":[1066,1067],"product_tag":[],"class_list":{"0":"post-107378","1":"product","2":"type-product","3":"status-publish","4":"has-post-thumbnail","6":"product_cat-electromedicaux","7":"product_cat-tuyaux-en-silicone","9":"first","10":"instock","11":"sale","12":"taxable","13":"shipping-taxable","14":"purchasable","15":"product-type-simple"},"_links":{"self":[{"href":"https:\/\/nimedixmedical.com\/fr\/wp-json\/wp\/v2\/product\/107378","targetHints":{"allow":["GET"]}}],"collection":[{"href":"https:\/\/nimedixmedical.com\/fr\/wp-json\/wp\/v2\/product"}],"about":[{"href":"https:\/\/nimedixmedical.com\/fr\/wp-json\/wp\/v2\/types\/product"}],"replies":[{"embeddable":true,"href":"https:\/\/nimedixmedical.com\/fr\/wp-json\/wp\/v2\/comments?post=107378"}],"wp:featuredmedia":[{"embeddable":true,"href":"https:\/\/nimedixmedical.com\/fr\/wp-json\/wp\/v2\/media\/107354"}],"wp:attachment":[{"href":"https:\/\/nimedixmedical.com\/fr\/wp-json\/wp\/v2\/media?parent=107378"}],"wp:term":[{"taxonomy":"product_brand","embeddable":true,"href":"https:\/\/nimedixmedical.com\/fr\/wp-json\/wp\/v2\/product_brand?post=107378"},{"taxonomy":"product_cat","embeddable":true,"href":"https:\/\/nimedixmedical.com\/fr\/wp-json\/wp\/v2\/product_cat?post=107378"},{"taxonomy":"product_tag","embeddable":true,"href":"https:\/\/nimedixmedical.com\/fr\/wp-json\/wp\/v2\/product_tag?post=107378"}],"curies":[{"name":"wp","href":"https:\/\/api.w.org\/{rel}","templated":true}]}}