{"id":107369,"date":"2025-11-30T20:34:40","date_gmt":"2025-11-30T19:34:40","guid":{"rendered":"https:\/\/nimedixmedical.com\/notre-catalogue\/tuyau-silicone-6x10-mm-2-mm-epaiss\/"},"modified":"2026-01-12T15:17:00","modified_gmt":"2026-01-12T14:17:00","slug":"tuyau-silicone-6x10-mm-2-mm-epaiss","status":"publish","type":"product","link":"https:\/\/nimedixmedical.com\/fr\/notre-catalogue\/tuyau-silicone-6x10-mm-2-mm-epaiss\/","title":{"rendered":"Tuyau Silicone 6&#215;10 mm &#8211; 2 mm \u00c9paiss."},"content":{"rendered":"<p>Le tuyau en silicone 6&#215;10 mm avec une \u00e9paisseur de 2 mm est con\u00e7u pour des applications m\u00e9dicales externes. Fabriqu\u00e9 \u00e0 partir de 100% de silicone de qualit\u00e9 m\u00e9dicale, il r\u00e9pond aux normes strictes de s\u00e9curit\u00e9 et de performance pour un usage s\u00fbr en milieu m\u00e9dical.<\/p>\n<h2>Caract\u00e9ristiques<\/h2>\n<ul>\n<li>Mati\u00e8re : 100% silicone, de qualit\u00e9 m\u00e9dicale.<\/li>\n<li>R\u00e9sistance \u00e0 la chaleur : jusqu&#8217;\u00e0 200 \u00b0C.<\/li>\n<li>Translucide, inodore et antiadh\u00e9rent.<\/li>\n<li>Conforme aux r\u00e9glementations : US PHARMACOPEIA XXI, EUROPEAN PHARMACOPEA, DIN 58367, DIN 58362, FDA 177.2600.<\/li>\n<li>Duret\u00e9 : 60\u00b0 \u00b15% Shore.<\/li>\n<li>Densit\u00e9 : 1,17 g\/ccm.<\/li>\n<li>Extension : 490\/530%.<\/li>\n<li>R\u00e9sistance \u00e0 la d\u00e9chirure : 34-35 N\/mm.<\/li>\n<\/ul>\n<h2>Livraison<\/h2>\n<ul>\n<li><strong>France :<\/strong> Livraison directe.<\/li>\n<li><strong>Export (Europe et Afrique) :<\/strong> Sur devis.<\/li>\n<\/ul>\n","protected":false},"excerpt":{"rendered":"<ul>\n<li>Utilisation m\u00e9dicale externe, conforme aux normes de qualit\u00e9.<\/li>\n<li>R\u00e9sistant \u00e0 des temp\u00e9ratures \u00e9lev\u00e9es (jusqu&#8217;\u00e0 200 \u00b0C).<\/li>\n<li>Antiadh\u00e9rent, \u00e9vitant les incrustations et coagulations.<\/li>\n<li>Fabriqu\u00e9 en UE, garantissant une qualit\u00e9 sup\u00e9rieure.<\/li>\n<\/ul>\n","protected":false},"featured_media":107354,"comment_status":"open","ping_status":"open","template":"","meta":{"inline_featured_image":false},"product_brand":[],"product_cat":[1066,1067],"product_tag":[],"class_list":{"0":"post-107369","1":"product","2":"type-product","3":"status-publish","4":"has-post-thumbnail","6":"product_cat-electromedicaux","7":"product_cat-tuyaux-en-silicone","9":"first","10":"instock","11":"sale","12":"taxable","13":"shipping-taxable","14":"purchasable","15":"product-type-simple"},"_links":{"self":[{"href":"https:\/\/nimedixmedical.com\/fr\/wp-json\/wp\/v2\/product\/107369","targetHints":{"allow":["GET"]}}],"collection":[{"href":"https:\/\/nimedixmedical.com\/fr\/wp-json\/wp\/v2\/product"}],"about":[{"href":"https:\/\/nimedixmedical.com\/fr\/wp-json\/wp\/v2\/types\/product"}],"replies":[{"embeddable":true,"href":"https:\/\/nimedixmedical.com\/fr\/wp-json\/wp\/v2\/comments?post=107369"}],"wp:featuredmedia":[{"embeddable":true,"href":"https:\/\/nimedixmedical.com\/fr\/wp-json\/wp\/v2\/media\/107354"}],"wp:attachment":[{"href":"https:\/\/nimedixmedical.com\/fr\/wp-json\/wp\/v2\/media?parent=107369"}],"wp:term":[{"taxonomy":"product_brand","embeddable":true,"href":"https:\/\/nimedixmedical.com\/fr\/wp-json\/wp\/v2\/product_brand?post=107369"},{"taxonomy":"product_cat","embeddable":true,"href":"https:\/\/nimedixmedical.com\/fr\/wp-json\/wp\/v2\/product_cat?post=107369"},{"taxonomy":"product_tag","embeddable":true,"href":"https:\/\/nimedixmedical.com\/fr\/wp-json\/wp\/v2\/product_tag?post=107369"}],"curies":[{"name":"wp","href":"https:\/\/api.w.org\/{rel}","templated":true}]}}