{"id":107359,"date":"2025-11-30T20:34:14","date_gmt":"2025-11-30T19:34:14","guid":{"rendered":"https:\/\/nimedixmedical.com\/notre-catalogue\/tuyau-silicone-9x15-mm-3-mm-epaiss\/"},"modified":"2026-01-12T15:16:51","modified_gmt":"2026-01-12T14:16:51","slug":"tuyau-silicone-9x15-mm-3-mm-epaiss","status":"publish","type":"product","link":"https:\/\/nimedixmedical.com\/fr\/notre-catalogue\/tuyau-silicone-9x15-mm-3-mm-epaiss\/","title":{"rendered":"Tuyau Silicone 9&#215;15 mm &#8211; 3 mm \u00c9paiss."},"content":{"rendered":"<p>Le tuyau en silicone 9&#215;15 mm est con\u00e7u sp\u00e9cifiquement pour des applications m\u00e9dicales externes. Fabriqu\u00e9 en 100% silicone de qualit\u00e9 m\u00e9dicale, il est id\u00e9al pour une utilisation dans des environnements n\u00e9cessitant des mat\u00e9riaux s\u00fbrs et fiables.<\/p>\n<h2>Caract\u00e9ristiques<\/h2>\n<ul>\n<li>Mati\u00e8re premi\u00e8re : HCR (silicone de haute qualit\u00e9).<\/li>\n<li>Couleur : translucide.<\/li>\n<li>Duret\u00e9 : 60\u00b0 \u00b15% Shore (conforme \u00e0 DIN 53505).<\/li>\n<li>Densit\u00e9 : 1,17 g\/ccm (selon DIN 53479A).<\/li>\n<li>Extension : 490\/530% (selon DIN 53504S1).<\/li>\n<li>R\u00e9sistance \u00e0 la d\u00e9chirure : 34-35 N\/mm (selon ASTM D 624 B).<\/li>\n<li>Conforme aux normes : US PHARMACOPEA XXI, EUROPEAN PHARMACOPEA, DIN 58367, DIN 58362, DIN 13098, FDA 177.2600, BGA XV partie A et B, BGA IX partie B.<\/li>\n<\/ul>\n<h2>Livraison<\/h2>\n<ul>\n<li><strong>France :<\/strong> Livraison directe.<\/li>\n<li><strong>Export (Europe et Afrique) :<\/strong> Sur devis.<\/li>\n<\/ul>\n","protected":false},"excerpt":{"rendered":"<ul>\n<li>Utilisation m\u00e9dicale externe, garantissant une s\u00e9curit\u00e9 optimale.<\/li>\n<li>R\u00e9sistants \u00e0 des temp\u00e9ratures \u00e9lev\u00e9es, jusqu&#8217;\u00e0 200 \u00b0C.<\/li>\n<li>Propri\u00e9t\u00e9s antiadh\u00e9rentes, \u00e9vitant les incrustations et coagulations.<\/li>\n<li>Fabriqu\u00e9s en Espagne avec des normes de qualit\u00e9 m\u00e9dicale strictes.<\/li>\n<\/ul>\n","protected":false},"featured_media":107354,"comment_status":"open","ping_status":"open","template":"","meta":{"inline_featured_image":false},"product_brand":[],"product_cat":[1066,1067],"product_tag":[],"class_list":{"0":"post-107359","1":"product","2":"type-product","3":"status-publish","4":"has-post-thumbnail","6":"product_cat-electromedicaux","7":"product_cat-tuyaux-en-silicone","9":"first","10":"instock","11":"sale","12":"taxable","13":"shipping-taxable","14":"purchasable","15":"product-type-simple"},"_links":{"self":[{"href":"https:\/\/nimedixmedical.com\/fr\/wp-json\/wp\/v2\/product\/107359","targetHints":{"allow":["GET"]}}],"collection":[{"href":"https:\/\/nimedixmedical.com\/fr\/wp-json\/wp\/v2\/product"}],"about":[{"href":"https:\/\/nimedixmedical.com\/fr\/wp-json\/wp\/v2\/types\/product"}],"replies":[{"embeddable":true,"href":"https:\/\/nimedixmedical.com\/fr\/wp-json\/wp\/v2\/comments?post=107359"}],"wp:featuredmedia":[{"embeddable":true,"href":"https:\/\/nimedixmedical.com\/fr\/wp-json\/wp\/v2\/media\/107354"}],"wp:attachment":[{"href":"https:\/\/nimedixmedical.com\/fr\/wp-json\/wp\/v2\/media?parent=107359"}],"wp:term":[{"taxonomy":"product_brand","embeddable":true,"href":"https:\/\/nimedixmedical.com\/fr\/wp-json\/wp\/v2\/product_brand?post=107359"},{"taxonomy":"product_cat","embeddable":true,"href":"https:\/\/nimedixmedical.com\/fr\/wp-json\/wp\/v2\/product_cat?post=107359"},{"taxonomy":"product_tag","embeddable":true,"href":"https:\/\/nimedixmedical.com\/fr\/wp-json\/wp\/v2\/product_tag?post=107359"}],"curies":[{"name":"wp","href":"https:\/\/api.w.org\/{rel}","templated":true}]}}