{"id":107252,"date":"2025-11-30T20:32:55","date_gmt":"2025-11-30T19:32:55","guid":{"rendered":"https:\/\/nimedixmedical.com\/notre-catalogue\/sangles-pour-transducteur-foetal-a-usage-unique-6x120-cm-rose-bleu-clair\/"},"modified":"2026-01-12T15:16:20","modified_gmt":"2026-01-12T14:16:20","slug":"sangles-pour-transducteur-foetal-a-usage-unique-6x120-cm-rose-bleu-clair","status":"publish","type":"product","link":"https:\/\/nimedixmedical.com\/fr\/notre-catalogue\/sangles-pour-transducteur-foetal-a-usage-unique-6x120-cm-rose-bleu-clair\/","title":{"rendered":"Sangles pour Transducteur Foetal \u00c0 Usage Unique 6&#215;120 cm &#8211; Rose-bleu Clair"},"content":{"rendered":"<p>Les sangles pour transducteur f\u0153tal \u00e0 usage unique sont essentielles dans le domaine de la gyn\u00e9cologie pour assurer un suivi optimal de la sant\u00e9 f\u0153tale. Con\u00e7ues pour garantir une utilisation hygi\u00e9nique, elles sont id\u00e9ales pour une utilisation dans les \u00e9tablissements de sant\u00e9.<\/p>\n<h2>Caract\u00e9ristiques<\/h2>\n<ul>\n<li>Dimensions : 120&#215;6 cm, \u00e9paisseur de 0,8 mm \u00b1 0,1 mm.<\/li>\n<li>Mat\u00e9riaux : 85% polyester et spandex, offrant une souplesse et un confort optimaux.<\/li>\n<li>Durabilit\u00e9 : R\u00e9sistantes \u00e0 l&#8217;abrasion, \u00e0 la corrosion, \u00e0 la lumi\u00e8re et \u00e0 la chaleur.<\/li>\n<li>Conception : Pourvues de boutons et de boutonni\u00e8res \u00e9quidistantes pour un r\u00e9glage facile et personnalis\u00e9.<\/li>\n<li>Quantit\u00e9 : Vendu en lot de 100 paires (1 rose + 1 bleu clair).<\/li>\n<li>Compatibilit\u00e9 : Compatible avec Bionet, EDAN, Philips M1350, Philips s\u00e9rie FM 20, GE, Corometrics, Sonicaid, Huntleigh et la majorit\u00e9 des moniteurs f\u0153taux.<\/li>\n<\/ul>\n<h2>Livraison<\/h2>\n<ul>\n<li><strong>France :<\/strong> Livraison directe.<\/li>\n<li><strong>Export (Europe et Afrique) :<\/strong> Sur devis.<\/li>\n<\/ul>\n","protected":false},"excerpt":{"rendered":"<ul>\n<li>Usage : Sangles \u00e9lastiques jetables pour transducteur f\u0153tal, con\u00e7ues pour \u00e9viter la contamination crois\u00e9e.<\/li>\n<li>B\u00e9n\u00e9fice : Confort et s\u00e9curit\u00e9 gr\u00e2ce \u00e0 des mat\u00e9riaux r\u00e9sistants \u00e0 l&#8217;abrasion et \u00e0 la chaleur.<\/li>\n<li>\u00c9lasticit\u00e9 : Performances \u00e9lev\u00e9es avec plus de 1 000 \u00e9tirements possibles.<\/li>\n<li>Compatibilit\u00e9 : Adapt\u00e9es \u00e0 la plupart des moniteurs f\u0153taux, incluant des marques reconnues telles que Philips et GE.<\/li>\n<\/ul>\n","protected":false},"featured_media":107253,"comment_status":"open","ping_status":"open","template":"","meta":{"inline_featured_image":false},"product_brand":[],"product_cat":[1063,1040],"product_tag":[],"class_list":{"0":"post-107252","1":"product","2":"type-product","3":"status-publish","4":"has-post-thumbnail","6":"product_cat-cardiotocographes","7":"product_cat-gynecologie","9":"first","10":"instock","11":"sale","12":"taxable","13":"shipping-taxable","14":"purchasable","15":"product-type-simple"},"_links":{"self":[{"href":"https:\/\/nimedixmedical.com\/fr\/wp-json\/wp\/v2\/product\/107252","targetHints":{"allow":["GET"]}}],"collection":[{"href":"https:\/\/nimedixmedical.com\/fr\/wp-json\/wp\/v2\/product"}],"about":[{"href":"https:\/\/nimedixmedical.com\/fr\/wp-json\/wp\/v2\/types\/product"}],"replies":[{"embeddable":true,"href":"https:\/\/nimedixmedical.com\/fr\/wp-json\/wp\/v2\/comments?post=107252"}],"wp:featuredmedia":[{"embeddable":true,"href":"https:\/\/nimedixmedical.com\/fr\/wp-json\/wp\/v2\/media\/107253"}],"wp:attachment":[{"href":"https:\/\/nimedixmedical.com\/fr\/wp-json\/wp\/v2\/media?parent=107252"}],"wp:term":[{"taxonomy":"product_brand","embeddable":true,"href":"https:\/\/nimedixmedical.com\/fr\/wp-json\/wp\/v2\/product_brand?post=107252"},{"taxonomy":"product_cat","embeddable":true,"href":"https:\/\/nimedixmedical.com\/fr\/wp-json\/wp\/v2\/product_cat?post=107252"},{"taxonomy":"product_tag","embeddable":true,"href":"https:\/\/nimedixmedical.com\/fr\/wp-json\/wp\/v2\/product_tag?post=107252"}],"curies":[{"name":"wp","href":"https:\/\/api.w.org\/{rel}","templated":true}]}}