{"id":107210,"date":"2025-11-30T20:32:08","date_gmt":"2025-11-30T19:32:08","guid":{"rendered":"https:\/\/nimedixmedical.com\/notre-catalogue\/video-colposcope-a-led-colpro\/"},"modified":"2026-01-12T15:16:12","modified_gmt":"2026-01-12T14:16:12","slug":"video-colposcope-a-led-colpro","status":"publish","type":"product","link":"https:\/\/nimedixmedical.com\/fr\/notre-catalogue\/video-colposcope-a-led-colpro\/","title":{"rendered":"Vid\u00e9o Colposcope \u00c0 LED Colpro"},"content":{"rendered":"<p>Le vid\u00e9o colposcope \u00e0 LED COLPRO<\/p>\n","protected":false},"excerpt":{"rendered":"<ul>\n<li>Utilisation : Diagnostic et traitement gyn\u00e9cologique pr\u00e9cis gr\u00e2ce \u00e0 des images haute r\u00e9solution.<\/li>\n<li>B\u00e9n\u00e9fice : Observations optimales des tissus \u00e9pith\u00e9liaux et des vaisseaux sanguins gr\u00e2ce \u00e0 la technologie avanc\u00e9e.<\/li>\n<li>Ergonomie : Design facile \u00e0 utiliser et \u00e0 d\u00e9placer, adapt\u00e9 aux diff\u00e9rents besoins des praticiens.<\/li>\n<li>Connectivit\u00e9 : Multiples options de connexion pour une int\u00e9gration facile aux syst\u00e8mes de surveillance.<\/li>\n<\/ul>\n","protected":false},"featured_media":107211,"comment_status":"open","ping_status":"open","template":"","meta":{"inline_featured_image":false},"product_brand":[],"product_cat":[1062,1040],"product_tag":[],"class_list":{"0":"post-107210","1":"product","2":"type-product","3":"status-publish","4":"has-post-thumbnail","6":"product_cat-colposcope","7":"product_cat-gynecologie","9":"first","10":"instock","11":"sale","12":"taxable","13":"shipping-taxable","14":"purchasable","15":"product-type-simple"},"_links":{"self":[{"href":"https:\/\/nimedixmedical.com\/fr\/wp-json\/wp\/v2\/product\/107210","targetHints":{"allow":["GET"]}}],"collection":[{"href":"https:\/\/nimedixmedical.com\/fr\/wp-json\/wp\/v2\/product"}],"about":[{"href":"https:\/\/nimedixmedical.com\/fr\/wp-json\/wp\/v2\/types\/product"}],"replies":[{"embeddable":true,"href":"https:\/\/nimedixmedical.com\/fr\/wp-json\/wp\/v2\/comments?post=107210"}],"wp:featuredmedia":[{"embeddable":true,"href":"https:\/\/nimedixmedical.com\/fr\/wp-json\/wp\/v2\/media\/107211"}],"wp:attachment":[{"href":"https:\/\/nimedixmedical.com\/fr\/wp-json\/wp\/v2\/media?parent=107210"}],"wp:term":[{"taxonomy":"product_brand","embeddable":true,"href":"https:\/\/nimedixmedical.com\/fr\/wp-json\/wp\/v2\/product_brand?post=107210"},{"taxonomy":"product_cat","embeddable":true,"href":"https:\/\/nimedixmedical.com\/fr\/wp-json\/wp\/v2\/product_cat?post=107210"},{"taxonomy":"product_tag","embeddable":true,"href":"https:\/\/nimedixmedical.com\/fr\/wp-json\/wp\/v2\/product_tag?post=107210"}],"curies":[{"name":"wp","href":"https:\/\/api.w.org\/{rel}","templated":true}]}}