{"id":107118,"date":"2025-11-30T20:30:50","date_gmt":"2025-11-30T19:30:50","guid":{"rendered":"https:\/\/nimedixmedical.com\/notre-catalogue\/pipella-1-trou-sterile\/"},"modified":"2026-01-12T15:15:38","modified_gmt":"2026-01-12T14:15:38","slug":"pipella-1-trou-sterile","status":"publish","type":"product","link":"https:\/\/nimedixmedical.com\/fr\/notre-catalogue\/pipella-1-trou-sterile\/","title":{"rendered":"Pipella 1 Trou &#8211; St\u00e9rile"},"content":{"rendered":"<p>Le PIPPELLA 1 trou st\u00e9rile est un dispositif m\u00e9dical con\u00e7u sp\u00e9cifiquement pour le pr\u00e9l\u00e8vement cytologique de l&#8217;endom\u00e8tre. Son utilisation permet aux professionnels de sant\u00e9 d&#8217;effectuer des examens gyn\u00e9cologiques en toute s\u00e9curit\u00e9 et sans douleur pour les patientes.<\/p>\n<h2>Caract\u00e9ristiques<\/h2>\n<ul>\n<li>Trou : \u00d8 2,0 &#8211; 2,5 mm<\/li>\n<li>Diam\u00e8tre externe : 3,1 mm<\/li>\n<li>Longueur de la canule : 23,5 cm<\/li>\n<li>Longueur de la poign\u00e9e : 26,5 cm<\/li>\n<\/ul>\n<h2>Livraison<\/h2>\n<ul>\n<li><strong>France :<\/strong> Livraison directe.<\/li>\n<li><strong>Export (Europe et Afrique) :<\/strong> Sur devis.<\/li>\n<\/ul>\n","protected":false},"excerpt":{"rendered":"<ul>\n<li>Usage : Pr\u00e9l\u00e8vement cytologique endom\u00e9trial.<\/li>\n<li>B\u00e9n\u00e9fice : Examen facile et sans douleur de l\u2019endom\u00e8tre.<\/li>\n<li>Conception : \u00c9vite la dilatation et la traction du col de l\u2019ut\u00e9rus.<\/li>\n<li>Dimensions : Trou de 2,0 &#8211; 2,5 mm pour un pr\u00e9l\u00e8vement pr\u00e9cis.<\/li>\n<\/ul>\n","protected":false},"featured_media":107117,"comment_status":"open","ping_status":"open","template":"","meta":{"inline_featured_image":false},"product_brand":[],"product_cat":[1060,1053,1040],"product_tag":[],"class_list":{"0":"post-107118","1":"product","2":"type-product","3":"status-publish","4":"has-post-thumbnail","6":"product_cat-brossettes-de-prelevement","7":"product_cat-dispositifs-de-prelevement-spatules-cotons-tiges-lames","8":"product_cat-gynecologie","10":"first","11":"outofstock","12":"sale","13":"taxable","14":"shipping-taxable","15":"purchasable","16":"product-type-simple"},"_links":{"self":[{"href":"https:\/\/nimedixmedical.com\/fr\/wp-json\/wp\/v2\/product\/107118","targetHints":{"allow":["GET"]}}],"collection":[{"href":"https:\/\/nimedixmedical.com\/fr\/wp-json\/wp\/v2\/product"}],"about":[{"href":"https:\/\/nimedixmedical.com\/fr\/wp-json\/wp\/v2\/types\/product"}],"replies":[{"embeddable":true,"href":"https:\/\/nimedixmedical.com\/fr\/wp-json\/wp\/v2\/comments?post=107118"}],"wp:featuredmedia":[{"embeddable":true,"href":"https:\/\/nimedixmedical.com\/fr\/wp-json\/wp\/v2\/media\/107117"}],"wp:attachment":[{"href":"https:\/\/nimedixmedical.com\/fr\/wp-json\/wp\/v2\/media?parent=107118"}],"wp:term":[{"taxonomy":"product_brand","embeddable":true,"href":"https:\/\/nimedixmedical.com\/fr\/wp-json\/wp\/v2\/product_brand?post=107118"},{"taxonomy":"product_cat","embeddable":true,"href":"https:\/\/nimedixmedical.com\/fr\/wp-json\/wp\/v2\/product_cat?post=107118"},{"taxonomy":"product_tag","embeddable":true,"href":"https:\/\/nimedixmedical.com\/fr\/wp-json\/wp\/v2\/product_tag?post=107118"}],"curies":[{"name":"wp","href":"https:\/\/api.w.org\/{rel}","templated":true}]}}