{"id":107114,"date":"2025-11-30T20:30:50","date_gmt":"2025-11-30T19:30:50","guid":{"rendered":"https:\/\/nimedixmedical.com\/notre-catalogue\/endogyn-pour-prelevement-endometrial\/"},"modified":"2026-01-12T15:15:36","modified_gmt":"2026-01-12T14:15:36","slug":"endogyn-pour-prelevement-endometrial","status":"publish","type":"product","link":"https:\/\/nimedixmedical.com\/fr\/notre-catalogue\/endogyn-pour-prelevement-endometrial\/","title":{"rendered":"Endogyn pour Pr\u00e9l\u00e8vement Endom\u00e9trial"},"content":{"rendered":"<p>Le dispositif ENDOGYN est sp\u00e9cialement con\u00e7u pour le pr\u00e9l\u00e8vement endom\u00e9trial cytologique. Il permet d&#8217;effectuer des examens de l&#8217;endom\u00e8tre de mani\u00e8re simple et sans douleur, tout en garantissant une pr\u00e9servation optimale des tissus pr\u00e9lev\u00e9s.<\/p>\n<h2>Caract\u00e9ristiques<\/h2>\n<ul>\n<li>\u00d8 externe : 3,0 mm<\/li>\n<li>Longueur : 20 cm<\/li>\n<li>Mandrin en \u201cV\u201d termin\u00e9 par 2 branches asym\u00e9triques.<\/li>\n<li>Denture fine et ar\u00eates coupantes pour un \u00e9chantillonnage efficace.<\/li>\n<li>T\u00eate h\u00e9misph\u00e9rique permettant l&#8217;aspiration du tissu pr\u00e9lev\u00e9.<\/li>\n<li>Mesures d&#8217;hyst\u00e9rom\u00e9trie \u00e0 3, 6 et 9 cm.<\/li>\n<\/ul>\n<h2>Livraison<\/h2>\n<ul>\n<li><strong>France :<\/strong> Livraison directe.<\/li>\n<li><strong>Export (Europe et Afrique) :<\/strong> Sur devis.<\/li>\n<\/ul>\n","protected":false},"excerpt":{"rendered":"<ul>\n<li>Pr\u00e9l\u00e8vement endom\u00e9trial cytologique facile et sans douleur.<\/li>\n<li>\u00c9vite la dilatation et la traction du col de l\u2019ut\u00e9rus.<\/li>\n<li>Conception unique avec denture fine pour un meilleur \u00e9chantillonnage.<\/li>\n<li>Hyst\u00e9rom\u00e9trie mesurable \u00e0 3, 6 et 9 cm pour un usage pr\u00e9cis.<\/li>\n<\/ul>\n","protected":false},"featured_media":107115,"comment_status":"open","ping_status":"open","template":"","meta":{"inline_featured_image":false},"product_brand":[],"product_cat":[1060,1053,1040],"product_tag":[],"class_list":{"0":"post-107114","1":"product","2":"type-product","3":"status-publish","4":"has-post-thumbnail","6":"product_cat-brossettes-de-prelevement","7":"product_cat-dispositifs-de-prelevement-spatules-cotons-tiges-lames","8":"product_cat-gynecologie","10":"first","11":"instock","12":"sale","13":"taxable","14":"shipping-taxable","15":"purchasable","16":"product-type-simple"},"_links":{"self":[{"href":"https:\/\/nimedixmedical.com\/fr\/wp-json\/wp\/v2\/product\/107114","targetHints":{"allow":["GET"]}}],"collection":[{"href":"https:\/\/nimedixmedical.com\/fr\/wp-json\/wp\/v2\/product"}],"about":[{"href":"https:\/\/nimedixmedical.com\/fr\/wp-json\/wp\/v2\/types\/product"}],"replies":[{"embeddable":true,"href":"https:\/\/nimedixmedical.com\/fr\/wp-json\/wp\/v2\/comments?post=107114"}],"wp:featuredmedia":[{"embeddable":true,"href":"https:\/\/nimedixmedical.com\/fr\/wp-json\/wp\/v2\/media\/107115"}],"wp:attachment":[{"href":"https:\/\/nimedixmedical.com\/fr\/wp-json\/wp\/v2\/media?parent=107114"}],"wp:term":[{"taxonomy":"product_brand","embeddable":true,"href":"https:\/\/nimedixmedical.com\/fr\/wp-json\/wp\/v2\/product_brand?post=107114"},{"taxonomy":"product_cat","embeddable":true,"href":"https:\/\/nimedixmedical.com\/fr\/wp-json\/wp\/v2\/product_cat?post=107114"},{"taxonomy":"product_tag","embeddable":true,"href":"https:\/\/nimedixmedical.com\/fr\/wp-json\/wp\/v2\/product_tag?post=107114"}],"curies":[{"name":"wp","href":"https:\/\/api.w.org\/{rel}","templated":true}]}}