{"id":107058,"date":"2025-11-30T20:30:06","date_gmt":"2025-11-30T19:30:06","guid":{"rendered":"https:\/\/nimedixmedical.com\/notre-catalogue\/kit-gyneas-diu-sterile\/"},"modified":"2026-01-12T15:15:17","modified_gmt":"2026-01-12T14:15:17","slug":"kit-gyneas-diu-sterile","status":"publish","type":"product","link":"https:\/\/nimedixmedical.com\/fr\/notre-catalogue\/kit-gyneas-diu-sterile\/","title":{"rendered":"Kit Gyneas Diu &#8211; St\u00e9rile"},"content":{"rendered":"<p>Le KIT GYNEAS DIU &#8211; st\u00e9rile est un ensemble m\u00e9dical essentiel pour la pose d&#8217;un dispositif intra-ut\u00e9rin (DIU). Con\u00e7u pour les gyn\u00e9cologues, ce kit comprend tout le n\u00e9cessaire pour r\u00e9aliser une intervention en toute s\u00e9curit\u00e9 et avec efficacit\u00e9.<\/p>\n<h2>Caract\u00e9ristiques<\/h2>\n<ul>\n<li>Comprend 1 dispositif intra-ut\u00e9rin (DIU)<\/li>\n<li>Inclut 1 sp\u00e9culum de taille moyenne pour un acc\u00e8s optimal<\/li>\n<li>\u00c9quip\u00e9 d&#8217;un hyst\u00e9rom\u00e8tre pour mesurer la profondeur de l&#8217;ut\u00e9rus<\/li>\n<li>Contient des pinces de Pozzi et Evolution pour une manipulation pr\u00e9cise<\/li>\n<li>1 paire de ciseaux pour couper les fils du DIU<\/li>\n<li>Documentation \u00e0 destination du m\u00e9decin et de la patiente<\/li>\n<\/ul>\n<h2>Livraison<\/h2>\n<ul>\n<li><strong>France :<\/strong> Livraison directe.<\/li>\n<li><strong>Export (Europe et Afrique) :<\/strong> Sur devis.<\/li>\n<\/ul>\n","protected":false},"excerpt":{"rendered":"<ul>\n<li>Kit complet pour la pose du DIU, garantissant une proc\u00e9dure efficace et s\u00e9curis\u00e9e.<\/li>\n<li>Comprend tous les outils n\u00e9cessaires pour un placement optimal du dispositif intra-ut\u00e9rin.<\/li>\n<li>Facilite le travail des professionnels de sant\u00e9 gr\u00e2ce \u00e0 des instruments de qualit\u00e9.<\/li>\n<li>Documentation fournie pour le m\u00e9decin et la patiente, assurant une bonne compr\u00e9hension du processus.<\/li>\n<\/ul>\n","protected":false},"featured_media":107059,"comment_status":"open","ping_status":"open","template":"","meta":{"inline_featured_image":false},"product_brand":[],"product_cat":[1053,1040,1055],"product_tag":[],"class_list":{"0":"post-107058","1":"product","2":"type-product","3":"status-publish","4":"has-post-thumbnail","6":"product_cat-dispositifs-de-prelevement-spatules-cotons-tiges-lames","7":"product_cat-gynecologie","8":"product_cat-sterilet-pinces-et-ciseaux-pour-gynecologie","10":"first","11":"instock","12":"sale","13":"taxable","14":"shipping-taxable","15":"purchasable","16":"product-type-simple"},"_links":{"self":[{"href":"https:\/\/nimedixmedical.com\/fr\/wp-json\/wp\/v2\/product\/107058","targetHints":{"allow":["GET"]}}],"collection":[{"href":"https:\/\/nimedixmedical.com\/fr\/wp-json\/wp\/v2\/product"}],"about":[{"href":"https:\/\/nimedixmedical.com\/fr\/wp-json\/wp\/v2\/types\/product"}],"replies":[{"embeddable":true,"href":"https:\/\/nimedixmedical.com\/fr\/wp-json\/wp\/v2\/comments?post=107058"}],"wp:featuredmedia":[{"embeddable":true,"href":"https:\/\/nimedixmedical.com\/fr\/wp-json\/wp\/v2\/media\/107059"}],"wp:attachment":[{"href":"https:\/\/nimedixmedical.com\/fr\/wp-json\/wp\/v2\/media?parent=107058"}],"wp:term":[{"taxonomy":"product_brand","embeddable":true,"href":"https:\/\/nimedixmedical.com\/fr\/wp-json\/wp\/v2\/product_brand?post=107058"},{"taxonomy":"product_cat","embeddable":true,"href":"https:\/\/nimedixmedical.com\/fr\/wp-json\/wp\/v2\/product_cat?post=107058"},{"taxonomy":"product_tag","embeddable":true,"href":"https:\/\/nimedixmedical.com\/fr\/wp-json\/wp\/v2\/product_tag?post=107058"}],"curies":[{"name":"wp","href":"https:\/\/api.w.org\/{rel}","templated":true}]}}