{"id":107000,"date":"2025-11-30T20:28:55","date_gmt":"2025-11-30T19:28:55","guid":{"rendered":"https:\/\/nimedixmedical.com\/notre-catalogue\/aiguille-pour-amniocentese-20-g-x-150-mm-sterile\/"},"modified":"2026-01-12T15:14:54","modified_gmt":"2026-01-12T14:14:54","slug":"aiguille-pour-amniocentese-20-g-x-150-mm-sterile","status":"publish","type":"product","link":"https:\/\/nimedixmedical.com\/fr\/notre-catalogue\/aiguille-pour-amniocentese-20-g-x-150-mm-sterile\/","title":{"rendered":"Aiguille pour Amniocent\u00e8se 20 G X 150 mm &#8211; St\u00e9rile"},"content":{"rendered":"<p>Les aiguilles pour amniocent\u00e8se sont des dispositifs m\u00e9dicaux essentiels pour le pr\u00e9l\u00e8vement de liquide amniotique, g\u00e9n\u00e9ralement effectu\u00e9 entre la 15\u00e8me et 18\u00e8me semaine de grossesse. Elles permettent un diagnostic pr\u00e9natal efficace, notamment pour d\u00e9tecter des troubles g\u00e9n\u00e9tiques chez le f\u0153tus.<\/p>\n<h2>Caract\u00e9ristiques<\/h2>\n<ul>\n<li>Aiguille st\u00e9rile de 20 G x 150 mm, id\u00e9ale pour un pr\u00e9l\u00e8vement s\u00fbr.<\/li>\n<li>Pointe affil\u00e9e pour une insertion atraumatique et facile.<\/li>\n<li>Mandrin avec embout d\u00e9tectable par ultrasons pour une insertion \u00e9cho-guid\u00e9e.<\/li>\n<li>Code de couleur pour identifier facilement les diff\u00e9rentes tailles.<\/li>\n<li>But\u00e9e ajustable pour d\u00e9terminer la profondeur d\u2019insertion.<\/li>\n<li>Raccord Luer Lock femelle pour pr\u00e9lever le liquide amniotique avec une seringue.<\/li>\n<li>Produit fabriqu\u00e9 en Italie, garantissant la qualit\u00e9 et la s\u00e9curit\u00e9.<\/li>\n<\/ul>\n<h2>Livraison<\/h2>\n<ul>\n<li><strong>France :<\/strong> Livraison directe.<\/li>\n<li><strong>Export (Europe et Afrique) :<\/strong> Sur devis.<\/li>\n<\/ul>\n","protected":false},"excerpt":{"rendered":"<ul>\n<li>Usage : Pr\u00e9l\u00e8vement transabdominal de liquide amniotique pour diagnostic pr\u00e9natal.<\/li>\n<li>B\u00e9n\u00e9fice : Pointe affil\u00e9e pour une insertion facile et atraumatique.<\/li>\n<li>\u00c9cho-guidage : Mandrin avec embout d\u00e9tectable par ultrasons pour une pr\u00e9cision accrue.<\/li>\n<li>But\u00e9e ajustable : Permet de contr\u00f4ler la profondeur d\u2019insertion.<\/li>\n<\/ul>\n","protected":false},"featured_media":106997,"comment_status":"open","ping_status":"open","template":"","meta":{"inline_featured_image":false},"product_brand":[],"product_cat":[1051,1047,1040],"product_tag":[],"class_list":{"0":"post-107000","1":"product","2":"type-product","3":"status-publish","4":"has-post-thumbnail","6":"product_cat-aiguilles-pour-amniocentese","7":"product_cat-grossesse-pre-post-accouchement","8":"product_cat-gynecologie","10":"first","11":"instock","12":"sale","13":"taxable","14":"shipping-taxable","15":"purchasable","16":"product-type-simple"},"_links":{"self":[{"href":"https:\/\/nimedixmedical.com\/fr\/wp-json\/wp\/v2\/product\/107000","targetHints":{"allow":["GET"]}}],"collection":[{"href":"https:\/\/nimedixmedical.com\/fr\/wp-json\/wp\/v2\/product"}],"about":[{"href":"https:\/\/nimedixmedical.com\/fr\/wp-json\/wp\/v2\/types\/product"}],"replies":[{"embeddable":true,"href":"https:\/\/nimedixmedical.com\/fr\/wp-json\/wp\/v2\/comments?post=107000"}],"wp:featuredmedia":[{"embeddable":true,"href":"https:\/\/nimedixmedical.com\/fr\/wp-json\/wp\/v2\/media\/106997"}],"wp:attachment":[{"href":"https:\/\/nimedixmedical.com\/fr\/wp-json\/wp\/v2\/media?parent=107000"}],"wp:term":[{"taxonomy":"product_brand","embeddable":true,"href":"https:\/\/nimedixmedical.com\/fr\/wp-json\/wp\/v2\/product_brand?post=107000"},{"taxonomy":"product_cat","embeddable":true,"href":"https:\/\/nimedixmedical.com\/fr\/wp-json\/wp\/v2\/product_cat?post=107000"},{"taxonomy":"product_tag","embeddable":true,"href":"https:\/\/nimedixmedical.com\/fr\/wp-json\/wp\/v2\/product_tag?post=107000"}],"curies":[{"name":"wp","href":"https:\/\/api.w.org\/{rel}","templated":true}]}}