{"id":106919,"date":"2025-11-30T20:28:14","date_gmt":"2025-11-30T19:28:14","guid":{"rendered":"https:\/\/nimedixmedical.com\/notre-catalogue\/pessaire-en-caoutchouc-diam-90-mm\/"},"modified":"2026-01-12T15:14:31","modified_gmt":"2026-01-12T14:14:31","slug":"pessaire-en-caoutchouc-diam-90-mm","status":"publish","type":"product","link":"https:\/\/nimedixmedical.com\/fr\/notre-catalogue\/pessaire-en-caoutchouc-diam-90-mm\/","title":{"rendered":"Pessaire en Caoutchouc Diam. 90 mm"},"content":{"rendered":"<p>Le pessaire en caoutchouc est un dispositif m\u00e9dical destin\u00e9 \u00e0 soutenir les femmes souffrant de prolapsus ut\u00e9rin, cystoc\u00e8le ou rectoc\u00e8le. Ce produit offre un soulagement imm\u00e9diat et doit \u00eatre prescrit et positionn\u00e9 par un professionnel de sant\u00e9 qualifi\u00e9.<\/p>\n<h2>Caract\u00e9ristiques<\/h2>\n<ul>\n<li>Diam\u00e8tre : 90 mm<\/li>\n<li>Mat\u00e9riau : Caoutchouc, sans latex<\/li>\n<li>Autoclavable \u00e0 121\u00b0C avant le premier usage<\/li>\n<li>Emballage : Individuel dans une bo\u00eete en carton<\/li>\n<li>Instructions multilingues : GB, FR, IT, ES, PT, SI, RO, GR<\/li>\n<li>Pour patient unique<\/li>\n<\/ul>\n<h2>Livraison<\/h2>\n<ul>\n<li><strong>France :<\/strong> Livraison directe.<\/li>\n<li><strong>Export (Europe et Afrique) :<\/strong> Sur devis.<\/li>\n<\/ul>\n","protected":false},"excerpt":{"rendered":"<ul>\n<li>Con\u00e7u pour le traitement des prolapsus de stade 1 et 2.<\/li>\n<li>Offre un soutien efficace pour le prolapsus ut\u00e9rin, cystoc\u00e8le et rectoc\u00e8le.<\/li>\n<li>Autoclavable \u00e0 121\u00b0C, garantissant une hygi\u00e8ne optimale.<\/li>\n<li>Facilite la reprise imm\u00e9diate des activit\u00e9s quotidiennes.<\/li>\n<\/ul>\n","protected":false},"featured_media":106920,"comment_status":"open","ping_status":"open","template":"","meta":{"inline_featured_image":false},"product_brand":[],"product_cat":[1040,1046,1044],"product_tag":[],"class_list":{"0":"post-106919","1":"product","2":"type-product","3":"status-publish","4":"has-post-thumbnail","6":"product_cat-gynecologie","7":"product_cat-pessaire-uterin","8":"product_cat-pessaires-et-salpingographe","10":"first","11":"instock","12":"sale","13":"taxable","14":"shipping-taxable","15":"purchasable","16":"product-type-simple"},"_links":{"self":[{"href":"https:\/\/nimedixmedical.com\/fr\/wp-json\/wp\/v2\/product\/106919","targetHints":{"allow":["GET"]}}],"collection":[{"href":"https:\/\/nimedixmedical.com\/fr\/wp-json\/wp\/v2\/product"}],"about":[{"href":"https:\/\/nimedixmedical.com\/fr\/wp-json\/wp\/v2\/types\/product"}],"replies":[{"embeddable":true,"href":"https:\/\/nimedixmedical.com\/fr\/wp-json\/wp\/v2\/comments?post=106919"}],"wp:featuredmedia":[{"embeddable":true,"href":"https:\/\/nimedixmedical.com\/fr\/wp-json\/wp\/v2\/media\/106920"}],"wp:attachment":[{"href":"https:\/\/nimedixmedical.com\/fr\/wp-json\/wp\/v2\/media?parent=106919"}],"wp:term":[{"taxonomy":"product_brand","embeddable":true,"href":"https:\/\/nimedixmedical.com\/fr\/wp-json\/wp\/v2\/product_brand?post=106919"},{"taxonomy":"product_cat","embeddable":true,"href":"https:\/\/nimedixmedical.com\/fr\/wp-json\/wp\/v2\/product_cat?post=106919"},{"taxonomy":"product_tag","embeddable":true,"href":"https:\/\/nimedixmedical.com\/fr\/wp-json\/wp\/v2\/product_tag?post=106919"}],"curies":[{"name":"wp","href":"https:\/\/api.w.org\/{rel}","templated":true}]}}