{"id":106913,"date":"2025-11-30T20:28:14","date_gmt":"2025-11-30T19:28:14","guid":{"rendered":"https:\/\/nimedixmedical.com\/notre-catalogue\/pessaire-en-caoutchouc-diam-100-mm\/"},"modified":"2026-01-12T15:14:28","modified_gmt":"2026-01-12T14:14:28","slug":"pessaire-en-caoutchouc-diam-100-mm","status":"publish","type":"product","link":"https:\/\/nimedixmedical.com\/fr\/notre-catalogue\/pessaire-en-caoutchouc-diam-100-mm\/","title":{"rendered":"Pessaire en Caoutchouc Diam. 100 mm"},"content":{"rendered":"<p>Ce pessaire en caoutchouc est un dispositif m\u00e9dical con\u00e7u pour offrir un soutien aux femmes souffrant de prolapsus ut\u00e9rin, cystoc\u00e8le ou rectoc\u00e8le. Il est essentiel pour am\u00e9liorer la qualit\u00e9 de vie des patientes en leur permettant de reprendre rapidement leurs activit\u00e9s quotidiennes.<\/p>\n<h2>Caract\u00e9ristiques<\/h2>\n<ul>\n<li>Diam\u00e8tre : 100 mm<\/li>\n<li>Utilisation : Prolapsus de stade 1 et 2<\/li>\n<li>Autoclavable \u00e0 121\u00b0C avant le premier usage<\/li>\n<li>Pour patient unique, sans latex<\/li>\n<li>Fabriqu\u00e9 en silicone pour plus de souplesse et de flexibilit\u00e9<\/li>\n<li>Emball\u00e9 individuellement dans une bo\u00eete en carton, instructions disponibles en plusieurs langues (GB, FR, IT, ES, PT, SI, RO, GR)<\/li>\n<\/ul>\n<h2>Livraison<\/h2>\n<ul>\n<li><strong>France :<\/strong> Livraison directe.<\/li>\n<li><strong>Export (Europe et Afrique) :<\/strong> Sur devis.<\/li>\n<\/ul>\n","protected":false},"excerpt":{"rendered":"<ul>\n<li>Pessaire anneau en caoutchouc de diam\u00e8tre 100 mm, con\u00e7u pour le soutien en cas de prolapsus ut\u00e9rin, cystoc\u00e8le ou rectoc\u00e8le.<\/li>\n<li>Autoclavable \u00e0 121\u00b0C avant le premier usage, garantissant une hygi\u00e8ne optimale.<\/li>\n<li>Emballage individuel en carton avec instructions multilingues pour une utilisation ais\u00e9e.<\/li>\n<li>Soulagement imm\u00e9diat pour permettre aux patientes de reprendre leurs activit\u00e9s quotidiennes.<\/li>\n<\/ul>\n","protected":false},"featured_media":106914,"comment_status":"open","ping_status":"open","template":"","meta":{"inline_featured_image":false},"product_brand":[],"product_cat":[1040,1046,1044],"product_tag":[],"class_list":{"0":"post-106913","1":"product","2":"type-product","3":"status-publish","4":"has-post-thumbnail","6":"product_cat-gynecologie","7":"product_cat-pessaire-uterin","8":"product_cat-pessaires-et-salpingographe","10":"first","11":"instock","12":"sale","13":"taxable","14":"shipping-taxable","15":"purchasable","16":"product-type-simple"},"_links":{"self":[{"href":"https:\/\/nimedixmedical.com\/fr\/wp-json\/wp\/v2\/product\/106913","targetHints":{"allow":["GET"]}}],"collection":[{"href":"https:\/\/nimedixmedical.com\/fr\/wp-json\/wp\/v2\/product"}],"about":[{"href":"https:\/\/nimedixmedical.com\/fr\/wp-json\/wp\/v2\/types\/product"}],"replies":[{"embeddable":true,"href":"https:\/\/nimedixmedical.com\/fr\/wp-json\/wp\/v2\/comments?post=106913"}],"wp:featuredmedia":[{"embeddable":true,"href":"https:\/\/nimedixmedical.com\/fr\/wp-json\/wp\/v2\/media\/106914"}],"wp:attachment":[{"href":"https:\/\/nimedixmedical.com\/fr\/wp-json\/wp\/v2\/media?parent=106913"}],"wp:term":[{"taxonomy":"product_brand","embeddable":true,"href":"https:\/\/nimedixmedical.com\/fr\/wp-json\/wp\/v2\/product_brand?post=106913"},{"taxonomy":"product_cat","embeddable":true,"href":"https:\/\/nimedixmedical.com\/fr\/wp-json\/wp\/v2\/product_cat?post=106913"},{"taxonomy":"product_tag","embeddable":true,"href":"https:\/\/nimedixmedical.com\/fr\/wp-json\/wp\/v2\/product_tag?post=106913"}],"curies":[{"name":"wp","href":"https:\/\/api.w.org\/{rel}","templated":true}]}}