{"id":106796,"date":"2025-11-30T20:26:18","date_gmt":"2025-11-30T19:26:18","guid":{"rendered":"https:\/\/nimedixmedical.com\/notre-catalogue\/cautere-bovie-haute-temperature-avec-pointe-en-boucle-pointe-fixe\/"},"modified":"2026-01-12T15:13:47","modified_gmt":"2026-01-12T14:13:47","slug":"cautere-bovie-haute-temperature-avec-pointe-en-boucle-pointe-fixe","status":"publish","type":"product","link":"https:\/\/nimedixmedical.com\/fr\/notre-catalogue\/cautere-bovie-haute-temperature-avec-pointe-en-boucle-pointe-fixe\/","title":{"rendered":"Caut\u00e8re Bovie Haute Temp\u00e9rature avec Pointe en Boucle &#8211; Pointe Fixe"},"content":{"rendered":"<p>Le Caut\u00e8re Bovie haute temp\u00e9rature avec pointe en boucle fixe est un outil essentiel dans les proc\u00e9dures d&#8217;\u00e9lectrochirurgie, notamment en dermatologie et en oto-rhino-laryngologie. Sa conception assure une manipulation s\u00e9curis\u00e9e tout en offrant une performance optimale lors des interventions.<\/p>\n<h2>Caract\u00e9ristiques<\/h2>\n<ul>\n<li>Pointe en boucle haute temp\u00e9rature pour des applications sp\u00e9cifiques en DER\/O.R.L.<\/li>\n<li>Mod\u00e8le disponible avec pointe fixe, avec des options de pointes interchangeables st\u00e9riles.<\/li>\n<li>Conception permettant le retrait en toute s\u00e9curit\u00e9 de la pointe pour acc\u00e9der aux batteries.<\/li>\n<li>Button de d\u00e9marrage encastr\u00e9 pour \u00e9viter les d\u00e9clenchements accidentels.<\/li>\n<li>Poign\u00e9es r\u00e9utilisables disponibles pour une utilisation prolong\u00e9e.<\/li>\n<li>St\u00e9rilisation non n\u00e9cessaire, simplifiant ainsi le processus de pr\u00e9paration.<\/li>\n<\/ul>\n<h2>Livraison<\/h2>\n<ul>\n<li><strong>France :<\/strong> Livraison directe.<\/li>\n<li><strong>Export (Europe et Afrique) :<\/strong> Sur devis.<\/li>\n<\/ul>\n","protected":false},"excerpt":{"rendered":"<ul>\n<li>Pointe en boucle haute temp\u00e9rature, id\u00e9ale pour les interventions en DER\/O.R.L.<\/li>\n<li>Conception modifi\u00e9e pour un changement de batterie s\u00e9curis\u00e9 et efficace.<\/li>\n<li>R\u00e9duction du risque d&#8217;actionnement accidentel gr\u00e2ce \u00e0 un bouton de d\u00e9marrage encastr\u00e9.<\/li>\n<li>Options de pointes interchangeables st\u00e9riles disponibles pour une meilleure utilisation.<\/li>\n<\/ul>\n","protected":false},"featured_media":106797,"comment_status":"open","ping_status":"open","template":"","meta":{"inline_featured_image":false},"product_brand":[],"product_cat":[1039,1037,1021],"product_tag":[],"class_list":{"0":"post-106796","1":"product","2":"type-product","3":"status-publish","4":"has-post-thumbnail","6":"product_cat-cauteres-et-accessoires","7":"product_cat-cauteres-cryotherapie","8":"product_cat-electrochirurgie","10":"first","11":"outofstock","12":"sale","13":"taxable","14":"shipping-taxable","15":"purchasable","16":"product-type-simple"},"_links":{"self":[{"href":"https:\/\/nimedixmedical.com\/fr\/wp-json\/wp\/v2\/product\/106796","targetHints":{"allow":["GET"]}}],"collection":[{"href":"https:\/\/nimedixmedical.com\/fr\/wp-json\/wp\/v2\/product"}],"about":[{"href":"https:\/\/nimedixmedical.com\/fr\/wp-json\/wp\/v2\/types\/product"}],"replies":[{"embeddable":true,"href":"https:\/\/nimedixmedical.com\/fr\/wp-json\/wp\/v2\/comments?post=106796"}],"wp:featuredmedia":[{"embeddable":true,"href":"https:\/\/nimedixmedical.com\/fr\/wp-json\/wp\/v2\/media\/106797"}],"wp:attachment":[{"href":"https:\/\/nimedixmedical.com\/fr\/wp-json\/wp\/v2\/media?parent=106796"}],"wp:term":[{"taxonomy":"product_brand","embeddable":true,"href":"https:\/\/nimedixmedical.com\/fr\/wp-json\/wp\/v2\/product_brand?post=106796"},{"taxonomy":"product_cat","embeddable":true,"href":"https:\/\/nimedixmedical.com\/fr\/wp-json\/wp\/v2\/product_cat?post=106796"},{"taxonomy":"product_tag","embeddable":true,"href":"https:\/\/nimedixmedical.com\/fr\/wp-json\/wp\/v2\/product_tag?post=106796"}],"curies":[{"name":"wp","href":"https:\/\/api.w.org\/{rel}","templated":true}]}}