{"id":106794,"date":"2025-11-30T20:26:18","date_gmt":"2025-11-30T19:26:18","guid":{"rendered":"https:\/\/nimedixmedical.com\/notre-catalogue\/poignee-de-cautere-aa-bovie-change-a-tip\/"},"modified":"2026-01-12T15:13:47","modified_gmt":"2026-01-12T14:13:47","slug":"poignee-de-cautere-aa-bovie-change-a-tip","status":"publish","type":"product","link":"https:\/\/nimedixmedical.com\/fr\/notre-catalogue\/poignee-de-cautere-aa-bovie-change-a-tip\/","title":{"rendered":"Poign\u00e9e de Caut\u00e8re &#8220;aa&#8221; Bovie Change-a-tip"},"content":{"rendered":"<p>Le caut\u00e8re &#8220;AA&#8221; Bovie Change-A-Tip est un dispositif m\u00e9dical essentiel utilis\u00e9 en \u00e9lectrochirurgie. Sa conception innovante et s\u00e9curis\u00e9e permet aux professionnels de la sant\u00e9 de r\u00e9aliser des interventions pr\u00e9cises tout en minimisant les risques d&#8217;accidents. Il est adapt\u00e9 \u00e0 divers usages cliniques.<\/p>\n<h2>Caract\u00e9ristiques<\/h2>\n<ul>\n<li>Type de produit : Poign\u00e9e caut\u00e8re \u00abAA\u00bb avec pointe fine non st\u00e9rile incluse.<\/li>\n<li>Recommand\u00e9 pour : Toutes les pointes Bovie interchangeables.<\/li>\n<li>Design s\u00e9curis\u00e9 : Bouton encastr\u00e9 pour r\u00e9duire le risque d\u2019activation accidentelle.<\/li>\n<li>Entretien facilit\u00e9 : Batteries rempla\u00e7ables et poign\u00e9es r\u00e9utilisables, sans besoin de st\u00e9rilisation.<\/li>\n<\/ul>\n<h2>Livraison<\/h2>\n<ul>\n<li><strong>France :<\/strong> Livraison directe.<\/li>\n<li><strong>Export (Europe et Afrique) :<\/strong> Sur devis.<\/li>\n<\/ul>\n","protected":false},"excerpt":{"rendered":"<ul>\n<li>Usage : Compatible avec toutes les pointes Bovie pour une \u00e9lectrochirurgie pr\u00e9cise.<\/li>\n<li>B\u00e9n\u00e9fice : Design s\u00e9curis\u00e9 avec bouton encastr\u00e9 pour pr\u00e9venir l&#8217;activation accidentelle.<\/li>\n<li>Facilit\u00e9 d&#8217;entretien : Batteries rempla\u00e7ables et poign\u00e9es r\u00e9utilisables, sans st\u00e9rilisation requise.<\/li>\n<li>Praticit\u00e9 : Extr\u00e9mit\u00e9 d\u00e9tachable pour un retrait s\u00fbr des batteries.<\/li>\n<\/ul>\n","protected":false},"featured_media":106795,"comment_status":"open","ping_status":"open","template":"","meta":{"inline_featured_image":false},"product_brand":[],"product_cat":[1039,1037,1021],"product_tag":[],"class_list":{"0":"post-106794","1":"product","2":"type-product","3":"status-publish","4":"has-post-thumbnail","6":"product_cat-cauteres-et-accessoires","7":"product_cat-cauteres-cryotherapie","8":"product_cat-electrochirurgie","10":"first","11":"instock","12":"sale","13":"taxable","14":"shipping-taxable","15":"purchasable","16":"product-type-simple"},"_links":{"self":[{"href":"https:\/\/nimedixmedical.com\/fr\/wp-json\/wp\/v2\/product\/106794","targetHints":{"allow":["GET"]}}],"collection":[{"href":"https:\/\/nimedixmedical.com\/fr\/wp-json\/wp\/v2\/product"}],"about":[{"href":"https:\/\/nimedixmedical.com\/fr\/wp-json\/wp\/v2\/types\/product"}],"replies":[{"embeddable":true,"href":"https:\/\/nimedixmedical.com\/fr\/wp-json\/wp\/v2\/comments?post=106794"}],"wp:featuredmedia":[{"embeddable":true,"href":"https:\/\/nimedixmedical.com\/fr\/wp-json\/wp\/v2\/media\/106795"}],"wp:attachment":[{"href":"https:\/\/nimedixmedical.com\/fr\/wp-json\/wp\/v2\/media?parent=106794"}],"wp:term":[{"taxonomy":"product_brand","embeddable":true,"href":"https:\/\/nimedixmedical.com\/fr\/wp-json\/wp\/v2\/product_brand?post=106794"},{"taxonomy":"product_cat","embeddable":true,"href":"https:\/\/nimedixmedical.com\/fr\/wp-json\/wp\/v2\/product_cat?post=106794"},{"taxonomy":"product_tag","embeddable":true,"href":"https:\/\/nimedixmedical.com\/fr\/wp-json\/wp\/v2\/product_tag?post=106794"}],"curies":[{"name":"wp","href":"https:\/\/api.w.org\/{rel}","templated":true}]}}