{"id":106783,"date":"2025-11-30T20:26:18","date_gmt":"2025-11-30T19:26:18","guid":{"rendered":"https:\/\/nimedixmedical.com\/notre-catalogue\/electrocautere-1200-c-pointe-fine\/"},"modified":"2026-01-12T15:13:42","modified_gmt":"2026-01-12T14:13:42","slug":"electrocautere-1200-c-pointe-fine","status":"publish","type":"product","link":"https:\/\/nimedixmedical.com\/fr\/notre-catalogue\/electrocautere-1200-c-pointe-fine\/","title":{"rendered":"\u00c9lectrocaut\u00e8re 1200 \u00b0c &#8211; Pointe Fine"},"content":{"rendered":"<p>L&#8217;\u00e9lectrocaut\u00e8re 1200 \u00b0C avec pointe fine est un dispositif m\u00e9dical jetable con\u00e7u pour la caut\u00e9risation de petits vaisseaux. Adapt\u00e9 \u00e0 diverses sp\u00e9cialit\u00e9s chirurgicales, il offre une solution efficace et pr\u00e9cise pour des interventions d\u00e9licates.<\/p>\n<h2>Caract\u00e9ristiques<\/h2>\n<ul>\n<li>Temp\u00e9rature maximale : 1200 \u00b0C (2200 \u00b0F).<\/li>\n<li>Longueur totale : 18 cm, avec une pointe de 28 mm.<\/li>\n<li>Poids : 65 g, l\u00e9ger et facile \u00e0 manipuler.<\/li>\n<li>Applications : Chirurgie cardiovasculaire, thoracique, proctologie, gyn\u00e9cologie, neurochirurgie, orthop\u00e9die, urologie, obst\u00e9trique, otolaryngologie, chirurgie plastique et reconstructrice, ophtalmologie, dermatologie, chirurgie dentaire.<\/li>\n<li>Dur\u00e9e de la batterie interne : 60 minutes.<\/li>\n<li>Dispositif st\u00e9rile et jetable, garantissant s\u00e9curit\u00e9 et hygi\u00e8ne.<\/li>\n<\/ul>\n<h2>Livraison<\/h2>\n<ul>\n<li><strong>France :<\/strong> Livraison directe.<\/li>\n<li><strong>Export (Europe et Afrique) :<\/strong> Sur devis.<\/li>\n<\/ul>\n","protected":false},"excerpt":{"rendered":"<ul>\n<li>Usage : Caut\u00e9risation efficace de petits vaisseaux lors d&#8217;interventions chirurgicales vari\u00e9es.<\/li>\n<li>B\u00e9n\u00e9fice : Dispositif st\u00e9rile et jetable avec une batterie longue dur\u00e9e offrant jusqu&#8217;\u00e0 60 minutes d&#8217;utilisation.<\/li>\n<li>Pr\u00e9cision : Pointe fine id\u00e9ale pour des op\u00e9rations d\u00e9licates dans diff\u00e9rentes sp\u00e9cialit\u00e9s m\u00e9dicales.<\/li>\n<li>Origine : Fabriqu\u00e9 en Italie, garantissant un produit de qualit\u00e9 sup\u00e9rieure.<\/li>\n<\/ul>\n","protected":false},"featured_media":106784,"comment_status":"open","ping_status":"open","template":"","meta":{"inline_featured_image":false},"product_brand":[],"product_cat":[1039,1037,1021],"product_tag":[],"class_list":{"0":"post-106783","1":"product","2":"type-product","3":"status-publish","4":"has-post-thumbnail","6":"product_cat-cauteres-et-accessoires","7":"product_cat-cauteres-cryotherapie","8":"product_cat-electrochirurgie","10":"first","11":"instock","12":"sale","13":"taxable","14":"shipping-taxable","15":"purchasable","16":"product-type-simple"},"_links":{"self":[{"href":"https:\/\/nimedixmedical.com\/fr\/wp-json\/wp\/v2\/product\/106783","targetHints":{"allow":["GET"]}}],"collection":[{"href":"https:\/\/nimedixmedical.com\/fr\/wp-json\/wp\/v2\/product"}],"about":[{"href":"https:\/\/nimedixmedical.com\/fr\/wp-json\/wp\/v2\/types\/product"}],"replies":[{"embeddable":true,"href":"https:\/\/nimedixmedical.com\/fr\/wp-json\/wp\/v2\/comments?post=106783"}],"wp:featuredmedia":[{"embeddable":true,"href":"https:\/\/nimedixmedical.com\/fr\/wp-json\/wp\/v2\/media\/106784"}],"wp:attachment":[{"href":"https:\/\/nimedixmedical.com\/fr\/wp-json\/wp\/v2\/media?parent=106783"}],"wp:term":[{"taxonomy":"product_brand","embeddable":true,"href":"https:\/\/nimedixmedical.com\/fr\/wp-json\/wp\/v2\/product_brand?post=106783"},{"taxonomy":"product_cat","embeddable":true,"href":"https:\/\/nimedixmedical.com\/fr\/wp-json\/wp\/v2\/product_cat?post=106783"},{"taxonomy":"product_tag","embeddable":true,"href":"https:\/\/nimedixmedical.com\/fr\/wp-json\/wp\/v2\/product_tag?post=106783"}],"curies":[{"name":"wp","href":"https:\/\/api.w.org\/{rel}","templated":true}]}}