{"id":106777,"date":"2025-11-30T20:26:18","date_gmt":"2025-11-30T19:26:18","guid":{"rendered":"https:\/\/nimedixmedical.com\/notre-catalogue\/electrocautere-1200-c-tige-longue-pointe-fine\/"},"modified":"2026-01-12T15:13:40","modified_gmt":"2026-01-12T14:13:40","slug":"electrocautere-1200-c-tige-longue-pointe-fine","status":"publish","type":"product","link":"https:\/\/nimedixmedical.com\/fr\/notre-catalogue\/electrocautere-1200-c-tige-longue-pointe-fine\/","title":{"rendered":"\u00c9lectrocaut\u00e8re 1200 \u00b0c &#8211; Tige Longue &#8211; Pointe Fine"},"content":{"rendered":"<p>Ce caut\u00e8re \u00e9lectrique est con\u00e7u pour offrir une solution efficace et pr\u00e9cise lors des interventions m\u00e9dicales. Gr\u00e2ce \u00e0 sa temp\u00e9rature de 1200 \u00b0C, il permet la caut\u00e9risation rapide et s\u00e9curis\u00e9e de petits vaisseaux, minimisant ainsi les risques de saignement.<\/p>\n<h2>Caract\u00e9ristiques<\/h2>\n<ul>\n<li>Dispositif jetable \u00e0 batterie bipolaire st\u00e9rile.<\/li>\n<li>Pointe fine fix\u00e9e sur une tige de 12 cm pour un acc\u00e8s facilit\u00e9.<\/li>\n<li>Batterie interne longue dur\u00e9e offrant jusqu&#8217;\u00e0 60 minutes d&#8217;utilisation.<\/li>\n<li>Applications : proctologie, chirurgie g\u00e9n\u00e9rale, gyn\u00e9cologique, neurochirurgie et otolaryngologie.<\/li>\n<li>Poids : 78g, temp\u00e9rature maximale de 1200 \u00b0C (2200 \u00b0F).<\/li>\n<li>Made in Italy, garantissant un produit de qualit\u00e9 sup\u00e9rieure.<\/li>\n<\/ul>\n<h2>Livraison<\/h2>\n<ul>\n<li><strong>France :<\/strong> Livraison directe.<\/li>\n<li><strong>Export (Europe et Afrique) :<\/strong> Sur devis.<\/li>\n<\/ul>\n","protected":false},"excerpt":{"rendered":"<ul>\n<li>Usage : Caut\u00e9risation pr\u00e9cise de petits vaisseaux sanguins en milieu m\u00e9dical.<\/li>\n<li>B\u00e9n\u00e9fice : Tige longue de 12 cm permet un acc\u00e8s facile \u00e0 des zones difficiles.<\/li>\n<li>Temp\u00e9rature \u00e9lev\u00e9e de 1200 \u00b0C pour une efficacit\u00e9 optimale lors des interventions.<\/li>\n<li>Dispositif jetable et st\u00e9rile pour garantir la s\u00e9curit\u00e9 des patients.<\/li>\n<\/ul>\n","protected":false},"featured_media":106778,"comment_status":"open","ping_status":"open","template":"","meta":{"inline_featured_image":false},"product_brand":[],"product_cat":[1039,1037,1021],"product_tag":[],"class_list":{"0":"post-106777","1":"product","2":"type-product","3":"status-publish","4":"has-post-thumbnail","6":"product_cat-cauteres-et-accessoires","7":"product_cat-cauteres-cryotherapie","8":"product_cat-electrochirurgie","10":"first","11":"instock","12":"sale","13":"taxable","14":"shipping-taxable","15":"purchasable","16":"product-type-simple"},"_links":{"self":[{"href":"https:\/\/nimedixmedical.com\/fr\/wp-json\/wp\/v2\/product\/106777","targetHints":{"allow":["GET"]}}],"collection":[{"href":"https:\/\/nimedixmedical.com\/fr\/wp-json\/wp\/v2\/product"}],"about":[{"href":"https:\/\/nimedixmedical.com\/fr\/wp-json\/wp\/v2\/types\/product"}],"replies":[{"embeddable":true,"href":"https:\/\/nimedixmedical.com\/fr\/wp-json\/wp\/v2\/comments?post=106777"}],"wp:featuredmedia":[{"embeddable":true,"href":"https:\/\/nimedixmedical.com\/fr\/wp-json\/wp\/v2\/media\/106778"}],"wp:attachment":[{"href":"https:\/\/nimedixmedical.com\/fr\/wp-json\/wp\/v2\/media?parent=106777"}],"wp:term":[{"taxonomy":"product_brand","embeddable":true,"href":"https:\/\/nimedixmedical.com\/fr\/wp-json\/wp\/v2\/product_brand?post=106777"},{"taxonomy":"product_cat","embeddable":true,"href":"https:\/\/nimedixmedical.com\/fr\/wp-json\/wp\/v2\/product_cat?post=106777"},{"taxonomy":"product_tag","embeddable":true,"href":"https:\/\/nimedixmedical.com\/fr\/wp-json\/wp\/v2\/product_tag?post=106777"}],"curies":[{"name":"wp","href":"https:\/\/api.w.org\/{rel}","templated":true}]}}