{"id":106767,"date":"2025-11-30T20:26:18","date_gmt":"2025-11-30T19:26:18","guid":{"rendered":"https:\/\/nimedixmedical.com\/notre-catalogue\/histofreezer-mix-mini-flacon-80-ml-16-applicateurs-2-mm-16-applicateurs-5-mm\/"},"modified":"2026-01-12T15:13:38","modified_gmt":"2026-01-12T14:13:38","slug":"histofreezer-mix-mini-flacon-80-ml-16-applicateurs-2-mm-16-applicateurs-5-mm","status":"publish","type":"product","link":"https:\/\/nimedixmedical.com\/fr\/notre-catalogue\/histofreezer-mix-mini-flacon-80-ml-16-applicateurs-2-mm-16-applicateurs-5-mm\/","title":{"rendered":"Histofreezer Mix Mini &#8211; Flacon 80 mL + 16 Applicateurs 2 mm, 16 Applicateurs 5 mm"},"content":{"rendered":"<p>Le Histofreezer\u00ae est un syst\u00e8me cryochirurgical portable con\u00e7u pour le traitement efficace de diverses l\u00e9sions cutan\u00e9es b\u00e9nignes. Gr\u00e2ce \u00e0 sa technique de cong\u00e9lation locale, il permet aux professionnels de sant\u00e9 d&#8217;effectuer des interventions pr\u00e9cises et rapides.<\/p>\n<h2>Caract\u00e9ristiques<\/h2>\n<ul>\n<li>Flacon a\u00e9rosol de 80 ml pour une utilisation prolong\u00e9e.<\/li>\n<li>Comprend 16 applicateurs de 2 mm et 16 applicateurs de 5 mm.<\/li>\n<li>Les applicateurs de 2 mm restent froids pendant 90 secondes.<\/li>\n<li>Les applicateurs de 5 mm restent froids pendant 120 secondes.<\/li>\n<li>Preuves cliniques pour le traitement de 9 types de l\u00e9sions b\u00e9nignes, y compris les verrues et les k\u00e9ratoses.<\/li>\n<li>Manuel d&#8217;utilisation disponible en plusieurs langues (FR, GB, IT, DE, ES, NL, PL).<\/li>\n<\/ul>\n<h2>Livraison<\/h2>\n<ul>\n<li><strong>France :<\/strong> Livraison directe.<\/li>\n<li><strong>Export (Europe et Afrique) :<\/strong> Sur devis.<\/li>\n<\/ul>\n","protected":false},"excerpt":{"rendered":"<ul>\n<li>Usage professionnel pour le traitement de l\u00e9sions cutan\u00e9es b\u00e9nignes.<\/li>\n<li>Solution cryochirurgicale efficace \u00e0 faible co\u00fbt.<\/li>\n<li>Applicateurs adapt\u00e9s pour diff\u00e9rentes tailles de l\u00e9sions (2 mm et 5 mm).<\/li>\n<li>R\u00e9sultats rapides avec des applicateurs maintenant une temp\u00e9rature froide pendant jusqu&#8217;\u00e0 120 secondes.<\/li>\n<\/ul>\n","protected":false},"featured_media":106768,"comment_status":"open","ping_status":"open","template":"","meta":{"inline_featured_image":false},"product_brand":[],"product_cat":[1037,1038,1021],"product_tag":[],"class_list":{"0":"post-106767","1":"product","2":"type-product","3":"status-publish","4":"has-post-thumbnail","6":"product_cat-cauteres-cryotherapie","7":"product_cat-cryotherapie","8":"product_cat-electrochirurgie","10":"first","11":"instock","12":"sale","13":"taxable","14":"shipping-taxable","15":"purchasable","16":"product-type-simple"},"_links":{"self":[{"href":"https:\/\/nimedixmedical.com\/fr\/wp-json\/wp\/v2\/product\/106767","targetHints":{"allow":["GET"]}}],"collection":[{"href":"https:\/\/nimedixmedical.com\/fr\/wp-json\/wp\/v2\/product"}],"about":[{"href":"https:\/\/nimedixmedical.com\/fr\/wp-json\/wp\/v2\/types\/product"}],"replies":[{"embeddable":true,"href":"https:\/\/nimedixmedical.com\/fr\/wp-json\/wp\/v2\/comments?post=106767"}],"wp:featuredmedia":[{"embeddable":true,"href":"https:\/\/nimedixmedical.com\/fr\/wp-json\/wp\/v2\/media\/106768"}],"wp:attachment":[{"href":"https:\/\/nimedixmedical.com\/fr\/wp-json\/wp\/v2\/media?parent=106767"}],"wp:term":[{"taxonomy":"product_brand","embeddable":true,"href":"https:\/\/nimedixmedical.com\/fr\/wp-json\/wp\/v2\/product_brand?post=106767"},{"taxonomy":"product_cat","embeddable":true,"href":"https:\/\/nimedixmedical.com\/fr\/wp-json\/wp\/v2\/product_cat?post=106767"},{"taxonomy":"product_tag","embeddable":true,"href":"https:\/\/nimedixmedical.com\/fr\/wp-json\/wp\/v2\/product_tag?post=106767"}],"curies":[{"name":"wp","href":"https:\/\/api.w.org\/{rel}","templated":true}]}}