{"id":106393,"date":"2025-11-30T20:21:04","date_gmt":"2025-11-30T19:21:04","guid":{"rendered":"https:\/\/nimedixmedical.com\/notre-catalogue\/poignee-orion-plus-autoclavable-100-fois-avec-serre-joint\/"},"modified":"2026-01-12T15:11:56","modified_gmt":"2026-01-12T14:11:56","slug":"poignee-orion-plus-autoclavable-100-fois-avec-serre-joint","status":"publish","type":"product","link":"https:\/\/nimedixmedical.com\/fr\/notre-catalogue\/poignee-orion-plus-autoclavable-100-fois-avec-serre-joint\/","title":{"rendered":"Poign\u00e9e Orion Plus &#8211; Autoclavable 100 Fois &#8211; avec Serre-joint"},"content":{"rendered":"<p>La poign\u00e9e Orion Plus est un dispositif m\u00e9dical essentiel en \u00e9lectrochirurgie, con\u00e7u pour offrir une s\u00e9curit\u00e9 et une efficacit\u00e9 maximales lors des interventions. Sa capacit\u00e9 \u00e0 \u00eatre autoclav\u00e9e jusqu&#8217;\u00e0 100 fois en fait un outil de choix pour les professionnels de sant\u00e9 soucieux de l\u2019hygi\u00e8ne et de la performance.<\/p>\n<h2>Caract\u00e9ristiques<\/h2>\n<ul>\n<li>Autoclavable jusqu&#8217;\u00e0 100 fois pour garantir une hygi\u00e8ne irr\u00e9prochable.<\/li>\n<li>\u00c9quip\u00e9e de 2 boutons-poussoirs de gros diam\u00e8tre pour une manipulation ais\u00e9e.<\/li>\n<li>C\u00e2ble en silicone de 3 m\u00e8tres de long, offrant une grande libert\u00e9 de mouvement.<\/li>\n<li>Syst\u00e8me de verrouillage par mandrin assurant un contact s\u00fbr avec les \u00e9lectrodes.<\/li>\n<li>Bonne isolation contre les liquides pour une s\u00e9curit\u00e9 accrue durant les proc\u00e9dures.<\/li>\n<\/ul>\n<h2>Livraison<\/h2>\n<ul>\n<li><strong>France :<\/strong> Livraison directe.<\/li>\n<li><strong>Export (Europe et Afrique) :<\/strong> Sur devis.<\/li>\n<\/ul>\n","protected":false},"excerpt":{"rendered":"<ul>\n<li>Poign\u00e9e autoclavable \u00e0 100 reprises, garantissant une hygi\u00e8ne optimale.<\/li>\n<li>Compatible avec des \u00e9lectrodes de diam\u00e8tre 2,4 mm pour une utilisation vari\u00e9e.<\/li>\n<li>Syst\u00e8me de verrouillage par mandrin pour un contact s\u00e9curis\u00e9 et adaptable.<\/li>\n<li>C\u00e2ble en silicone de 3 m\u00e8tres pour une flexibilit\u00e9 et une maniabilit\u00e9 accrues.<\/li>\n<\/ul>\n","protected":false},"featured_media":106394,"comment_status":"open","ping_status":"open","template":"","meta":{"inline_featured_image":false},"product_brand":[],"product_cat":[1021,1025],"product_tag":[],"class_list":{"0":"post-106393","1":"product","2":"type-product","3":"status-publish","4":"has-post-thumbnail","6":"product_cat-electrochirurgie","7":"product_cat-poignees-monopolaires","9":"first","10":"instock","11":"sale","12":"taxable","13":"shipping-taxable","14":"purchasable","15":"product-type-simple"},"_links":{"self":[{"href":"https:\/\/nimedixmedical.com\/fr\/wp-json\/wp\/v2\/product\/106393","targetHints":{"allow":["GET"]}}],"collection":[{"href":"https:\/\/nimedixmedical.com\/fr\/wp-json\/wp\/v2\/product"}],"about":[{"href":"https:\/\/nimedixmedical.com\/fr\/wp-json\/wp\/v2\/types\/product"}],"replies":[{"embeddable":true,"href":"https:\/\/nimedixmedical.com\/fr\/wp-json\/wp\/v2\/comments?post=106393"}],"wp:featuredmedia":[{"embeddable":true,"href":"https:\/\/nimedixmedical.com\/fr\/wp-json\/wp\/v2\/media\/106394"}],"wp:attachment":[{"href":"https:\/\/nimedixmedical.com\/fr\/wp-json\/wp\/v2\/media?parent=106393"}],"wp:term":[{"taxonomy":"product_brand","embeddable":true,"href":"https:\/\/nimedixmedical.com\/fr\/wp-json\/wp\/v2\/product_brand?post=106393"},{"taxonomy":"product_cat","embeddable":true,"href":"https:\/\/nimedixmedical.com\/fr\/wp-json\/wp\/v2\/product_cat?post=106393"},{"taxonomy":"product_tag","embeddable":true,"href":"https:\/\/nimedixmedical.com\/fr\/wp-json\/wp\/v2\/product_tag?post=106393"}],"curies":[{"name":"wp","href":"https:\/\/api.w.org\/{rel}","templated":true}]}}