{"id":106377,"date":"2025-11-30T20:21:04","date_gmt":"2025-11-30T19:21:04","guid":{"rendered":"https:\/\/nimedixmedical.com\/notre-catalogue\/poignee-mb-a-usage-unique-rocker-sterile\/"},"modified":"2026-01-12T15:11:50","modified_gmt":"2026-01-12T14:11:50","slug":"poignee-mb-a-usage-unique-rocker-sterile","status":"publish","type":"product","link":"https:\/\/nimedixmedical.com\/fr\/notre-catalogue\/poignee-mb-a-usage-unique-rocker-sterile\/","title":{"rendered":"Poign\u00e9e Mb \u00c0 Usage Unique Rocker &#8211; St\u00e9rile"},"content":{"rendered":"<p>La poign\u00e9e MB \u00e0 usage unique Rocker est un dispositif essentiel pour les interventions \u00e9lectrochirurgicales. Con\u00e7ue pour garantir une st\u00e9rilit\u00e9 maximale et une fonctionnalit\u00e9 optimale, elle s&#8217;int\u00e8gre parfaitement dans l&#8217;\u00e9quipement m\u00e9dical moderne.<\/p>\n<h2>Caract\u00e9ristiques<\/h2>\n<ul>\n<li>Poign\u00e9e monopolaire \u00e0 3 broches pour \u00e9lectrodes de \u00d8 2,4 mm.<\/li>\n<li>Interrupteur rocker pour les fonctions de coupe et de coagulation.<\/li>\n<li>Inclus : \u00c9lectrode couteau et c\u00e2ble de 3,20 m.<\/li>\n<li>Compatible avec les unit\u00e9s Diatermo MB et la majorit\u00e9 des g\u00e9n\u00e9rateurs \u00e9lectrochirurgicaux bipolaires.<\/li>\n<li>Bo\u00eete de 50 poign\u00e9es st\u00e9riles pr\u00eates \u00e0 l&#8217;emploi.<\/li>\n<li>Instructions disponibles en plusieurs langues : GB, FR, IT, ES, PT, DE, NL, PL, RO, HU, DK, SE, FI, EE, LV, RU, SK, CZ, HR, SI, GR, BG, TR, Arabe.<\/li>\n<\/ul>\n<h2>Livraison<\/h2>\n<ul>\n<li><strong>France :<\/strong> Livraison directe.<\/li>\n<li><strong>Export (Europe et Afrique) :<\/strong> Sur devis.<\/li>\n<\/ul>\n","protected":false},"excerpt":{"rendered":"<ul>\n<li>Usage unique pour garantir une st\u00e9rilit\u00e9 optimale lors des interventions m\u00e9dicales.<\/li>\n<li>Interrupteur rocker pour une coupe et coagulation pr\u00e9cises et efficaces.<\/li>\n<li>Compatibilit\u00e9 avec une large gamme d&#8217;unit\u00e9s \u00e9lectrochirurgicales bipolaires.<\/li>\n<li>Bo\u00eete de 50, id\u00e9al pour une utilisation en milieu hospitalier ou clinique.<\/li>\n<\/ul>\n","protected":false},"featured_media":106378,"comment_status":"open","ping_status":"open","template":"","meta":{"inline_featured_image":false},"product_brand":[],"product_cat":[1021,1024],"product_tag":[],"class_list":{"0":"post-106377","1":"product","2":"type-product","3":"status-publish","4":"has-post-thumbnail","6":"product_cat-electrochirurgie","7":"product_cat-unites-electrochirurgicales-mono-bipolaires","9":"first","10":"instock","11":"sale","12":"taxable","13":"shipping-taxable","14":"purchasable","15":"product-type-simple"},"_links":{"self":[{"href":"https:\/\/nimedixmedical.com\/fr\/wp-json\/wp\/v2\/product\/106377","targetHints":{"allow":["GET"]}}],"collection":[{"href":"https:\/\/nimedixmedical.com\/fr\/wp-json\/wp\/v2\/product"}],"about":[{"href":"https:\/\/nimedixmedical.com\/fr\/wp-json\/wp\/v2\/types\/product"}],"replies":[{"embeddable":true,"href":"https:\/\/nimedixmedical.com\/fr\/wp-json\/wp\/v2\/comments?post=106377"}],"wp:featuredmedia":[{"embeddable":true,"href":"https:\/\/nimedixmedical.com\/fr\/wp-json\/wp\/v2\/media\/106378"}],"wp:attachment":[{"href":"https:\/\/nimedixmedical.com\/fr\/wp-json\/wp\/v2\/media?parent=106377"}],"wp:term":[{"taxonomy":"product_brand","embeddable":true,"href":"https:\/\/nimedixmedical.com\/fr\/wp-json\/wp\/v2\/product_brand?post=106377"},{"taxonomy":"product_cat","embeddable":true,"href":"https:\/\/nimedixmedical.com\/fr\/wp-json\/wp\/v2\/product_cat?post=106377"},{"taxonomy":"product_tag","embeddable":true,"href":"https:\/\/nimedixmedical.com\/fr\/wp-json\/wp\/v2\/product_tag?post=106377"}],"curies":[{"name":"wp","href":"https:\/\/api.w.org\/{rel}","templated":true}]}}