{"id":106368,"date":"2025-11-30T20:21:04","date_gmt":"2025-11-30T19:21:04","guid":{"rendered":"https:\/\/nimedixmedical.com\/notre-catalogue\/diatermo-mb-120f-mono-bipolaire-120-watt\/"},"modified":"2026-01-12T15:11:48","modified_gmt":"2026-01-12T14:11:48","slug":"diatermo-mb-120f-mono-bipolaire-120-watt","status":"publish","type":"product","link":"https:\/\/nimedixmedical.com\/fr\/notre-catalogue\/diatermo-mb-120f-mono-bipolaire-120-watt\/","title":{"rendered":"Diatermo Mb 120f &#8211; Mono-bipolaire 120 Watt"},"content":{"rendered":"<p>Le DIATERMO MB 120F est une unit\u00e9 \u00e9lectrochirurgicale sophistiqu\u00e9e, con\u00e7ue pour r\u00e9pondre aux besoins des professionnels de la sant\u00e9 dans le domaine de la chirurgie et de la microchirurgie. Gr\u00e2ce \u00e0 sa technologie avanc\u00e9e, elle facilite des interventions pr\u00e9cises tout en minimisant les dommages aux tissus environnants.<\/p>\n<h2>Caract\u00e9ristiques<\/h2>\n<ul>\n<li>Puissance de sortie maximale : CUT 120 W, BLEND 90 W, ENHANCED 90 W, FORCED COAG 80 W, SOFT COAG 60 W, BIPOLAR COAG 60 W.<\/li>\n<li>Fr\u00e9quence de fonctionnement : 600 kHz pour une efficacit\u00e9 optimale.<\/li>\n<li>Modes de fonctionnement : CUT, BLEND, ENHANCED, FORCED COAG, SOFT COAG, BIPOLAR COAG.<\/li>\n<li>Minuterie programmable jusqu&#8217;\u00e0 la milliseconde.<\/li>\n<li>Contr\u00f4le num\u00e9rique de la puissance et des fonctions op\u00e9rationnelles.<\/li>\n<li>Dimensions : 370 x 144 x 319 mm, Poids : 6 kg.<\/li>\n<li>Conformit\u00e9 aux normes de s\u00e9curit\u00e9 EN60601-1, EN60601-1-2, EN60601-2-2.<\/li>\n<\/ul>\n<h2>Livraison<\/h2>\n<ul>\n<li><strong>France :<\/strong> Livraison directe.<\/li>\n<li><strong>Export (Europe et Afrique) :<\/strong> Sur devis.<\/li>\n<\/ul>\n","protected":false},"excerpt":{"rendered":"<ul>\n<li>Unit\u00e9s \u00e9lectrochirurgicales \u00e0 haute fr\u00e9quence pour chirurgie et microchirurgie.<\/li>\n<li>Modes de fonctionnement vari\u00e9s pour une pr\u00e9cision accrue des traitements.<\/li>\n<li>Contr\u00f4le de la puissance et s\u00e9curit\u00e9 optimis\u00e9s gr\u00e2ce \u00e0 des technologies avanc\u00e9es.<\/li>\n<li>Conception ergonomique pour un usage pratique en salle d&#8217;op\u00e9ration.<\/li>\n<\/ul>\n","protected":false},"featured_media":106369,"comment_status":"open","ping_status":"open","template":"","meta":{"inline_featured_image":false},"product_brand":[],"product_cat":[1021,1024],"product_tag":[],"class_list":{"0":"post-106368","1":"product","2":"type-product","3":"status-publish","4":"has-post-thumbnail","6":"product_cat-electrochirurgie","7":"product_cat-unites-electrochirurgicales-mono-bipolaires","9":"first","10":"instock","11":"sale","12":"taxable","13":"shipping-taxable","14":"purchasable","15":"product-type-simple"},"_links":{"self":[{"href":"https:\/\/nimedixmedical.com\/fr\/wp-json\/wp\/v2\/product\/106368","targetHints":{"allow":["GET"]}}],"collection":[{"href":"https:\/\/nimedixmedical.com\/fr\/wp-json\/wp\/v2\/product"}],"about":[{"href":"https:\/\/nimedixmedical.com\/fr\/wp-json\/wp\/v2\/types\/product"}],"replies":[{"embeddable":true,"href":"https:\/\/nimedixmedical.com\/fr\/wp-json\/wp\/v2\/comments?post=106368"}],"wp:featuredmedia":[{"embeddable":true,"href":"https:\/\/nimedixmedical.com\/fr\/wp-json\/wp\/v2\/media\/106369"}],"wp:attachment":[{"href":"https:\/\/nimedixmedical.com\/fr\/wp-json\/wp\/v2\/media?parent=106368"}],"wp:term":[{"taxonomy":"product_brand","embeddable":true,"href":"https:\/\/nimedixmedical.com\/fr\/wp-json\/wp\/v2\/product_brand?post=106368"},{"taxonomy":"product_cat","embeddable":true,"href":"https:\/\/nimedixmedical.com\/fr\/wp-json\/wp\/v2\/product_cat?post=106368"},{"taxonomy":"product_tag","embeddable":true,"href":"https:\/\/nimedixmedical.com\/fr\/wp-json\/wp\/v2\/product_tag?post=106368"}],"curies":[{"name":"wp","href":"https:\/\/api.w.org\/{rel}","templated":true}]}}