{"id":106297,"date":"2025-11-30T20:19:49","date_gmt":"2025-11-30T19:19:49","guid":{"rendered":"https:\/\/nimedixmedical.com\/notre-catalogue\/loupe-binoculaire-chic-25x-420-mm\/"},"modified":"2026-01-12T15:11:35","modified_gmt":"2026-01-12T14:11:35","slug":"loupe-binoculaire-chic-25x-420-mm","status":"publish","type":"product","link":"https:\/\/nimedixmedical.com\/fr\/notre-catalogue\/loupe-binoculaire-chic-25x-420-mm\/","title":{"rendered":"Loupe Binoculaire Chic 2,5x 420 mm"},"content":{"rendered":"<p>Les loupes binoculaires Chic sont sp\u00e9cialement con\u00e7ues pour les professionnels de la sant\u00e9 et les artisans, offrant un grossissement puissant et un confort d\u2019utilisation in\u00e9gal\u00e9. Leur design moderne et l\u00e9ger en fait l&#8217;outil id\u00e9al pour des travaux de pr\u00e9cision, minimisant la fatigue pendant les longues sessions d&#8217;utilisation.<\/p>\n<h2>Caract\u00e9ristiques<\/h2>\n<ul>\n<li>Grossissement : 2,5X<\/li>\n<li>Distance de travail : 420 mm<\/li>\n<li>Champ de vision : \u00d8 90 mm<\/li>\n<li>Poids : 111 g<\/li>\n<li>R\u00e9glage de l&#8217;angle : de 0\u00b0 \u00e0 40\u00b0<\/li>\n<li>D\u00e9placement : 6 mm vers le haut et le bas<\/li>\n<li>Lentilles en verre \u00e0 haute qualit\u00e9 pour une image nette<\/li>\n<li>Oculaire \u00e0 large champ de vision<\/li>\n<\/ul>\n<h2>Livraison<\/h2>\n<ul>\n<li><strong>France :<\/strong> Livraison directe.<\/li>\n<li><strong>Export (Europe et Afrique) :<\/strong> Sur devis.<\/li>\n<\/ul>\n","protected":false},"excerpt":{"rendered":"<ul>\n<li>Usage : Id\u00e9ales pour les professionnels de la sant\u00e9, les artisans et les passionn\u00e9s de mod\u00e9lisme.<\/li>\n<li>B\u00e9n\u00e9fice : Grossissement de 2,5X offrant une vision claire et nette pour un travail de pr\u00e9cision.<\/li>\n<li>Ergonomie : Angle r\u00e9glable de 0\u00b0 \u00e0 40\u00b0 et distance pupillaire ajustable pour un confort optimal.<\/li>\n<li>Poids l\u00e9ger : Seulement 111 g, permettant une utilisation prolong\u00e9e sans fatigue.<\/li>\n<\/ul>\n","protected":false},"featured_media":106298,"comment_status":"open","ping_status":"open","template":"","meta":{"inline_featured_image":false},"product_brand":[],"product_cat":[1012,1020],"product_tag":[],"class_list":{"0":"post-106297","1":"product","2":"type-product","3":"status-publish","4":"has-post-thumbnail","6":"product_cat-loupes-et-miroirs","7":"product_cat-loupes-grossisantes","9":"first","10":"instock","11":"sale","12":"taxable","13":"shipping-taxable","14":"purchasable","15":"product-type-simple"},"_links":{"self":[{"href":"https:\/\/nimedixmedical.com\/fr\/wp-json\/wp\/v2\/product\/106297","targetHints":{"allow":["GET"]}}],"collection":[{"href":"https:\/\/nimedixmedical.com\/fr\/wp-json\/wp\/v2\/product"}],"about":[{"href":"https:\/\/nimedixmedical.com\/fr\/wp-json\/wp\/v2\/types\/product"}],"replies":[{"embeddable":true,"href":"https:\/\/nimedixmedical.com\/fr\/wp-json\/wp\/v2\/comments?post=106297"}],"wp:featuredmedia":[{"embeddable":true,"href":"https:\/\/nimedixmedical.com\/fr\/wp-json\/wp\/v2\/media\/106298"}],"wp:attachment":[{"href":"https:\/\/nimedixmedical.com\/fr\/wp-json\/wp\/v2\/media?parent=106297"}],"wp:term":[{"taxonomy":"product_brand","embeddable":true,"href":"https:\/\/nimedixmedical.com\/fr\/wp-json\/wp\/v2\/product_brand?post=106297"},{"taxonomy":"product_cat","embeddable":true,"href":"https:\/\/nimedixmedical.com\/fr\/wp-json\/wp\/v2\/product_cat?post=106297"},{"taxonomy":"product_tag","embeddable":true,"href":"https:\/\/nimedixmedical.com\/fr\/wp-json\/wp\/v2\/product_tag?post=106297"}],"curies":[{"name":"wp","href":"https:\/\/api.w.org\/{rel}","templated":true}]}}