{"id":106245,"date":"2025-11-30T20:19:19","date_gmt":"2025-11-30T19:19:19","guid":{"rendered":"https:\/\/nimedixmedical.com\/notre-catalogue\/lunettes-pour-nystagmus-a-alimentation-led-blanches\/"},"modified":"2026-01-12T15:11:26","modified_gmt":"2026-01-12T14:11:26","slug":"lunettes-pour-nystagmus-a-alimentation-led-blanches","status":"publish","type":"product","link":"https:\/\/nimedixmedical.com\/fr\/notre-catalogue\/lunettes-pour-nystagmus-a-alimentation-led-blanches\/","title":{"rendered":"Lunettes pour Nystagmus \u00c0 Alimentation LED &#8211; Blanches"},"content":{"rendered":"<p>Les lunettes \u00e0 LED pour nystagmus sont un outil essentiel pour les professionnels de la sant\u00e9. Elles permettent d&#8217;examiner en profondeur les mouvements oculaires, facilitant ainsi le diagnostic et la recherche m\u00e9dicale. Leur conception ergonomique et leurs fonctionnalit\u00e9s avanc\u00e9es en font un \u00e9quipement de choix dans le domaine ophtalmologique.<\/p>\n<h2>Caract\u00e9ristiques<\/h2>\n<ul>\n<li>\u00c9clairage LED int\u00e9gr\u00e9 avec r\u00e9glage de l&#8217;intensit\u00e9.<\/li>\n<li>Bloc secteur fourni, conforme aux normes de s\u00e9curit\u00e9 93\/42\/CEE.<\/li>\n<li>Lentilles biconvexes fixes avec une dioptrie de 18.<\/li>\n<li>Comprend un bandeau pour un maintien s\u00e9curis\u00e9 lors de l&#8217;utilisation.<\/li>\n<li>Mode d&#8217;emploi disponible en anglais et italien.<\/li>\n<\/ul>\n<h2>Livraison<\/h2>\n<ul>\n<li><strong>France :<\/strong> Livraison directe.<\/li>\n<li><strong>Export (Europe et Afrique) :<\/strong> Sur devis.<\/li>\n<\/ul>\n","protected":false},"excerpt":{"rendered":"<ul>\n<li>Con\u00e7ues pour la recherche de nystagmus, qu&#8217;il soit spontan\u00e9 ou provoqu\u00e9.<\/li>\n<li>\u00c9clairage LED ajustable pour un meilleur confort d&#8217;utilisation.<\/li>\n<li>Lentilles biconvexes avec une dioptrie de 18 pour une vision optimale.<\/li>\n<li>Livr\u00e9es avec un bandeau et un bloc secteur pour une utilisation facile.<\/li>\n<\/ul>\n","protected":false},"featured_media":106246,"comment_status":"open","ping_status":"open","template":"","meta":{"inline_featured_image":false},"product_brand":[],"product_cat":[1012,1019],"product_tag":[],"class_list":{"0":"post-106245","1":"product","2":"type-product","3":"status-publish","4":"has-post-thumbnail","6":"product_cat-loupes-et-miroirs","7":"product_cat-lunettes-recherche-de-nystagmus-dr-frenzel","9":"first","10":"instock","11":"sale","12":"taxable","13":"shipping-taxable","14":"purchasable","15":"product-type-simple"},"_links":{"self":[{"href":"https:\/\/nimedixmedical.com\/fr\/wp-json\/wp\/v2\/product\/106245","targetHints":{"allow":["GET"]}}],"collection":[{"href":"https:\/\/nimedixmedical.com\/fr\/wp-json\/wp\/v2\/product"}],"about":[{"href":"https:\/\/nimedixmedical.com\/fr\/wp-json\/wp\/v2\/types\/product"}],"replies":[{"embeddable":true,"href":"https:\/\/nimedixmedical.com\/fr\/wp-json\/wp\/v2\/comments?post=106245"}],"wp:featuredmedia":[{"embeddable":true,"href":"https:\/\/nimedixmedical.com\/fr\/wp-json\/wp\/v2\/media\/106246"}],"wp:attachment":[{"href":"https:\/\/nimedixmedical.com\/fr\/wp-json\/wp\/v2\/media?parent=106245"}],"wp:term":[{"taxonomy":"product_brand","embeddable":true,"href":"https:\/\/nimedixmedical.com\/fr\/wp-json\/wp\/v2\/product_brand?post=106245"},{"taxonomy":"product_cat","embeddable":true,"href":"https:\/\/nimedixmedical.com\/fr\/wp-json\/wp\/v2\/product_cat?post=106245"},{"taxonomy":"product_tag","embeddable":true,"href":"https:\/\/nimedixmedical.com\/fr\/wp-json\/wp\/v2\/product_tag?post=106245"}],"curies":[{"name":"wp","href":"https:\/\/api.w.org\/{rel}","templated":true}]}}