{"id":106220,"date":"2025-11-30T20:18:43","date_gmt":"2025-11-30T19:18:43","guid":{"rendered":"https:\/\/nimedixmedical.com\/notre-catalogue\/lampe-frontale-medicale-a-led-gima-70kl\/"},"modified":"2026-01-12T15:10:43","modified_gmt":"2026-01-12T14:10:43","slug":"lampe-frontale-medicale-a-led-gima-70kl","status":"publish","type":"product","link":"https:\/\/nimedixmedical.com\/fr\/notre-catalogue\/lampe-frontale-medicale-a-led-gima-70kl\/","title":{"rendered":"Lampe Frontale M\u00e9dicale \u00c0 LED GIMA 70kl"},"content":{"rendered":"<p>La lampe frontale m\u00e9dicale \u00e0 LED GIMA 70KL est con\u00e7ue pour offrir une visibilit\u00e9 exceptionnelle lors des proc\u00e9dures chirurgicales et dentaires. Sa technologie avanc\u00e9e garantit un \u00e9clairage homog\u00e8ne, facilitant le travail des professionnels de sant\u00e9.<\/p>\n<h2>Caract\u00e9ristiques<\/h2>\n<ul>\n<li>Illumination : 20.000-70.000 lux pour un \u00e9clairage optimal.<\/li>\n<li>Spot lumineux : 90 mm \u00e0 50 cm, 40 mm \u00e0 32 cm pour une pr\u00e9cision accrue.<\/li>\n<li>Dur\u00e9e de vie du LED : Jusqu\u2019\u00e0 50 000 heures pour une utilisation prolong\u00e9e.<\/li>\n<li>Intensit\u00e9 de la luminosit\u00e9 : Ajustable de 0 \u00e0 100% selon les besoins.<\/li>\n<li>Dur\u00e9e de la batterie : Fonctionne entre 2 et 12 heures selon l&#8217;utilisation.<\/li>\n<li>Temps de charge : Batterie rechargeable pleine en 2 heures.<\/li>\n<li>Chargeur : Compatible 100-240 V, 50\/60 Hz pour une utilisation internationale.<\/li>\n<li>Mode d&#8217;emploi : Disponible en plusieurs langues (GB, FR, IT, ES, PT, DE, SE, PL, HU, SK, RO, HR, GR).<\/li>\n<\/ul>\n<h2>Livraison<\/h2>\n<ul>\n<li><strong>France :<\/strong> Livraison directe.<\/li>\n<li><strong>Export (Europe et Afrique) :<\/strong> Sur devis.<\/li>\n<\/ul>\n","protected":false},"excerpt":{"rendered":"<ul>\n<li>Usage : Id\u00e9ale pour les applications chirurgicales et dentaires gr\u00e2ce \u00e0 son \u00e9clairage sans ombre.<\/li>\n<li>B\u00e9n\u00e9fice : Confort optimal avec sa structure l\u00e9g\u00e8re et son r\u00e9glage d&#8217;angle de vue individuel.<\/li>\n<li>Dur\u00e9e de fonctionnement : Batterie rechargeable avec autonomie de 2 \u00e0 12 heures.<\/li>\n<li>Technologie : \u00c9clairage LED de haute performance avec une dur\u00e9e de vie allant jusqu&#8217;\u00e0 50 000 heures.<\/li>\n<\/ul>\n","protected":false},"featured_media":106221,"comment_status":"open","ping_status":"open","template":"","meta":{"inline_featured_image":false},"product_brand":[],"product_cat":[1018,1012,1016],"product_tag":[],"class_list":{"0":"post-106220","1":"product","2":"type-product","3":"status-publish","4":"has-post-thumbnail","6":"product_cat-lampes-frontales","7":"product_cat-loupes-et-miroirs","8":"product_cat-miroirs-o-r-l-lampes-frontales","10":"first","11":"instock","12":"sale","13":"taxable","14":"shipping-taxable","15":"purchasable","16":"product-type-simple"},"_links":{"self":[{"href":"https:\/\/nimedixmedical.com\/fr\/wp-json\/wp\/v2\/product\/106220","targetHints":{"allow":["GET"]}}],"collection":[{"href":"https:\/\/nimedixmedical.com\/fr\/wp-json\/wp\/v2\/product"}],"about":[{"href":"https:\/\/nimedixmedical.com\/fr\/wp-json\/wp\/v2\/types\/product"}],"replies":[{"embeddable":true,"href":"https:\/\/nimedixmedical.com\/fr\/wp-json\/wp\/v2\/comments?post=106220"}],"wp:featuredmedia":[{"embeddable":true,"href":"https:\/\/nimedixmedical.com\/fr\/wp-json\/wp\/v2\/media\/106221"}],"wp:attachment":[{"href":"https:\/\/nimedixmedical.com\/fr\/wp-json\/wp\/v2\/media?parent=106220"}],"wp:term":[{"taxonomy":"product_brand","embeddable":true,"href":"https:\/\/nimedixmedical.com\/fr\/wp-json\/wp\/v2\/product_brand?post=106220"},{"taxonomy":"product_cat","embeddable":true,"href":"https:\/\/nimedixmedical.com\/fr\/wp-json\/wp\/v2\/product_cat?post=106220"},{"taxonomy":"product_tag","embeddable":true,"href":"https:\/\/nimedixmedical.com\/fr\/wp-json\/wp\/v2\/product_tag?post=106220"}],"curies":[{"name":"wp","href":"https:\/\/api.w.org\/{rel}","templated":true}]}}