{"id":105868,"date":"2025-11-30T20:14:10","date_gmt":"2025-11-30T19:14:10","guid":{"rendered":"https:\/\/nimedixmedical.com\/notre-catalogue\/lampe-a-led-saturno-chariot\/"},"modified":"2026-01-12T15:09:37","modified_gmt":"2026-01-12T14:09:37","slug":"lampe-a-led-saturno-chariot","status":"publish","type":"product","link":"https:\/\/nimedixmedical.com\/fr\/notre-catalogue\/lampe-a-led-saturno-chariot\/","title":{"rendered":"Lampe \u00c0 LED Saturno &#8211; Chariot"},"content":{"rendered":"<p>La lampe \u00e0 LED Saturno est con\u00e7ue pour r\u00e9pondre aux exigences de l&#8217;\u00e9clairage m\u00e9dical dans les environnements de petite chirurgie et d&#8217;examens. Avec sa technologie innovante, elle offre une visibilit\u00e9 optimale sans ombres, garantissant ainsi des conditions de travail id\u00e9ales pour les professionnels de sant\u00e9.<\/p>\n<h2>Caract\u00e9ristiques<\/h2>\n<ul>\n<li>Faisceaux lumineux g\u00e9n\u00e9r\u00e9s par 9 LED de 2,5 W chacune.<\/li>\n<li>Intensit\u00e9 lumineuse de 50 000 lux \u00e0 1 m avec un champ lumineux de 28 cm.<\/li>\n<li>Choix entre 2 temp\u00e9ratures de couleur : 4000\u00b0K et 4500\u00b0K.<\/li>\n<li>R\u00e9glage de l&#8217;intensit\u00e9 lumineuse en 6 niveaux via une cl\u00e9 sur la membrane frontale.<\/li>\n<li>Dur\u00e9e de vie des LED : 60 000 heures avec un IRC de 95.<\/li>\n<li>Conception sans mise au point n\u00e9cessaire gr\u00e2ce \u00e0 un concept optique avanc\u00e9.<\/li>\n<li>Poids des mod\u00e8les : entre 11 et 20 kg selon la version.<\/li>\n<li>Conformes aux normes IEC 60601-1 et IEC 60601-2-41, et \u00e0 la r\u00e9glementation UE 2017\/745.<\/li>\n<\/ul>\n<h2>Livraison<\/h2>\n<ul>\n<li><strong>France :<\/strong> Livraison directe.<\/li>\n<li><strong>Export (Europe et Afrique) :<\/strong> Sur devis.<\/li>\n<\/ul>\n","protected":false},"excerpt":{"rendered":"<ul>\n<li>Usage : Id\u00e9ale pour la petite chirurgie, la gyn\u00e9cologie et les examens m\u00e9dicaux.<\/li>\n<li>B\u00e9n\u00e9fice : \u00c9clairage sans ombres avec une intensit\u00e9 lumineuse de 50 000 lux pour une visibilit\u00e9 optimale.<\/li>\n<li>R\u00e9glable : Temp\u00e9rature de couleur ajustable (4000\u00b0K et 4500\u00b0K) et 6 niveaux d&#8217;intensit\u00e9 lumineuse.<\/li>\n<li>Durabilit\u00e9 : LED de haute qualit\u00e9 avec une dur\u00e9e de vie de 60 000 heures.<\/li>\n<\/ul>\n","protected":false},"featured_media":105869,"comment_status":"open","ping_status":"open","template":"","meta":{"inline_featured_image":false},"product_brand":[],"product_cat":[998,1000],"product_tag":[],"class_list":{"0":"post-105868","1":"product","2":"type-product","3":"status-publish","4":"has-post-thumbnail","6":"product_cat-eclairage-medical","7":"product_cat-lampes-pour-salle-doperation-del","9":"first","10":"instock","11":"sale","12":"taxable","13":"shipping-taxable","14":"purchasable","15":"product-type-simple"},"_links":{"self":[{"href":"https:\/\/nimedixmedical.com\/fr\/wp-json\/wp\/v2\/product\/105868","targetHints":{"allow":["GET"]}}],"collection":[{"href":"https:\/\/nimedixmedical.com\/fr\/wp-json\/wp\/v2\/product"}],"about":[{"href":"https:\/\/nimedixmedical.com\/fr\/wp-json\/wp\/v2\/types\/product"}],"replies":[{"embeddable":true,"href":"https:\/\/nimedixmedical.com\/fr\/wp-json\/wp\/v2\/comments?post=105868"}],"wp:featuredmedia":[{"embeddable":true,"href":"https:\/\/nimedixmedical.com\/fr\/wp-json\/wp\/v2\/media\/105869"}],"wp:attachment":[{"href":"https:\/\/nimedixmedical.com\/fr\/wp-json\/wp\/v2\/media?parent=105868"}],"wp:term":[{"taxonomy":"product_brand","embeddable":true,"href":"https:\/\/nimedixmedical.com\/fr\/wp-json\/wp\/v2\/product_brand?post=105868"},{"taxonomy":"product_cat","embeddable":true,"href":"https:\/\/nimedixmedical.com\/fr\/wp-json\/wp\/v2\/product_cat?post=105868"},{"taxonomy":"product_tag","embeddable":true,"href":"https:\/\/nimedixmedical.com\/fr\/wp-json\/wp\/v2\/product_tag?post=105868"}],"curies":[{"name":"wp","href":"https:\/\/api.w.org\/{rel}","templated":true}]}}