{"id":105702,"date":"2025-11-30T20:11:41","date_gmt":"2025-11-30T19:11:41","guid":{"rendered":"https:\/\/nimedixmedical.com\/notre-catalogue\/ampoule-welch-allyn-03100-u\/"},"modified":"2026-01-12T15:08:46","modified_gmt":"2026-01-12T14:08:46","slug":"ampoule-welch-allyn-03100-u","status":"publish","type":"product","link":"https:\/\/nimedixmedical.com\/fr\/notre-catalogue\/ampoule-welch-allyn-03100-u\/","title":{"rendered":"Ampoule Welch Allyn 03100-u"},"content":{"rendered":"<p>Les ampoules Welch Allyn sont essentielles pour garantir une visibilit\u00e9 optimale lors des examens ORL. Con\u00e7ues pour s&#8217;int\u00e9grer parfaitement aux dispositifs Welch Allyn, elles assurent une performance constante pour les professionnels de la sant\u00e9.<\/p>\n<h2>Caract\u00e9ristiques<\/h2>\n<ul>\n<li>R\u00e9f\u00e9rence : 03100-U<\/li>\n<li>Compatible avec : Otoscopes mod\u00e8les 25020, 21700, 20200<\/li>\n<li>Utilisation avec : Poign\u00e9e 73500, holder 28100, Illuminators 27000, 27050, 26530, 41100, 43300<\/li>\n<li>Compatible avec anciens mod\u00e8les : 25000, 25200, 20000<\/li>\n<\/ul>\n<h2>Livraison<\/h2>\n<ul>\n<li><strong>France :<\/strong> Livraison directe.<\/li>\n<li><strong>Export (Europe et Afrique) :<\/strong> Sur devis.<\/li>\n<\/ul>\n","protected":false},"excerpt":{"rendered":"<ul>\n<li>Usage : Ampoule de remplacement pour otoscopes et autres dispositifs Welch Allyn.<\/li>\n<li>B\u00e9n\u00e9fice : Assure une illumination optimale pour des examens ORL pr\u00e9cis.<\/li>\n<li>Compatibilit\u00e9 : S&#8217;adapte \u00e0 plusieurs mod\u00e8les d&#8217;otoscopes et illuminators Welch Allyn.<\/li>\n<li>Qualit\u00e9 : Produit d&#8217;origine garantissant fiabilit\u00e9 et performance.<\/li>\n<\/ul>\n","protected":false},"featured_media":105703,"comment_status":"open","ping_status":"open","template":"","meta":{"inline_featured_image":false},"product_brand":[],"product_cat":[989,993,951],"product_tag":[],"class_list":{"0":"post-105702","1":"product","2":"type-product","3":"status-publish","4":"has-post-thumbnail","6":"product_cat-accessoires-pour-oto-ophtalmoscopes","7":"product_cat-ampoules-welchallyn-dorigine","8":"product_cat-produits-orl","10":"first","11":"instock","12":"sale","13":"taxable","14":"shipping-taxable","15":"purchasable","16":"product-type-simple"},"_links":{"self":[{"href":"https:\/\/nimedixmedical.com\/fr\/wp-json\/wp\/v2\/product\/105702","targetHints":{"allow":["GET"]}}],"collection":[{"href":"https:\/\/nimedixmedical.com\/fr\/wp-json\/wp\/v2\/product"}],"about":[{"href":"https:\/\/nimedixmedical.com\/fr\/wp-json\/wp\/v2\/types\/product"}],"replies":[{"embeddable":true,"href":"https:\/\/nimedixmedical.com\/fr\/wp-json\/wp\/v2\/comments?post=105702"}],"wp:featuredmedia":[{"embeddable":true,"href":"https:\/\/nimedixmedical.com\/fr\/wp-json\/wp\/v2\/media\/105703"}],"wp:attachment":[{"href":"https:\/\/nimedixmedical.com\/fr\/wp-json\/wp\/v2\/media?parent=105702"}],"wp:term":[{"taxonomy":"product_brand","embeddable":true,"href":"https:\/\/nimedixmedical.com\/fr\/wp-json\/wp\/v2\/product_brand?post=105702"},{"taxonomy":"product_cat","embeddable":true,"href":"https:\/\/nimedixmedical.com\/fr\/wp-json\/wp\/v2\/product_cat?post=105702"},{"taxonomy":"product_tag","embeddable":true,"href":"https:\/\/nimedixmedical.com\/fr\/wp-json\/wp\/v2\/product_tag?post=105702"}],"curies":[{"name":"wp","href":"https:\/\/api.w.org\/{rel}","templated":true}]}}