{"id":105615,"date":"2025-11-30T20:11:09","date_gmt":"2025-11-30T19:11:09","guid":{"rendered":"https:\/\/nimedixmedical.com\/notre-catalogue\/speculum-auric-diam-25-mm-pour-welchallyn-jetable-noir\/"},"modified":"2026-01-12T15:08:18","modified_gmt":"2026-01-12T14:08:18","slug":"speculum-auric-diam-25-mm-pour-welchallyn-jetable-noir","status":"publish","type":"product","link":"https:\/\/nimedixmedical.com\/fr\/notre-catalogue\/speculum-auric-diam-25-mm-pour-welchallyn-jetable-noir\/","title":{"rendered":"Sp\u00e9culum Auric. Diam. 2,5 mm pour Welchallyn &#8211; Jetable &#8211; Noir"},"content":{"rendered":"<p>Le sp\u00e9culum auriculaire jetable \u00d8 2,5 mm est con\u00e7u pour un usage m\u00e9dical professionnel. Il est destin\u00e9 \u00e0 faciliter l&#8217;examen des oreilles tout en garantissant une hygi\u00e8ne optimale gr\u00e2ce \u00e0 son caract\u00e8re jetable. Compatible avec des dispositifs de la marque Welch Allyn, il est un outil indispensable pour les professionnels de la sant\u00e9.<\/p>\n<h2>Caract\u00e9ristiques<\/h2>\n<ul>\n<li>Type : Sp\u00e9culum auriculaire jetable<\/li>\n<li>Diam\u00e8tre : 2,5 mm<\/li>\n<li>Couleur : Noir<\/li>\n<li>Compatibilit\u00e9 : Welch Allyn Pocket-pro et Pocket scope S\u00e9ries 200, 250<\/li>\n<li>Emballage : Bo\u00eete multilingue (GB, FR, IT, ES, PT, DE, GR, DK, Arabe)<\/li>\n<\/ul>\n<h2>Livraison<\/h2>\n<ul>\n<li><strong>France :<\/strong> Livraison directe.<\/li>\n<li><strong>Export (Europe et Afrique) :<\/strong> Sur devis.<\/li>\n<\/ul>\n","protected":false},"excerpt":{"rendered":"<ul>\n<li>Sp\u00e9culum auriculaire jetable, pratique et hygi\u00e9nique.<\/li>\n<li>Compatible avec les otoscopes Welch Allyn Pocket-pro et Pocket scope S\u00e9ries 200, 250.<\/li>\n<li>Facilite l&#8217;examen de l&#8217;oreille tout en garantissant un confort optimal.<\/li>\n<li>Bo\u00eete multilingue, id\u00e9ale pour une utilisation internationale.<\/li>\n<\/ul>\n","protected":false},"featured_media":105614,"comment_status":"open","ping_status":"open","template":"","meta":{"inline_featured_image":false},"product_brand":[],"product_cat":[989,951,991],"product_tag":[],"class_list":{"0":"post-105615","1":"product","2":"type-product","3":"status-publish","4":"has-post-thumbnail","6":"product_cat-accessoires-pour-oto-ophtalmoscopes","7":"product_cat-produits-orl","8":"product_cat-speculums-jetables-standard","10":"first","11":"instock","12":"sale","13":"taxable","14":"shipping-taxable","15":"purchasable","16":"product-type-simple"},"_links":{"self":[{"href":"https:\/\/nimedixmedical.com\/fr\/wp-json\/wp\/v2\/product\/105615","targetHints":{"allow":["GET"]}}],"collection":[{"href":"https:\/\/nimedixmedical.com\/fr\/wp-json\/wp\/v2\/product"}],"about":[{"href":"https:\/\/nimedixmedical.com\/fr\/wp-json\/wp\/v2\/types\/product"}],"replies":[{"embeddable":true,"href":"https:\/\/nimedixmedical.com\/fr\/wp-json\/wp\/v2\/comments?post=105615"}],"wp:featuredmedia":[{"embeddable":true,"href":"https:\/\/nimedixmedical.com\/fr\/wp-json\/wp\/v2\/media\/105614"}],"wp:attachment":[{"href":"https:\/\/nimedixmedical.com\/fr\/wp-json\/wp\/v2\/media?parent=105615"}],"wp:term":[{"taxonomy":"product_brand","embeddable":true,"href":"https:\/\/nimedixmedical.com\/fr\/wp-json\/wp\/v2\/product_brand?post=105615"},{"taxonomy":"product_cat","embeddable":true,"href":"https:\/\/nimedixmedical.com\/fr\/wp-json\/wp\/v2\/product_cat?post=105615"},{"taxonomy":"product_tag","embeddable":true,"href":"https:\/\/nimedixmedical.com\/fr\/wp-json\/wp\/v2\/product_tag?post=105615"}],"curies":[{"name":"wp","href":"https:\/\/api.w.org\/{rel}","templated":true}]}}