{"id":105579,"date":"2025-11-30T20:10:40","date_gmt":"2025-11-30T19:10:40","guid":{"rendered":"https:\/\/nimedixmedical.com\/notre-catalogue\/piles-alcalines-varta-torch-d\/"},"modified":"2026-01-12T15:08:04","modified_gmt":"2026-01-12T14:08:04","slug":"piles-alcalines-varta-torch-d","status":"publish","type":"product","link":"https:\/\/nimedixmedical.com\/fr\/notre-catalogue\/piles-alcalines-varta-torch-d\/","title":{"rendered":"Piles Alcalines Varta &#8211; Torch &#8220;d&#8221;"},"content":{"rendered":"<p>Les piles alcalines Varta D sont sp\u00e9cialement con\u00e7ues pour alimenter vos appareils m\u00e9dicaux et dispositifs d&#8217;\u00e9clairage. Gr\u00e2ce \u00e0 leur longue dur\u00e9e de vie, elles garantissent un fonctionnement optimal dans des situations critiques, assurant ainsi votre s\u00e9curit\u00e9 et celle de vos patients.<\/p>\n<h2>Caract\u00e9ristiques<\/h2>\n<ul>\n<li>Type : D (torch)<\/li>\n<li>Pochette de 2 unit\u00e9s<\/li>\n<li>Technologie alcaline pour une performance durable<\/li>\n<li>Adapt\u00e9es \u00e0 divers appareils n\u00e9cessitant une puissance stable<\/li>\n<\/ul>\n<h2>Livraison<\/h2>\n<ul>\n<li><strong>France :<\/strong> Livraison directe.<\/li>\n<li><strong>Export (Europe et Afrique) :<\/strong> Sur devis.<\/li>\n<\/ul>\n","protected":false},"excerpt":{"rendered":"<ul>\n<li>Type : Pile alcaline D pour \u00e9clairage de torches.<\/li>\n<li>Longue dur\u00e9e d&#8217;utilisation pour une performance fiable.<\/li>\n<li>Id\u00e9ale pour des appareils n\u00e9cessitant une alimentation efficace.<\/li>\n<li>Pochette de 2 unit\u00e9s pour une commodit\u00e9 d&#8217;achat.<\/li>\n<\/ul>\n","protected":false},"featured_media":105580,"comment_status":"open","ping_status":"open","template":"","meta":{"inline_featured_image":false},"product_brand":[],"product_cat":[987,985,951],"product_tag":[],"class_list":{"0":"post-105579","1":"product","2":"type-product","3":"status-publish","4":"has-post-thumbnail","6":"product_cat-batteries-standard","7":"product_cat-batteries-varta-rayovac","8":"product_cat-produits-orl","10":"first","11":"instock","12":"sale","13":"taxable","14":"shipping-taxable","15":"purchasable","16":"product-type-simple"},"_links":{"self":[{"href":"https:\/\/nimedixmedical.com\/fr\/wp-json\/wp\/v2\/product\/105579","targetHints":{"allow":["GET"]}}],"collection":[{"href":"https:\/\/nimedixmedical.com\/fr\/wp-json\/wp\/v2\/product"}],"about":[{"href":"https:\/\/nimedixmedical.com\/fr\/wp-json\/wp\/v2\/types\/product"}],"replies":[{"embeddable":true,"href":"https:\/\/nimedixmedical.com\/fr\/wp-json\/wp\/v2\/comments?post=105579"}],"wp:featuredmedia":[{"embeddable":true,"href":"https:\/\/nimedixmedical.com\/fr\/wp-json\/wp\/v2\/media\/105580"}],"wp:attachment":[{"href":"https:\/\/nimedixmedical.com\/fr\/wp-json\/wp\/v2\/media?parent=105579"}],"wp:term":[{"taxonomy":"product_brand","embeddable":true,"href":"https:\/\/nimedixmedical.com\/fr\/wp-json\/wp\/v2\/product_brand?post=105579"},{"taxonomy":"product_cat","embeddable":true,"href":"https:\/\/nimedixmedical.com\/fr\/wp-json\/wp\/v2\/product_cat?post=105579"},{"taxonomy":"product_tag","embeddable":true,"href":"https:\/\/nimedixmedical.com\/fr\/wp-json\/wp\/v2\/product_tag?post=105579"}],"curies":[{"name":"wp","href":"https:\/\/api.w.org\/{rel}","templated":true}]}}