{"id":105540,"date":"2025-11-30T20:09:37","date_gmt":"2025-11-30T19:09:37","guid":{"rendered":"https:\/\/nimedixmedical.com\/notre-catalogue\/kit-o-r-l-sterile-b\/"},"modified":"2026-01-12T15:07:52","modified_gmt":"2026-01-12T14:07:52","slug":"kit-o-r-l-sterile-b","status":"publish","type":"product","link":"https:\/\/nimedixmedical.com\/fr\/notre-catalogue\/kit-o-r-l-sterile-b\/","title":{"rendered":"Kit O.R.L. St\u00e9rile B"},"content":{"rendered":"<p>Le Kit O.R.L. St\u00e9rile B est con\u00e7u pour faciliter les examens ORL dans un cadre m\u00e9dical. Inclus dans ce kit, divers instruments adapt\u00e9s aux besoins des praticiens, garantissant s\u00e9curit\u00e9 et efficacit\u00e9 lors des consultations.<\/p>\n<h2>Caract\u00e9ristiques<\/h2>\n<ul>\n<li>Contenu : 1 sp\u00e9culum nasal, 1 abaisse-langue, 2 embouts auriculaires (adulte et p\u00e9diatrique), 2 miroirs laryng\u00e9s, 1 pince, 6 tampons, 1 serviette.<\/li>\n<li>Mat\u00e9riau : Tous les instruments sont en plastique pour une st\u00e9rilit\u00e9 optimale.<\/li>\n<li>Dimensions du plateau : 22 x 12,5 x 3 cm, facilitant le transport et le rangement.<\/li>\n<li>Conditionnement : Bo\u00eete de 10 kits, pr\u00eate \u00e0 l&#8217;emploi pour les professionnels de sant\u00e9.<\/li>\n<\/ul>\n<h2>Livraison<\/h2>\n<ul>\n<li><strong>France :<\/strong> Livraison directe.<\/li>\n<li><strong>Export (Europe et Afrique) :<\/strong> Sur devis.<\/li>\n<\/ul>\n","protected":false},"excerpt":{"rendered":"<ul>\n<li>Kit complet pour examens ORL incluant des outils pour toutes les tranches d&#8217;\u00e2ge.<\/li>\n<li>Produits st\u00e9riles garantissant une utilisation s\u00e9curis\u00e9e et hygi\u00e9nique.<\/li>\n<li>Facilit\u00e9 de transport et de stockage gr\u00e2ce \u00e0 son conditionnement en plateau plastique.<\/li>\n<li>Id\u00e9al pour les professionnels de la sant\u00e9 en milieu clinique ou hospitalier.<\/li>\n<\/ul>\n","protected":false},"featured_media":105541,"comment_status":"open","ping_status":"open","template":"","meta":{"inline_featured_image":false},"product_brand":[],"product_cat":[984,951],"product_tag":[],"class_list":{"0":"post-105540","1":"product","2":"type-product","3":"status-publish","4":"has-post-thumbnail","6":"product_cat-curettes-auriculaires-bionix-et-gima","7":"product_cat-produits-orl","9":"first","10":"instock","11":"sale","12":"taxable","13":"shipping-taxable","14":"purchasable","15":"product-type-simple"},"_links":{"self":[{"href":"https:\/\/nimedixmedical.com\/fr\/wp-json\/wp\/v2\/product\/105540","targetHints":{"allow":["GET"]}}],"collection":[{"href":"https:\/\/nimedixmedical.com\/fr\/wp-json\/wp\/v2\/product"}],"about":[{"href":"https:\/\/nimedixmedical.com\/fr\/wp-json\/wp\/v2\/types\/product"}],"replies":[{"embeddable":true,"href":"https:\/\/nimedixmedical.com\/fr\/wp-json\/wp\/v2\/comments?post=105540"}],"wp:featuredmedia":[{"embeddable":true,"href":"https:\/\/nimedixmedical.com\/fr\/wp-json\/wp\/v2\/media\/105541"}],"wp:attachment":[{"href":"https:\/\/nimedixmedical.com\/fr\/wp-json\/wp\/v2\/media?parent=105540"}],"wp:term":[{"taxonomy":"product_brand","embeddable":true,"href":"https:\/\/nimedixmedical.com\/fr\/wp-json\/wp\/v2\/product_brand?post=105540"},{"taxonomy":"product_cat","embeddable":true,"href":"https:\/\/nimedixmedical.com\/fr\/wp-json\/wp\/v2\/product_cat?post=105540"},{"taxonomy":"product_tag","embeddable":true,"href":"https:\/\/nimedixmedical.com\/fr\/wp-json\/wp\/v2\/product_tag?post=105540"}],"curies":[{"name":"wp","href":"https:\/\/api.w.org\/{rel}","templated":true}]}}