{"id":105406,"date":"2025-11-30T20:08:32","date_gmt":"2025-11-30T19:08:32","guid":{"rendered":"https:\/\/nimedixmedical.com\/notre-catalogue\/tete-de-dermatoscope-a-led-heine-delta-20-t-avec-embout-de-contact-et-graduation\/"},"modified":"2026-01-12T15:07:30","modified_gmt":"2026-01-12T14:07:30","slug":"tete-de-dermatoscope-a-led-heine-delta-20-t-avec-embout-de-contact-et-graduation","status":"publish","type":"product","link":"https:\/\/nimedixmedical.com\/fr\/notre-catalogue\/tete-de-dermatoscope-a-led-heine-delta-20-t-avec-embout-de-contact-et-graduation\/","title":{"rendered":"Tete de Dermatoscope \u00c0 LED Heine Delta 20 T avec Embout de Contact et Graduation"},"content":{"rendered":"<p>Le dermatoscope Heine Delta 20 T est un outil essentiel pour les professionnels de la sant\u00e9, permettant d&#8217;examiner la peau et d&#8217;analyser les l\u00e9sions cutan\u00e9es gr\u00e2ce \u00e0 un \u00e9clairage LED performant. Son embout de contact gradu\u00e9 offre une pr\u00e9cision in\u00e9gal\u00e9e pour un diagnostic optimal.<\/p>\n<h2>Caract\u00e9ristiques<\/h2>\n<ul>\n<li>Mod\u00e8le : T\u00eate de dermatoscope Heine Delta 20 T LED.<\/li>\n<li>Embout de contact avec \u00e9chelle gradu\u00e9e (K-008.34.221).<\/li>\n<li>Compatible avec toutes les poign\u00e9es Heine Beta.<\/li>\n<li>Fournie avec un compendium pour un usage optimal.<\/li>\n<\/ul>\n<h2>Livraison<\/h2>\n<ul>\n<li><strong>France :<\/strong> Livraison directe.<\/li>\n<li><strong>Export (Europe et Afrique) :<\/strong> Sur devis.<\/li>\n<\/ul>\n","protected":false},"excerpt":{"rendered":"<ul>\n<li>Usage : Permet un examen dermatologique pr\u00e9cis gr\u00e2ce \u00e0 son \u00e9clairage LED de haute qualit\u00e9.<\/li>\n<li>B\u00e9n\u00e9fice : Embout de contact avec graduation pour une \u00e9valuation d\u00e9taill\u00e9e des l\u00e9sions cutan\u00e9es.<\/li>\n<li>Compatibilit\u00e9 : S&#8217;adapte \u00e0 toutes les poign\u00e9es Heine Beta pour une flexibilit\u00e9 d&#8217;utilisation.<\/li>\n<li>Inclus : Fournie avec un compendium pour faciliter les diagnostics.<\/li>\n<\/ul>\n","protected":false},"featured_media":105407,"comment_status":"open","ping_status":"open","template":"","meta":{"inline_featured_image":false},"product_brand":[],"product_cat":[980,983,951],"product_tag":[],"class_list":{"0":"post-105406","1":"product","2":"type-product","3":"status-publish","4":"has-post-thumbnail","6":"product_cat-dermatologie","7":"product_cat-dermatoscopes-et-accessoires","8":"product_cat-produits-orl","10":"first","11":"instock","12":"sale","13":"taxable","14":"shipping-taxable","15":"purchasable","16":"product-type-simple"},"_links":{"self":[{"href":"https:\/\/nimedixmedical.com\/fr\/wp-json\/wp\/v2\/product\/105406","targetHints":{"allow":["GET"]}}],"collection":[{"href":"https:\/\/nimedixmedical.com\/fr\/wp-json\/wp\/v2\/product"}],"about":[{"href":"https:\/\/nimedixmedical.com\/fr\/wp-json\/wp\/v2\/types\/product"}],"replies":[{"embeddable":true,"href":"https:\/\/nimedixmedical.com\/fr\/wp-json\/wp\/v2\/comments?post=105406"}],"wp:featuredmedia":[{"embeddable":true,"href":"https:\/\/nimedixmedical.com\/fr\/wp-json\/wp\/v2\/media\/105407"}],"wp:attachment":[{"href":"https:\/\/nimedixmedical.com\/fr\/wp-json\/wp\/v2\/media?parent=105406"}],"wp:term":[{"taxonomy":"product_brand","embeddable":true,"href":"https:\/\/nimedixmedical.com\/fr\/wp-json\/wp\/v2\/product_brand?post=105406"},{"taxonomy":"product_cat","embeddable":true,"href":"https:\/\/nimedixmedical.com\/fr\/wp-json\/wp\/v2\/product_cat?post=105406"},{"taxonomy":"product_tag","embeddable":true,"href":"https:\/\/nimedixmedical.com\/fr\/wp-json\/wp\/v2\/product_tag?post=105406"}],"curies":[{"name":"wp","href":"https:\/\/api.w.org\/{rel}","templated":true}]}}