{"id":105404,"date":"2025-11-30T20:08:32","date_gmt":"2025-11-30T19:08:32","guid":{"rendered":"https:\/\/nimedixmedical.com\/notre-catalogue\/dermatoscope-35v-li-ion-heine-delta-20-t-beta4-nt-pour-immersionpolarisation-k-262-24-420\/"},"modified":"2026-02-06T16:53:48","modified_gmt":"2026-02-06T15:53:48","slug":"dermatoscope-35v-li-ion-heine-delta-20-t-beta4-nt-pour-immersionpolarisation-k-262-24-420","status":"publish","type":"product","link":"https:\/\/nimedixmedical.com\/fr\/notre-catalogue\/dermatoscope-35v-li-ion-heine-delta-20-t-beta4-nt-pour-immersionpolarisation-k-262-24-420\/","title":{"rendered":"Dermatoscope 3,5v Li-ion Heine Delta 20 T Beta4 Nt pour Immersion+polarisation K-262.24.420"},"content":{"rendered":"<p>Le dermatoscope HEINE DELTA 20 T BETA4 NT est un outil essentiel pour les professionnels de la sant\u00e9, offrant une pr\u00e9cision optique in\u00e9gal\u00e9e pour l&#8217;examen dermatologique. Avec son \u00e9clairage LED haute qualit\u00e9 et ses fonctionnalit\u00e9s avanc\u00e9es, il facilite le diagnostic et le suivi des affections cutan\u00e9es.<\/p>\n<h2>Caract\u00e9ristiques<\/h2>\n<ul>\n<li>Syst\u00e8me optique achromatique pour une clart\u00e9 et une r\u00e9solution \u00e9lev\u00e9es.<\/li>\n<li>Agrandissement de 10X \u00e0 16X pour observer les d\u00e9tails les plus fins.<\/li>\n<li>Eclairage LED HQ avec une temp\u00e9rature de couleur de 5 000 K et un CRI > 80.<\/li>\n<li>Modes d\u2019\u00e9clairage altern\u00e9s : polaris\u00e9 et non polaris\u00e9 pour une analyse d\u00e9taill\u00e9e.<\/li>\n<li>Adaptateur photo reflex Heine pour une documentation num\u00e9rique facile.<\/li>\n<li>Gestion thermique LED pour une performance durable jusqu\u2019\u00e0 50 000 heures.<\/li>\n<\/ul>\n<h2>Livraison<\/h2>\n<ul>\n<li><strong>France :<\/strong> Livraison directe.<\/li>\n<li><strong>Export (Europe et Afrique) :<\/strong> Sur devis.<\/li>\n<\/ul>\n","protected":false},"excerpt":{"rendered":"<ul>\n<li>Usage : Id\u00e9al pour les examens dermatologiques gr\u00e2ce \u00e0 son \u00e9clairage LED haute qualit\u00e9 et son syst\u00e8me optique avanc\u00e9.<\/li>\n<li>B\u00e9n\u00e9fice : Permet une observation pr\u00e9cise des d\u00e9tails cutan\u00e9s gr\u00e2ce \u00e0 un agrandissement de 10X \u00e0 16X.<\/li>\n<li>Polyvalence : Modes d\u2019\u00e9clairage polaris\u00e9 et non polaris\u00e9 pour une analyse approfondie des l\u00e9sions cutan\u00e9es.<\/li>\n<li>Documentation : Compatible avec les appareils photo num\u00e9riques pour une capture et un partage facile des images.<\/li>\n<\/ul>\n","protected":false},"featured_media":105405,"comment_status":"open","ping_status":"closed","template":"","meta":{"inline_featured_image":false},"product_brand":[],"product_cat":[980,983,951],"product_tag":[],"class_list":{"0":"post-105404","1":"product","2":"type-product","3":"status-publish","4":"has-post-thumbnail","6":"product_cat-dermatologie","7":"product_cat-dermatoscopes-et-accessoires","8":"product_cat-produits-orl","10":"first","11":"instock","12":"sale","13":"taxable","14":"shipping-taxable","15":"purchasable","16":"product-type-simple"},"_links":{"self":[{"href":"https:\/\/nimedixmedical.com\/fr\/wp-json\/wp\/v2\/product\/105404","targetHints":{"allow":["GET"]}}],"collection":[{"href":"https:\/\/nimedixmedical.com\/fr\/wp-json\/wp\/v2\/product"}],"about":[{"href":"https:\/\/nimedixmedical.com\/fr\/wp-json\/wp\/v2\/types\/product"}],"replies":[{"embeddable":true,"href":"https:\/\/nimedixmedical.com\/fr\/wp-json\/wp\/v2\/comments?post=105404"}],"wp:featuredmedia":[{"embeddable":true,"href":"https:\/\/nimedixmedical.com\/fr\/wp-json\/wp\/v2\/media\/105405"}],"wp:attachment":[{"href":"https:\/\/nimedixmedical.com\/fr\/wp-json\/wp\/v2\/media?parent=105404"}],"wp:term":[{"taxonomy":"product_brand","embeddable":true,"href":"https:\/\/nimedixmedical.com\/fr\/wp-json\/wp\/v2\/product_brand?post=105404"},{"taxonomy":"product_cat","embeddable":true,"href":"https:\/\/nimedixmedical.com\/fr\/wp-json\/wp\/v2\/product_cat?post=105404"},{"taxonomy":"product_tag","embeddable":true,"href":"https:\/\/nimedixmedical.com\/fr\/wp-json\/wp\/v2\/product_tag?post=105404"}],"curies":[{"name":"wp","href":"https:\/\/api.w.org\/{rel}","templated":true}]}}