{"id":105367,"date":"2025-11-30T20:07:47","date_gmt":"2025-11-30T19:07:47","guid":{"rendered":"https:\/\/nimedixmedical.com\/notre-catalogue\/crayons-cutanes-gima-couleurs-mixtes\/"},"modified":"2026-01-12T15:07:21","modified_gmt":"2026-01-12T14:07:21","slug":"crayons-cutanes-gima-couleurs-mixtes","status":"publish","type":"product","link":"https:\/\/nimedixmedical.com\/fr\/notre-catalogue\/crayons-cutanes-gima-couleurs-mixtes\/","title":{"rendered":"Crayons Cutan\u00e9s GIMA &#8211; Couleurs Mixtes"},"content":{"rendered":"<p>Les crayons cutan\u00e9s GIMA sont des outils essentiels pour les professionnels de sant\u00e9, permettant de marquer avec pr\u00e9cision les zones \u00e0 traiter sur la peau. Leur conception en bois de c\u00e8dre et leur mine en cire garantissent un usage confortable et efficace dans diverses sp\u00e9cialit\u00e9s m\u00e9dicales.<\/p>\n<h2>Caract\u00e9ristiques<\/h2>\n<ul>\n<li>Dimensions : 175 x \u00d8 7 mm.<\/li>\n<li>Couleurs incluses : rouge, bleu, blanc (2 pi\u00e8ces de chaque couleur).<\/li>\n<li>Vendus non taill\u00e9s dans une bo\u00eete de 6 unit\u00e9s avec un taille-crayon inclus.<\/li>\n<li>Instructions multilingues disponibles (GB, FR, IT, DE, ES, PT, GR, PL, SE, RO, HU, Arabe).<\/li>\n<\/ul>\n<h2>Livraison<\/h2>\n<ul>\n<li><strong>France :<\/strong> Livraison directe.<\/li>\n<li><strong>Export (Europe et Afrique) :<\/strong> Sur devis.<\/li>\n<\/ul>\n","protected":false},"excerpt":{"rendered":"<ul>\n<li>Crayons dermographiques sp\u00e9cialement con\u00e7us pour marquer la peau lors des proc\u00e9dures m\u00e9dicales.<\/li>\n<li>Fabriqu\u00e9s en bois de c\u00e8dre avec une mine en cire, offrant une utilisation pr\u00e9cise et confortable.<\/li>\n<li>Couleurs mixtes (rouge, bleu, blanc) pour une meilleure visibilit\u00e9 des zones \u00e0 traiter.<\/li>\n<li>Utilis\u00e9s dans divers domaines m\u00e9dicaux : chirurgie, dermatologie, orthop\u00e9die, radiologie.<\/li>\n<\/ul>\n","protected":false},"featured_media":105368,"comment_status":"open","ping_status":"open","template":"","meta":{"inline_featured_image":false},"product_brand":[],"product_cat":[980,982,951],"product_tag":[],"class_list":{"0":"post-105367","1":"product","2":"type-product","3":"status-publish","4":"has-post-thumbnail","6":"product_cat-dermatologie","7":"product_cat-feutre-cutane","8":"product_cat-produits-orl","10":"first","11":"instock","12":"sale","13":"taxable","14":"shipping-taxable","15":"purchasable","16":"product-type-simple"},"_links":{"self":[{"href":"https:\/\/nimedixmedical.com\/fr\/wp-json\/wp\/v2\/product\/105367","targetHints":{"allow":["GET"]}}],"collection":[{"href":"https:\/\/nimedixmedical.com\/fr\/wp-json\/wp\/v2\/product"}],"about":[{"href":"https:\/\/nimedixmedical.com\/fr\/wp-json\/wp\/v2\/types\/product"}],"replies":[{"embeddable":true,"href":"https:\/\/nimedixmedical.com\/fr\/wp-json\/wp\/v2\/comments?post=105367"}],"wp:featuredmedia":[{"embeddable":true,"href":"https:\/\/nimedixmedical.com\/fr\/wp-json\/wp\/v2\/media\/105368"}],"wp:attachment":[{"href":"https:\/\/nimedixmedical.com\/fr\/wp-json\/wp\/v2\/media?parent=105367"}],"wp:term":[{"taxonomy":"product_brand","embeddable":true,"href":"https:\/\/nimedixmedical.com\/fr\/wp-json\/wp\/v2\/product_brand?post=105367"},{"taxonomy":"product_cat","embeddable":true,"href":"https:\/\/nimedixmedical.com\/fr\/wp-json\/wp\/v2\/product_cat?post=105367"},{"taxonomy":"product_tag","embeddable":true,"href":"https:\/\/nimedixmedical.com\/fr\/wp-json\/wp\/v2\/product_tag?post=105367"}],"curies":[{"name":"wp","href":"https:\/\/api.w.org\/{rel}","templated":true}]}}