{"id":105173,"date":"2025-11-30T20:04:56","date_gmt":"2025-11-30T19:04:56","guid":{"rendered":"https:\/\/nimedixmedical.com\/notre-catalogue\/ophtalmoscope-a-led-f-o-sigma-25v\/"},"modified":"2026-01-12T15:06:25","modified_gmt":"2026-01-12T14:06:25","slug":"ophtalmoscope-a-led-f-o-sigma-25v","status":"publish","type":"product","link":"https:\/\/nimedixmedical.com\/fr\/notre-catalogue\/ophtalmoscope-a-led-f-o-sigma-25v\/","title":{"rendered":"Ophtalmoscope \u00c0 LED F.o. Sigma 2,5v"},"content":{"rendered":"<p>L&#8217;ophtalmoscope \u00e0 LED F.O. Sigma 2,5V est un instrument de diagnostic essentiel pour les professionnels de l&#8217;ORL et de l&#8217;ophtalmologie. Con\u00e7u pour une utilisation quotidienne, il offre une combinaison parfaite de l\u00e9g\u00e8ret\u00e9, de durabilit\u00e9 et de performance.<\/p>\n<h2>Caract\u00e9ristiques<\/h2>\n<ul>\n<li>Poign\u00e9e standard en plastique renforc\u00e9 pour une prise en main confortable.<\/li>\n<li>\u00c9clairage \u00e0 LED avec une dur\u00e9e de vie de 50 000 heures et une puissance lumineuse de 85 000 LUX.<\/li>\n<li>Temp\u00e9rature de couleur de 5 000\u00b0K et un IRC sup\u00e9rieur \u00e0 80 pour des couleurs r\u00e9elles.<\/li>\n<li>Illumination distale \u00e0 fibre optique pour minimiser la r\u00e9flexion.<\/li>\n<li>Fen\u00eatre d\u2019observation rotative avec lentille grossissante 3X.<\/li>\n<li>Possibilit\u00e9 d&#8217;insufflation pour le test pneumatique de la mobilit\u00e9 du tympan.<\/li>\n<\/ul>\n<h2>Livraison<\/h2>\n<ul>\n<li><strong>France :<\/strong> Livraison directe.<\/li>\n<li><strong>Export (Europe et Afrique) :<\/strong> Sur devis.<\/li>\n<\/ul>\n","protected":false},"excerpt":{"rendered":"<ul>\n<li>Outil professionnel pour examens ophtalmologiques et ORL.<\/li>\n<li>\u00c9clairage LED offrant une dur\u00e9e de vie sup\u00e9rieure et une meilleure visibilit\u00e9.<\/li>\n<li>Fen\u00eatre d\u2019observation rotative avec grossissement 3X pour des images pr\u00e9cises.<\/li>\n<li>Insufflation int\u00e9gr\u00e9e pour tester la mobilit\u00e9 du tympan.<\/li>\n<\/ul>\n","protected":false},"featured_media":105174,"comment_status":"open","ping_status":"open","template":"","meta":{"inline_featured_image":false},"product_brand":[],"product_cat":[968,973,951],"product_tag":[],"class_list":{"0":"post-105173","1":"product","2":"type-product","3":"status-publish","4":"has-post-thumbnail","6":"product_cat-ophtalmoscopes-et-retinoscopes","7":"product_cat-ophtalmoscopes-gima","8":"product_cat-produits-orl","10":"first","11":"instock","12":"sale","13":"taxable","14":"shipping-taxable","15":"purchasable","16":"product-type-simple"},"_links":{"self":[{"href":"https:\/\/nimedixmedical.com\/fr\/wp-json\/wp\/v2\/product\/105173","targetHints":{"allow":["GET"]}}],"collection":[{"href":"https:\/\/nimedixmedical.com\/fr\/wp-json\/wp\/v2\/product"}],"about":[{"href":"https:\/\/nimedixmedical.com\/fr\/wp-json\/wp\/v2\/types\/product"}],"replies":[{"embeddable":true,"href":"https:\/\/nimedixmedical.com\/fr\/wp-json\/wp\/v2\/comments?post=105173"}],"wp:featuredmedia":[{"embeddable":true,"href":"https:\/\/nimedixmedical.com\/fr\/wp-json\/wp\/v2\/media\/105174"}],"wp:attachment":[{"href":"https:\/\/nimedixmedical.com\/fr\/wp-json\/wp\/v2\/media?parent=105173"}],"wp:term":[{"taxonomy":"product_brand","embeddable":true,"href":"https:\/\/nimedixmedical.com\/fr\/wp-json\/wp\/v2\/product_brand?post=105173"},{"taxonomy":"product_cat","embeddable":true,"href":"https:\/\/nimedixmedical.com\/fr\/wp-json\/wp\/v2\/product_cat?post=105173"},{"taxonomy":"product_tag","embeddable":true,"href":"https:\/\/nimedixmedical.com\/fr\/wp-json\/wp\/v2\/product_tag?post=105173"}],"curies":[{"name":"wp","href":"https:\/\/api.w.org\/{rel}","templated":true}]}}