{"id":105152,"date":"2025-11-30T20:04:56","date_gmt":"2025-11-30T19:04:56","guid":{"rendered":"https:\/\/nimedixmedical.com\/notre-catalogue\/ophtalmoscope-heine-mini-3000-led-poignee-rechargeable-noir\/"},"modified":"2026-01-12T15:06:23","modified_gmt":"2026-01-12T14:06:23","slug":"ophtalmoscope-heine-mini-3000-led-poignee-rechargeable-noir","status":"publish","type":"product","link":"https:\/\/nimedixmedical.com\/fr\/notre-catalogue\/ophtalmoscope-heine-mini-3000-led-poignee-rechargeable-noir\/","title":{"rendered":"Ophtalmoscope Heine Mini 3000 LED &#8211; Poign\u00e9e Rechargeable &#8211; Noir"},"content":{"rendered":"<p>Le Mini 3000 LED de HEINE est un ophtalmoscope de poche moderne, con\u00e7u pour les professionnels de la sant\u00e9. Il offre une luminosit\u00e9 exceptionnelle et une excellente optique, facilitant ainsi le diagnostic des pathologies oculaires sans n\u00e9cessiter la dilatation des pupilles.<\/p>\n<h2>Caract\u00e9ristiques<\/h2>\n<ul>\n<li>Mod\u00e8le : Ophtalmoscope Mini 3000 LEDHQ, couleur noire (Code HEINE: D-008.71.200).<\/li>\n<li>Poign\u00e9e rechargeable n\u00e9cessitant le chargeur Heine Mini 3000 NT (31692).<\/li>\n<li>\u00c9clairage LEDHQ avec une lumi\u00e8re brillante concentr\u00e9e pour une meilleure visualisation.<\/li>\n<li>Optique hautement performante avec un rendu des couleurs exceptionnel.<\/li>\n<li>18 lentilles de -20 \u00e0 +20 D pour \u00e9viter les d\u00e9fauts de r\u00e9fraction.<\/li>\n<li>Etoile de fixation et filtre gris pour un confort optimal des patients sensibles \u00e0 la lumi\u00e8re.<\/li>\n<li>5 ouvertures diff\u00e9rentes pour divers types d&#8217;examens.<\/li>\n<li>Arr\u00eat automatique lorsqu&#8217;il est rang\u00e9 dans la poche pour \u00e9conomiser la batterie.<\/li>\n<li>Conception intuitive pour une utilisation \u00e0 une main et un entretien facilit\u00e9.<\/li>\n<\/ul>\n<h2>Livraison<\/h2>\n<ul>\n<li><strong>France :<\/strong> Livraison directe.<\/li>\n<li><strong>Export (Europe et Afrique) :<\/strong> Sur devis.<\/li>\n<\/ul>\n","protected":false},"excerpt":{"rendered":"<ul>\n<li>Usage : Id\u00e9al pour les examens ophtalmologiques en milieu clinique ou hospitalier.<\/li>\n<li>B\u00e9n\u00e9fice : Lumi\u00e8re LEDHQ pour un \u00e9clairage optimal et un rendu des couleurs authentique.<\/li>\n<li>Pratique : Poign\u00e9e rechargeable pour une utilisation sans interruption.<\/li>\n<li>Diagnostic fiable : 18 lentilles pour un large \u00e9ventail de corrections de r\u00e9fraction.<\/li>\n<\/ul>\n","protected":false},"featured_media":105153,"comment_status":"open","ping_status":"open","template":"","meta":{"inline_featured_image":false},"product_brand":[],"product_cat":[968,972,951],"product_tag":[],"class_list":{"0":"post-105152","1":"product","2":"type-product","3":"status-publish","4":"has-post-thumbnail","6":"product_cat-ophtalmoscopes-et-retinoscopes","7":"product_cat-ophtalmoscopes-heine","8":"product_cat-produits-orl","10":"first","11":"outofstock","12":"sale","13":"taxable","14":"shipping-taxable","15":"purchasable","16":"product-type-simple"},"_links":{"self":[{"href":"https:\/\/nimedixmedical.com\/fr\/wp-json\/wp\/v2\/product\/105152","targetHints":{"allow":["GET"]}}],"collection":[{"href":"https:\/\/nimedixmedical.com\/fr\/wp-json\/wp\/v2\/product"}],"about":[{"href":"https:\/\/nimedixmedical.com\/fr\/wp-json\/wp\/v2\/types\/product"}],"replies":[{"embeddable":true,"href":"https:\/\/nimedixmedical.com\/fr\/wp-json\/wp\/v2\/comments?post=105152"}],"wp:featuredmedia":[{"embeddable":true,"href":"https:\/\/nimedixmedical.com\/fr\/wp-json\/wp\/v2\/media\/105153"}],"wp:attachment":[{"href":"https:\/\/nimedixmedical.com\/fr\/wp-json\/wp\/v2\/media?parent=105152"}],"wp:term":[{"taxonomy":"product_brand","embeddable":true,"href":"https:\/\/nimedixmedical.com\/fr\/wp-json\/wp\/v2\/product_brand?post=105152"},{"taxonomy":"product_cat","embeddable":true,"href":"https:\/\/nimedixmedical.com\/fr\/wp-json\/wp\/v2\/product_cat?post=105152"},{"taxonomy":"product_tag","embeddable":true,"href":"https:\/\/nimedixmedical.com\/fr\/wp-json\/wp\/v2\/product_tag?post=105152"}],"curies":[{"name":"wp","href":"https:\/\/api.w.org\/{rel}","templated":true}]}}