{"id":105131,"date":"2025-11-30T20:04:56","date_gmt":"2025-11-30T19:04:56","guid":{"rendered":"https:\/\/nimedixmedical.com\/notre-catalogue\/trousse-heine-k-180-led-f-o-otoscope-ophthalmoscope\/"},"modified":"2026-01-12T15:06:21","modified_gmt":"2026-01-12T14:06:21","slug":"trousse-heine-k-180-led-f-o-otoscope-ophthalmoscope","status":"publish","type":"product","link":"https:\/\/nimedixmedical.com\/fr\/notre-catalogue\/trousse-heine-k-180-led-f-o-otoscope-ophthalmoscope\/","title":{"rendered":"Trousse Heine K 180 LED F.o. Otoscope + Ophthalmoscope"},"content":{"rendered":"<p>La trousse HEINE K 180 LED F.O. est con\u00e7ue pour les professionnels de la sant\u00e9 souhaitant effectuer des examens ORL et ophtalmologiques de mani\u00e8re efficace. Avec ses outils de haute pr\u00e9cision, ce kit garantit une \u00e9valuation minutieuse de la sant\u00e9 auditive et visuelle des patients.<\/p>\n<h2>Caract\u00e9ristiques<\/h2>\n<ul>\n<li>Comprend un otoscope et un ophtalmoscope de la marque HEINE, r\u00e9put\u00e9e pour sa qualit\u00e9.<\/li>\n<li>\u00c9clairage LED F.O. pour une meilleure visibilit\u00e9 lors des examens.<\/li>\n<li>Poign\u00e9e \u00e0 piles BETA 2,5 V pour un usage pratique et portable.<\/li>\n<li>Un jeu de sp\u00e9culums \u00e0 usage unique inclus pour une hygi\u00e8ne irr\u00e9prochable.<\/li>\n<li>\u00c9tui rigide pour un transport facile et en toute s\u00e9curit\u00e9.<\/li>\n<li>Fabriqu\u00e9 en Allemagne, gage de qualit\u00e9 et de durabilit\u00e9.<\/li>\n<\/ul>\n<h2>Livraison<\/h2>\n<ul>\n<li><strong>France :<\/strong> Livraison directe.<\/li>\n<li><strong>Export (Europe et Afrique) :<\/strong> Sur devis.<\/li>\n<\/ul>\n","protected":false},"excerpt":{"rendered":"<ul>\n<li>Usage : \u00c9valuation de la sant\u00e9 des oreilles et des yeux gr\u00e2ce \u00e0 un otoscope et un ophtalmoscope de haute qualit\u00e9.<\/li>\n<li>B\u00e9n\u00e9fice : Conception robuste avec un \u00e9tui rigide pour un transport s\u00e9curis\u00e9 et un usage prolong\u00e9.<\/li>\n<li>Pr\u00e9cision : \u00c9clairage LED F.O. garantissant une visibilit\u00e9 optimale lors des examens cliniques.<\/li>\n<li>Facilit\u00e9 : Comprend un jeu de sp\u00e9culums \u00e0 usage unique pour une hygi\u00e8ne optimale.<\/li>\n<\/ul>\n","protected":false},"featured_media":105132,"comment_status":"open","ping_status":"open","template":"","meta":{"inline_featured_image":false},"product_brand":[],"product_cat":[968,972,951],"product_tag":[],"class_list":{"0":"post-105131","1":"product","2":"type-product","3":"status-publish","4":"has-post-thumbnail","6":"product_cat-ophtalmoscopes-et-retinoscopes","7":"product_cat-ophtalmoscopes-heine","8":"product_cat-produits-orl","10":"first","11":"instock","12":"sale","13":"taxable","14":"shipping-taxable","15":"purchasable","16":"product-type-simple"},"_links":{"self":[{"href":"https:\/\/nimedixmedical.com\/fr\/wp-json\/wp\/v2\/product\/105131","targetHints":{"allow":["GET"]}}],"collection":[{"href":"https:\/\/nimedixmedical.com\/fr\/wp-json\/wp\/v2\/product"}],"about":[{"href":"https:\/\/nimedixmedical.com\/fr\/wp-json\/wp\/v2\/types\/product"}],"replies":[{"embeddable":true,"href":"https:\/\/nimedixmedical.com\/fr\/wp-json\/wp\/v2\/comments?post=105131"}],"wp:featuredmedia":[{"embeddable":true,"href":"https:\/\/nimedixmedical.com\/fr\/wp-json\/wp\/v2\/media\/105132"}],"wp:attachment":[{"href":"https:\/\/nimedixmedical.com\/fr\/wp-json\/wp\/v2\/media?parent=105131"}],"wp:term":[{"taxonomy":"product_brand","embeddable":true,"href":"https:\/\/nimedixmedical.com\/fr\/wp-json\/wp\/v2\/product_brand?post=105131"},{"taxonomy":"product_cat","embeddable":true,"href":"https:\/\/nimedixmedical.com\/fr\/wp-json\/wp\/v2\/product_cat?post=105131"},{"taxonomy":"product_tag","embeddable":true,"href":"https:\/\/nimedixmedical.com\/fr\/wp-json\/wp\/v2\/product_tag?post=105131"}],"curies":[{"name":"wp","href":"https:\/\/api.w.org\/{rel}","templated":true}]}}